{"id":9,"date":"2025-04-10T20:56:00","date_gmt":"2025-04-10T18:56:00","guid":{"rendered":"https:\/\/www.nelsonorgel.se\/?page_id=9"},"modified":"2025-10-27T11:19:17","modified_gmt":"2025-10-27T09:19:17","slug":"vara-instrument","status":"publish","type":"page","link":"https:\/\/www.nelsonorgel.se\/sv\/vara-instrument\/","title":{"rendered":"V\u00e5ra instrument"},"content":{"rendered":"","protected":false},"excerpt":{"rendered":"","protected":false},"author":1,"featured_media":0,"parent":0,"menu_order":2,"comment_status":"closed","ping_status":"closed","template":"","meta":{"_acf_changed":false},"class_list":["post-9","page","type-page","status-publish","hentry"],"acf":{"sections":[{"acf_fc_layout":"banner_8","title":"V\u00e5ra instrument","text":"Vi skapar unika orglar som f\u00f6renar traditionellt hantverk med modern teknik. V\u00e5ra instrument \u00e4r skr\u00e4ddarsydda f\u00f6r olika musikaliska behov, fr\u00e5n barock till romantik, och erbjuder b\u00e5de historisk autenticitet och samtida flexibilitet.","clear_top_padding":"yes","clear_bottom_padding":"no","enable_background_color":"no"},{"acf_fc_layout":"section_30","repeater_field":[{"big_image":"no","image":370,"image_align":"left","toc_title":"Varnhem","title":"Varnhem","text":"Den nya l\u00e4ktarorgeln i klosterkyrkan installeras 2025 och invigs 2026. Med h\u00e4ngande mekanik, fyra kilb\u00e4lgar och ett ut\u00f6kat tonomf\u00e5ng byggs orgeln f\u00f6r medveten och historisk n\u00e4rvaro.","buttons_on":"yes","url_text":"G\u00e5 till instrument","url":588},{"big_image":"no","image":374,"image_align":"left","toc_title":"T\u00f6reboda","title":"T\u00f6reboda","text":"En ut\u00f6kad nybyggnation inspirerad av Salomon Molanders orgel fr\u00e5n 1895. Med 28 register och klassisk mekanik i H\u00e4rngrens tradition f\u00f6renar orgeln historia med ny teknik och ett brett klangspektrum f\u00f6r romantisk och modern musik.","buttons_on":"yes","url_text":"G\u00e5 till instrument","url":581},{"big_image":"no","image":373,"image_align":"left","toc_title":"Salzburg","title":"Salzburg","text":"Ett stilrent och m\u00e5ngsidigt instrument med 25 st\u00e4mmor, samtida design och ett varmt, nyanserat ljud. Str\u00e5kar i b\u00e5da manualer, inspiration fr\u00e5n 1800-talets Hook-oboe och st\u00e4mning i Kellners temperering ger bred musikalisk flexibilitet.","buttons_on":"yes","url_text":"G\u00e5 till instrument","url":565},{"big_image":"no","image":372,"image_align":"left","toc_title":"Neukirchen","title":"Neukirchen","text":"En barockinspirerad orgel med klassiskt hantverk i varje detalj. H\u00e4ngande mekanik, snidade ornament och st\u00e4mning i modifierad medelton ger orgeln b\u00e5de visuell och musikalisk autenticitet.","buttons_on":"yes","url_text":"G\u00e5 till instrument","url":550},{"big_image":"no","image":371,"image_align":"left","toc_title":"Kirchdorf","title":"Kirchdorf","text":"Inspirerad av 1600-talets sydtyska orgeltradition och byggd f\u00f6r kraftfull f\u00f6rsamlingss\u00e5ng. Med barocka mensurer och Kellners temperering \u00e4r detta ett instrument med stark karakt\u00e4r och historisk f\u00f6rankring.","buttons_on":"yes","url_text":"G\u00e5 till instrument","url":531},{"big_image":"no","image":380,"image_align":"left","toc_title":"Sch\u00e4rding","title":"Sch\u00e4rding","text":"Byggd f\u00f6r gudstj\u00e4nst och barockmusik i klostermilj\u00f6, till\u00e4gnad stadens son Rupert Ignaz Mayr. Med 23 st\u00e4mmor, rikt dekorerat orgelhus och st\u00e4mning i medelton, f\u00f6renar instrumentet prakt och historisk klang.","buttons_on":"yes","url_text":"G\u00e5 till instrument","url":512},{"big_image":"no","image":379,"image_align":"left","toc_title":"Glumsl\u00f6v","title":"Glumsl\u00f6v","text":"En stilren orgel i mindre skala med lokal f\u00f6rankring och handgjorda detaljer. Med 20 st\u00e4mmor, en tr\u00e4fl\u00f6jt namngiven efter en lokal f\u00f6rfattare och ett luftsystem med repdrag, \u00e4r orgeln b\u00e5de praktisk och poetisk i sitt uttryck.","buttons_on":"yes","url_text":"G\u00e5 till instrument","url":494},{"big_image":"no","image":378,"image_align":"left","toc_title":"\u00d6sthammar","title":"\u00d6sthammar","text":"F\u00f6rsamlingens kororgel kombinerar slank form med kraftfull funktion. Med 18 st\u00e4mmor, inspiration fr\u00e5n 1700-talsorglar och en flexibel klangpalett passar den b\u00e5de k\u00f6rackompanjemang och solospel.","buttons_on":"yes","url_text":"G\u00e5 till instrument","url":481},{"big_image":"no","image":377,"image_align":"left","toc_title":"\u00d6vningsorglar","title":"\u00d6vningsorglar","text":"Vi bygger \u00f6vningsorglar f\u00f6r b\u00e5de pedagogiskt bruk och individuell \u00f6vning.","buttons_on":"yes","url_text":"G\u00e5 till instrument","url":477},{"big_image":"no","image":376,"image_align":"left","toc_title":"Do-orglar","title":"Do-orglar","text":"Orgelkids-orgeln, eller \"Do-orgeln\", \u00e4r en byggbar piporgel i miniformat som barn sj\u00e4lva monterar med hj\u00e4lp av en instrukt\u00f6r. N\u00e4r den \u00e4r f\u00e4rdigbyggd g\u00e5r det att spela p\u00e5 den precis som p\u00e5 en riktig orgel. Nelsons orgelbyggeri var f\u00f6rst i Sverige med att tillverka dessa pedagogiska orglar, som ger barn en praktisk inblick i hur ett piporgelverk fungerar.","buttons_on":"yes","url_text":"G\u00e5 till instrument","url":467}],"clear_top_padding":"yes","clear_bottom_padding":"yes","enable_background_color":"no"}]},"yoast_head":"<!-- This site is optimized with the Yoast SEO plugin v27.5 - https:\/\/yoast.com\/product\/yoast-seo-wordpress\/ -->\n<title>V\u00e5ra instrument | Karl Nelson Orgelbyggeri AB<\/title>\n<meta name=\"description\" content=\"Utforska v\u00e5ra unika orgelbyggen \u2013 fr\u00e5n barock till romantik. Hantverk, modern teknik och lokal f\u00f6rankring i varje instrument .\" \/>\n<meta name=\"robots\" content=\"index, follow, max-snippet:-1, max-image-preview:large, max-video-preview:-1\" \/>\n<link rel=\"canonical\" href=\"https:\/\/www.nelsonorgel.se\/sv\/vara-instrument\/\" \/>\n<meta property=\"og:locale\" content=\"sv_SE\" \/>\n<meta property=\"og:type\" content=\"article\" \/>\n<meta property=\"og:title\" content=\"V\u00e5ra instrument | Karl Nelson Orgelbyggeri AB\" \/>\n<meta property=\"og:description\" content=\"Utforska v\u00e5ra unika orgelbyggen \u2013 fr\u00e5n barock till romantik. Hantverk, modern teknik och lokal f\u00f6rankring i varje instrument .\" \/>\n<meta property=\"og:url\" content=\"https:\/\/www.nelsonorgel.se\/sv\/vara-instrument\/\" \/>\n<meta property=\"og:site_name\" content=\"Karl Nelson Orgelbyggeri AB\" \/>\n<meta property=\"article:modified_time\" content=\"2025-10-27T09:19:17+00:00\" \/>\n<meta name=\"twitter:card\" content=\"summary_large_image\" \/>\n<script type=\"application\/ld+json\" class=\"yoast-schema-graph\">{\"@context\":\"https:\\\/\\\/schema.org\",\"@graph\":[{\"@type\":\"WebPage\",\"@id\":\"https:\\\/\\\/www.nelsonorgel.se\\\/sv\\\/vara-instrument\\\/\",\"url\":\"https:\\\/\\\/www.nelsonorgel.se\\\/sv\\\/vara-instrument\\\/\",\"name\":\"V\u00e5ra instrument | Karl Nelson Orgelbyggeri AB\",\"isPartOf\":{\"@id\":\"https:\\\/\\\/www.nelsonorgel.se\\\/sv\\\/#website\"},\"datePublished\":\"2025-04-10T18:56:00+00:00\",\"dateModified\":\"2025-10-27T09:19:17+00:00\",\"description\":\"Utforska v\u00e5ra unika orgelbyggen \u2013 fr\u00e5n barock till romantik. Hantverk, modern teknik och lokal f\u00f6rankring i varje instrument .\",\"breadcrumb\":{\"@id\":\"https:\\\/\\\/www.nelsonorgel.se\\\/sv\\\/vara-instrument\\\/#breadcrumb\"},\"inLanguage\":\"sv-SE\",\"potentialAction\":[{\"@type\":\"ReadAction\",\"target\":[\"https:\\\/\\\/www.nelsonorgel.se\\\/sv\\\/vara-instrument\\\/\"]}]},{\"@type\":\"BreadcrumbList\",\"@id\":\"https:\\\/\\\/www.nelsonorgel.se\\\/sv\\\/vara-instrument\\\/#breadcrumb\",\"itemListElement\":[{\"@type\":\"ListItem\",\"position\":1,\"name\":\"Home\",\"item\":\"https:\\\/\\\/www.nelsonorgel.se\\\/sv\\\/\"},{\"@type\":\"ListItem\",\"position\":2,\"name\":\"V\u00e5ra instrument\"}]},{\"@type\":\"WebSite\",\"@id\":\"https:\\\/\\\/www.nelsonorgel.se\\\/sv\\\/#website\",\"url\":\"https:\\\/\\\/www.nelsonorgel.se\\\/sv\\\/\",\"name\":\"Karl Nelson Orgelbyggeri AB\",\"description\":\"\",\"potentialAction\":[{\"@type\":\"SearchAction\",\"target\":{\"@type\":\"EntryPoint\",\"urlTemplate\":\"https:\\\/\\\/www.nelsonorgel.se\\\/sv\\\/?s={search_term_string}\"},\"query-input\":{\"@type\":\"PropertyValueSpecification\",\"valueRequired\":true,\"valueName\":\"search_term_string\"}}],\"inLanguage\":\"sv-SE\"}]}<\/script>\n<!-- \/ Yoast SEO plugin. -->","yoast_head_json":{"title":"V\u00e5ra instrument | Karl Nelson Orgelbyggeri AB","description":"Utforska v\u00e5ra unika orgelbyggen \u2013 fr\u00e5n barock till romantik. Hantverk, modern teknik och lokal f\u00f6rankring i varje instrument .","robots":{"index":"index","follow":"follow","max-snippet":"max-snippet:-1","max-image-preview":"max-image-preview:large","max-video-preview":"max-video-preview:-1"},"canonical":"https:\/\/www.nelsonorgel.se\/sv\/vara-instrument\/","og_locale":"sv_SE","og_type":"article","og_title":"V\u00e5ra instrument | Karl Nelson Orgelbyggeri AB","og_description":"Utforska v\u00e5ra unika orgelbyggen \u2013 fr\u00e5n barock till romantik. Hantverk, modern teknik och lokal f\u00f6rankring i varje instrument .","og_url":"https:\/\/www.nelsonorgel.se\/sv\/vara-instrument\/","og_site_name":"Karl Nelson Orgelbyggeri AB","article_modified_time":"2025-10-27T09:19:17+00:00","twitter_card":"summary_large_image","schema":{"@context":"https:\/\/schema.org","@graph":[{"@type":"WebPage","@id":"https:\/\/www.nelsonorgel.se\/sv\/vara-instrument\/","url":"https:\/\/www.nelsonorgel.se\/sv\/vara-instrument\/","name":"V\u00e5ra instrument | Karl Nelson Orgelbyggeri AB","isPartOf":{"@id":"https:\/\/www.nelsonorgel.se\/sv\/#website"},"datePublished":"2025-04-10T18:56:00+00:00","dateModified":"2025-10-27T09:19:17+00:00","description":"Utforska v\u00e5ra unika orgelbyggen \u2013 fr\u00e5n barock till romantik. Hantverk, modern teknik och lokal f\u00f6rankring i varje instrument .","breadcrumb":{"@id":"https:\/\/www.nelsonorgel.se\/sv\/vara-instrument\/#breadcrumb"},"inLanguage":"sv-SE","potentialAction":[{"@type":"ReadAction","target":["https:\/\/www.nelsonorgel.se\/sv\/vara-instrument\/"]}]},{"@type":"BreadcrumbList","@id":"https:\/\/www.nelsonorgel.se\/sv\/vara-instrument\/#breadcrumb","itemListElement":[{"@type":"ListItem","position":1,"name":"Home","item":"https:\/\/www.nelsonorgel.se\/sv\/"},{"@type":"ListItem","position":2,"name":"V\u00e5ra instrument"}]},{"@type":"WebSite","@id":"https:\/\/www.nelsonorgel.se\/sv\/#website","url":"https:\/\/www.nelsonorgel.se\/sv\/","name":"Karl Nelson Orgelbyggeri AB","description":"","potentialAction":[{"@type":"SearchAction","target":{"@type":"EntryPoint","urlTemplate":"https:\/\/www.nelsonorgel.se\/sv\/?s={search_term_string}"},"query-input":{"@type":"PropertyValueSpecification","valueRequired":true,"valueName":"search_term_string"}}],"inLanguage":"sv-SE"}]}},"_links":{"self":[{"href":"https:\/\/www.nelsonorgel.se\/sv\/wp-json\/wp\/v2\/pages\/9","targetHints":{"allow":["GET"]}}],"collection":[{"href":"https:\/\/www.nelsonorgel.se\/sv\/wp-json\/wp\/v2\/pages"}],"about":[{"href":"https:\/\/www.nelsonorgel.se\/sv\/wp-json\/wp\/v2\/types\/page"}],"author":[{"embeddable":true,"href":"https:\/\/www.nelsonorgel.se\/sv\/wp-json\/wp\/v2\/users\/1"}],"replies":[{"embeddable":true,"href":"https:\/\/www.nelsonorgel.se\/sv\/wp-json\/wp\/v2\/comments?post=9"}],"version-history":[{"count":20,"href":"https:\/\/www.nelsonorgel.se\/sv\/wp-json\/wp\/v2\/pages\/9\/revisions"}],"predecessor-version":[{"id":1274,"href":"https:\/\/www.nelsonorgel.se\/sv\/wp-json\/wp\/v2\/pages\/9\/revisions\/1274"}],"wp:attachment":[{"href":"https:\/\/www.nelsonorgel.se\/sv\/wp-json\/wp\/v2\/media?parent=9"}],"curies":[{"name":"wp","href":"https:\/\/api.w.org\/{rel}","templated":true}]}}