{"id":47,"date":"2025-04-13T19:58:58","date_gmt":"2025-04-13T17:58:58","guid":{"rendered":"https:\/\/www.nelsonorgel.se\/?page_id=47"},"modified":"2025-08-25T12:05:47","modified_gmt":"2025-08-25T10:05:47","slug":"kontakt","status":"publish","type":"page","link":"https:\/\/www.nelsonorgel.se\/sv\/kontakt\/","title":{"rendered":"Kontakt"},"content":{"rendered":"","protected":false},"excerpt":{"rendered":"","protected":false},"author":1,"featured_media":0,"parent":0,"menu_order":6,"comment_status":"closed","ping_status":"closed","template":"","meta":{"_acf_changed":false},"class_list":["post-47","page","type-page","status-publish","hentry"],"acf":{"sections":[{"acf_fc_layout":"section_26","title":"Kontakta oss","text":"<div class=\"row\">\r\n  <div class=\"col-12 col-md-6\">\r\n    <h4>Adress<\/h4>\r\n    Karl Nelson Orgelbyggeri AB<br>\r\n    Gustav Adolfsgatan 20<br>\r\n    531 96 Lidk\u00f6ping<br>\r\n    <a href=\"https:\/\/maps.app.goo.gl\/YKe7EGrp4WxrjxJp9\" target=\"_blank\">Se p\u00e5 karta<\/a><br>\r\n\r\n    <h4>Bes\u00f6ksadress<\/h4>\r\n    Industrigatan 1 Lovene<br>\r\n    531 96 Lidk\u00f6ping<br>\r\n  <\/div>\r\n\r\n  <div class=\"col-12 col-md-6\">\r\n    <h4>Telefon<\/h4>\r\n    <a href=\"tel:+46510532460\" style=\"text-decoration: none;\">0510-532 460<\/a><br>\r\n    <a href=\"tel:+46707217547\" style=\"text-decoration: none;\">070-721 75 47<\/a><br>\r\n\r\n    <h4>Email<\/h4>\r\n<a href=\"mailto:karl@nelsonorgel.se\" style=\"text-decoration: none;\">karl@nelsonorgel.se<\/a><br> <a href=\"mailto:elsa@nelsonorgel.se\" style=\"text-decoration: none;\">elsa@nelsonorgel.se<\/a><br> <a href=\"mailto:info@nelsonorgel.se\" style=\"text-decoration: none;\">info@nelsonorgel.se<\/a><br>\r\n\r\n  <\/div>\r\n<\/div>\r\n","our_team":"Bakom Karl Nelson Orgelbyggeri st\u00e5r ett passionerat och erfaret team med expertis inom hantverk, teknik och musik. H\u00e4r m\u00f6ts ingenj\u00f6rer, snickare, musiker och tekniker, alla med en gemensam passion f\u00f6r noggrant arbete och v\u00e4lljudande resultat.","clear_top_padding":"yes","clear_bottom_padding":"yes"}]},"yoast_head":"<!-- This site is optimized with the Yoast SEO plugin v27.5 - https:\/\/yoast.com\/product\/yoast-seo-wordpress\/ -->\n<title>Kontakt | Karl Nelson Orgelbyggeri AB<\/title>\n<meta name=\"description\" content=\"Bes\u00f6k oss i Lidk\u00f6ping eller kontakta oss per telefon\/e-post. Vi svarar g\u00e4rna p\u00e5 fr\u00e5gor och erbjuder r\u00e5dgivning.\" \/>\n<meta name=\"robots\" content=\"index, follow, max-snippet:-1, max-image-preview:large, max-video-preview:-1\" \/>\n<link rel=\"canonical\" href=\"https:\/\/www.nelsonorgel.se\/sv\/kontakt\/\" \/>\n<meta property=\"og:locale\" content=\"sv_SE\" \/>\n<meta property=\"og:type\" content=\"article\" \/>\n<meta property=\"og:title\" content=\"Kontakt | Karl Nelson Orgelbyggeri AB\" \/>\n<meta property=\"og:description\" content=\"Bes\u00f6k oss i Lidk\u00f6ping eller kontakta oss per telefon\/e-post. Vi svarar g\u00e4rna p\u00e5 fr\u00e5gor och erbjuder r\u00e5dgivning.\" \/>\n<meta property=\"og:url\" content=\"https:\/\/www.nelsonorgel.se\/sv\/kontakt\/\" \/>\n<meta property=\"og:site_name\" content=\"Karl Nelson Orgelbyggeri AB\" \/>\n<meta property=\"article:modified_time\" content=\"2025-08-25T10:05:47+00:00\" \/>\n<meta name=\"twitter:card\" content=\"summary_large_image\" \/>\n<script type=\"application\/ld+json\" class=\"yoast-schema-graph\">{\"@context\":\"https:\\\/\\\/schema.org\",\"@graph\":[{\"@type\":\"WebPage\",\"@id\":\"https:\\\/\\\/www.nelsonorgel.se\\\/sv\\\/kontakt\\\/\",\"url\":\"https:\\\/\\\/www.nelsonorgel.se\\\/sv\\\/kontakt\\\/\",\"name\":\"Kontakt | Karl Nelson Orgelbyggeri AB\",\"isPartOf\":{\"@id\":\"https:\\\/\\\/www.nelsonorgel.se\\\/sv\\\/#website\"},\"datePublished\":\"2025-04-13T17:58:58+00:00\",\"dateModified\":\"2025-08-25T10:05:47+00:00\",\"description\":\"Bes\u00f6k oss i Lidk\u00f6ping eller kontakta oss per telefon\\\/e-post. Vi svarar g\u00e4rna p\u00e5 fr\u00e5gor och erbjuder r\u00e5dgivning.\",\"breadcrumb\":{\"@id\":\"https:\\\/\\\/www.nelsonorgel.se\\\/sv\\\/kontakt\\\/#breadcrumb\"},\"inLanguage\":\"sv-SE\",\"potentialAction\":[{\"@type\":\"ReadAction\",\"target\":[\"https:\\\/\\\/www.nelsonorgel.se\\\/sv\\\/kontakt\\\/\"]}]},{\"@type\":\"BreadcrumbList\",\"@id\":\"https:\\\/\\\/www.nelsonorgel.se\\\/sv\\\/kontakt\\\/#breadcrumb\",\"itemListElement\":[{\"@type\":\"ListItem\",\"position\":1,\"name\":\"Home\",\"item\":\"https:\\\/\\\/www.nelsonorgel.se\\\/sv\\\/\"},{\"@type\":\"ListItem\",\"position\":2,\"name\":\"Kontakt\"}]},{\"@type\":\"WebSite\",\"@id\":\"https:\\\/\\\/www.nelsonorgel.se\\\/sv\\\/#website\",\"url\":\"https:\\\/\\\/www.nelsonorgel.se\\\/sv\\\/\",\"name\":\"Karl Nelson Orgelbyggeri AB\",\"description\":\"\",\"potentialAction\":[{\"@type\":\"SearchAction\",\"target\":{\"@type\":\"EntryPoint\",\"urlTemplate\":\"https:\\\/\\\/www.nelsonorgel.se\\\/sv\\\/?s={search_term_string}\"},\"query-input\":{\"@type\":\"PropertyValueSpecification\",\"valueRequired\":true,\"valueName\":\"search_term_string\"}}],\"inLanguage\":\"sv-SE\"}]}<\/script>\n<!-- \/ Yoast SEO plugin. -->","yoast_head_json":{"title":"Kontakt | Karl Nelson Orgelbyggeri AB","description":"Bes\u00f6k oss i Lidk\u00f6ping eller kontakta oss per telefon\/e-post. Vi svarar g\u00e4rna p\u00e5 fr\u00e5gor och erbjuder r\u00e5dgivning.","robots":{"index":"index","follow":"follow","max-snippet":"max-snippet:-1","max-image-preview":"max-image-preview:large","max-video-preview":"max-video-preview:-1"},"canonical":"https:\/\/www.nelsonorgel.se\/sv\/kontakt\/","og_locale":"sv_SE","og_type":"article","og_title":"Kontakt | Karl Nelson Orgelbyggeri AB","og_description":"Bes\u00f6k oss i Lidk\u00f6ping eller kontakta oss per telefon\/e-post. Vi svarar g\u00e4rna p\u00e5 fr\u00e5gor och erbjuder r\u00e5dgivning.","og_url":"https:\/\/www.nelsonorgel.se\/sv\/kontakt\/","og_site_name":"Karl Nelson Orgelbyggeri AB","article_modified_time":"2025-08-25T10:05:47+00:00","twitter_card":"summary_large_image","schema":{"@context":"https:\/\/schema.org","@graph":[{"@type":"WebPage","@id":"https:\/\/www.nelsonorgel.se\/sv\/kontakt\/","url":"https:\/\/www.nelsonorgel.se\/sv\/kontakt\/","name":"Kontakt | Karl Nelson Orgelbyggeri AB","isPartOf":{"@id":"https:\/\/www.nelsonorgel.se\/sv\/#website"},"datePublished":"2025-04-13T17:58:58+00:00","dateModified":"2025-08-25T10:05:47+00:00","description":"Bes\u00f6k oss i Lidk\u00f6ping eller kontakta oss per telefon\/e-post. Vi svarar g\u00e4rna p\u00e5 fr\u00e5gor och erbjuder r\u00e5dgivning.","breadcrumb":{"@id":"https:\/\/www.nelsonorgel.se\/sv\/kontakt\/#breadcrumb"},"inLanguage":"sv-SE","potentialAction":[{"@type":"ReadAction","target":["https:\/\/www.nelsonorgel.se\/sv\/kontakt\/"]}]},{"@type":"BreadcrumbList","@id":"https:\/\/www.nelsonorgel.se\/sv\/kontakt\/#breadcrumb","itemListElement":[{"@type":"ListItem","position":1,"name":"Home","item":"https:\/\/www.nelsonorgel.se\/sv\/"},{"@type":"ListItem","position":2,"name":"Kontakt"}]},{"@type":"WebSite","@id":"https:\/\/www.nelsonorgel.se\/sv\/#website","url":"https:\/\/www.nelsonorgel.se\/sv\/","name":"Karl Nelson Orgelbyggeri AB","description":"","potentialAction":[{"@type":"SearchAction","target":{"@type":"EntryPoint","urlTemplate":"https:\/\/www.nelsonorgel.se\/sv\/?s={search_term_string}"},"query-input":{"@type":"PropertyValueSpecification","valueRequired":true,"valueName":"search_term_string"}}],"inLanguage":"sv-SE"}]}},"_links":{"self":[{"href":"https:\/\/www.nelsonorgel.se\/sv\/wp-json\/wp\/v2\/pages\/47","targetHints":{"allow":["GET"]}}],"collection":[{"href":"https:\/\/www.nelsonorgel.se\/sv\/wp-json\/wp\/v2\/pages"}],"about":[{"href":"https:\/\/www.nelsonorgel.se\/sv\/wp-json\/wp\/v2\/types\/page"}],"author":[{"embeddable":true,"href":"https:\/\/www.nelsonorgel.se\/sv\/wp-json\/wp\/v2\/users\/1"}],"replies":[{"embeddable":true,"href":"https:\/\/www.nelsonorgel.se\/sv\/wp-json\/wp\/v2\/comments?post=47"}],"version-history":[{"count":15,"href":"https:\/\/www.nelsonorgel.se\/sv\/wp-json\/wp\/v2\/pages\/47\/revisions"}],"predecessor-version":[{"id":1247,"href":"https:\/\/www.nelsonorgel.se\/sv\/wp-json\/wp\/v2\/pages\/47\/revisions\/1247"}],"wp:attachment":[{"href":"https:\/\/www.nelsonorgel.se\/sv\/wp-json\/wp\/v2\/media?parent=47"}],"curies":[{"name":"wp","href":"https:\/\/api.w.org\/{rel}","templated":true}]}}