{"id":45,"date":"2025-04-13T19:58:16","date_gmt":"2025-04-13T17:58:16","guid":{"rendered":"https:\/\/www.nelsonorgel.se\/?page_id=45"},"modified":"2025-06-16T16:06:40","modified_gmt":"2025-06-16T14:06:40","slug":"mot-vart-team","status":"publish","type":"page","link":"https:\/\/www.nelsonorgel.se\/sv\/om-oss\/mot-vart-team\/","title":{"rendered":"M\u00f6t v\u00e5rt team"},"content":{"rendered":"","protected":false},"excerpt":{"rendered":"","protected":false},"author":1,"featured_media":0,"parent":41,"menu_order":2,"comment_status":"closed","ping_status":"closed","template":"","meta":{"_acf_changed":false},"class_list":["post-45","page","type-page","status-publish","hentry"],"acf":{"sections":[{"acf_fc_layout":"banner_8","title":"M\u00f6t v\u00e5rt team","text":"Bakom Karl Nelson Orgelbyggeri st\u00e5r ett engagerat team med bred kompetens inom hantverk, teknik och musik. H\u00e4r m\u00f6ts ingenj\u00f6rer, snickare, musiker och tekniker, alla med en gemensam passion f\u00f6r det noggranna och det v\u00e4lljudande.","clear_top_padding":"yes","clear_bottom_padding":"no","enable_background_color":"no"},{"acf_fc_layout":"section_48","repeater_field":[{"image":617,"name":"Karl Nelson","role":"Karl \u00e4r grundare av f\u00f6retaget och har \u00f6ver 35 \u00e5rs erfarenhet som orgelbyggare. Han b\u00f6rjade sin karri\u00e4r i USA, d\u00e4r han arbetade med Manual Rosales och John Brombaugh. Sedan 1991 \u00e4r han verksam i Sverige och tog 1998 \u00f6ver Smedmans Orgelbyggeri, som han flyttade till Lovene. Karl har sedan dess byggt, renoverat och underh\u00e5llit orglar i Sverige och \u00d6sterrike."},{"image":620,"name":"Elsa Nelson","role":"Elsa har vuxit upp med orglar och musik, och gick estetiska programmet med klassisk inriktning. Efter tidigt arbete i familjef\u00f6retaget samlade hon fem \u00e5rs erfarenhet i USA hos Noack Organ Company och C. B. Fisk, d\u00e4r hon l\u00e4rde sig bland annat pipmakeri och intonation. Sedan 2024 arbetar hon i verkstaden i Lovene tillsammans med Karl."},{"image":622,"name":"Per Hedlund","role":"Per har en civilingenj\u00f6rsutbildning med inriktning p\u00e5 materialvetenskap fr\u00e5n Kungliga Tekniska H\u00f6gskolan i Stockholm, d\u00e4r han studerade i 4,5 \u00e5r. Han har arbetat i 25 \u00e5r inom den svenska verkstadsindustrin. Ut\u00f6ver sitt yrkesliv har han ett stort musikintresse, s\u00e4rskilt inom bleckbl\u00e5s och k\u00f6rs\u00e5ng."},{"image":624,"name":"Johan Sk\u00f6ld","role":"Johan \u00e4r en tidigare yrkesmusiker med bred erfarenhet inom jazz, storband, rock 'n' roll och dansband. Nu f\u00f6r tiden spelar han mest blues, Rhythm\u2019 n\u2019 Blues och rootsmusik. Han har \u00e4ven en fyra\u00e5rig <a href=\"https:\/\/www.steneby.se\/stenebyskolan\/yrkeshogskoleutbildning\/finsnickare-mobelrestaurerare-dekopor-med-inritkning-mot-gesallbrev-eller-yrkes-specialisering\/\" target=\"_blank\" rel=\"noopener\">m\u00f6belsnickarutbildning fr\u00e5n Stenebyskolan<\/a>, avslutad med ett ges\u00e4llbrev."},{"image":623,"name":"H\u00e5kan Lindberg","role":"H\u00e5kan har varit v\u00e4n och medhj\u00e4lpare till Karl sedan 1998 och anst\u00e4lld i f\u00f6retaget sedan 2002, med vissa uppeh\u00e5ll. Han \u00e4r utbildad <a href=\"https:\/\/www.kmh.se\/utbildningar\/alla-utbildningar\/pianostammarutbildning.html\" target=\"_blank\" rel=\"noopener\">pianotekniker<\/a> vid Leksand Folkh\u00f6gskola, och har en musikutbildning fr\u00e5n Oskarshamns Folkh\u00f6gskola."},{"image":626,"name":"Pontus Pettersson","role":"Pontus har varit kyrkovaktm\u00e4stare i sju \u00e5r och har g\u00e5tt en tv\u00e5\u00e5rig <a href=\"https:\/\/ttuhammaro.se\/kursplan\/\" target=\"_blank\" rel=\"noopener\">tr\u00e4teknikerutbildning p\u00e5 Hammar\u00f6<\/a>. Han har \u00e4ven erfarenhet av f\u00f6nsterrenovering, b\u00e5de gamla och moderna."},{"image":625,"name":"Nils-Gabriel Berg","role":"Nils-Gabriel har en kandidatexamen i klassisk s\u00e5ng fr\u00e5n Musikh\u00f6gskola i Pite\u00e5, och \u00e4r nu frilansmusiker. Han har tidigare arbetat flera s\u00e4songer som mekaniker i varuhus. Nils-Gabriel g\u00e5r som l\u00e4rling hos Karl Nelson via <a href=\"https:\/\/hantverkslarling.se\/utbildningar\/musikinstrumentmakare\/\" target=\"_blank\" rel=\"noopener\">l\u00e4rlingsprogrammet vid Leksand Folkh\u00f6gskola<\/a>."}],"clear_top_padding":"yes","clear_bottom_padding":"yes","enable_background_color":"no"}]},"yoast_head":"<!-- This site is optimized with the Yoast SEO plugin v27.5 - https:\/\/yoast.com\/product\/yoast-seo-wordpress\/ -->\n<title>M\u00f6t v\u00e5rt team | Karl Nelson Orgelbyggeri AB<\/title>\n<meta name=\"description\" content=\"Vi \u00e4r orgelbyggare, musiker och tekniker med gemensam passion. M\u00f6t m\u00e4nniskorna bakom Karl Nelson Orgelbyggeri .\" \/>\n<meta name=\"robots\" content=\"index, follow, max-snippet:-1, max-image-preview:large, max-video-preview:-1\" \/>\n<link rel=\"canonical\" href=\"https:\/\/www.nelsonorgel.se\/sv\/om-oss\/mot-vart-team\/\" \/>\n<meta property=\"og:locale\" content=\"sv_SE\" \/>\n<meta property=\"og:type\" content=\"article\" \/>\n<meta property=\"og:title\" content=\"M\u00f6t v\u00e5rt team | Karl Nelson Orgelbyggeri AB\" \/>\n<meta property=\"og:description\" content=\"Vi \u00e4r orgelbyggare, musiker och tekniker med gemensam passion. M\u00f6t m\u00e4nniskorna bakom Karl Nelson Orgelbyggeri .\" \/>\n<meta property=\"og:url\" content=\"https:\/\/www.nelsonorgel.se\/sv\/om-oss\/mot-vart-team\/\" \/>\n<meta property=\"og:site_name\" content=\"Karl Nelson Orgelbyggeri AB\" \/>\n<meta property=\"article:modified_time\" content=\"2025-06-16T14:06:40+00:00\" \/>\n<meta name=\"twitter:card\" content=\"summary_large_image\" \/>\n<script type=\"application\/ld+json\" class=\"yoast-schema-graph\">{\"@context\":\"https:\\\/\\\/schema.org\",\"@graph\":[{\"@type\":\"WebPage\",\"@id\":\"https:\\\/\\\/www.nelsonorgel.se\\\/sv\\\/om-oss\\\/mot-vart-team\\\/\",\"url\":\"https:\\\/\\\/www.nelsonorgel.se\\\/sv\\\/om-oss\\\/mot-vart-team\\\/\",\"name\":\"M\u00f6t v\u00e5rt team | Karl Nelson Orgelbyggeri AB\",\"isPartOf\":{\"@id\":\"https:\\\/\\\/www.nelsonorgel.se\\\/sv\\\/#website\"},\"datePublished\":\"2025-04-13T17:58:16+00:00\",\"dateModified\":\"2025-06-16T14:06:40+00:00\",\"description\":\"Vi \u00e4r orgelbyggare, musiker och tekniker med gemensam passion. M\u00f6t m\u00e4nniskorna bakom Karl Nelson Orgelbyggeri .\",\"breadcrumb\":{\"@id\":\"https:\\\/\\\/www.nelsonorgel.se\\\/sv\\\/om-oss\\\/mot-vart-team\\\/#breadcrumb\"},\"inLanguage\":\"sv-SE\",\"potentialAction\":[{\"@type\":\"ReadAction\",\"target\":[\"https:\\\/\\\/www.nelsonorgel.se\\\/sv\\\/om-oss\\\/mot-vart-team\\\/\"]}]},{\"@type\":\"BreadcrumbList\",\"@id\":\"https:\\\/\\\/www.nelsonorgel.se\\\/sv\\\/om-oss\\\/mot-vart-team\\\/#breadcrumb\",\"itemListElement\":[{\"@type\":\"ListItem\",\"position\":1,\"name\":\"Home\",\"item\":\"https:\\\/\\\/www.nelsonorgel.se\\\/sv\\\/\"},{\"@type\":\"ListItem\",\"position\":2,\"name\":\"Om oss\",\"item\":\"https:\\\/\\\/www.nelsonorgel.se\\\/sv\\\/om-oss\\\/\"},{\"@type\":\"ListItem\",\"position\":3,\"name\":\"M\u00f6t v\u00e5rt team\"}]},{\"@type\":\"WebSite\",\"@id\":\"https:\\\/\\\/www.nelsonorgel.se\\\/sv\\\/#website\",\"url\":\"https:\\\/\\\/www.nelsonorgel.se\\\/sv\\\/\",\"name\":\"Karl Nelson Orgelbyggeri AB\",\"description\":\"\",\"potentialAction\":[{\"@type\":\"SearchAction\",\"target\":{\"@type\":\"EntryPoint\",\"urlTemplate\":\"https:\\\/\\\/www.nelsonorgel.se\\\/sv\\\/?s={search_term_string}\"},\"query-input\":{\"@type\":\"PropertyValueSpecification\",\"valueRequired\":true,\"valueName\":\"search_term_string\"}}],\"inLanguage\":\"sv-SE\"}]}<\/script>\n<!-- \/ Yoast SEO plugin. -->","yoast_head_json":{"title":"M\u00f6t v\u00e5rt team | Karl Nelson Orgelbyggeri AB","description":"Vi \u00e4r orgelbyggare, musiker och tekniker med gemensam passion. M\u00f6t m\u00e4nniskorna bakom Karl Nelson Orgelbyggeri .","robots":{"index":"index","follow":"follow","max-snippet":"max-snippet:-1","max-image-preview":"max-image-preview:large","max-video-preview":"max-video-preview:-1"},"canonical":"https:\/\/www.nelsonorgel.se\/sv\/om-oss\/mot-vart-team\/","og_locale":"sv_SE","og_type":"article","og_title":"M\u00f6t v\u00e5rt team | Karl Nelson Orgelbyggeri AB","og_description":"Vi \u00e4r orgelbyggare, musiker och tekniker med gemensam passion. M\u00f6t m\u00e4nniskorna bakom Karl Nelson Orgelbyggeri .","og_url":"https:\/\/www.nelsonorgel.se\/sv\/om-oss\/mot-vart-team\/","og_site_name":"Karl Nelson Orgelbyggeri AB","article_modified_time":"2025-06-16T14:06:40+00:00","twitter_card":"summary_large_image","schema":{"@context":"https:\/\/schema.org","@graph":[{"@type":"WebPage","@id":"https:\/\/www.nelsonorgel.se\/sv\/om-oss\/mot-vart-team\/","url":"https:\/\/www.nelsonorgel.se\/sv\/om-oss\/mot-vart-team\/","name":"M\u00f6t v\u00e5rt team | Karl Nelson Orgelbyggeri AB","isPartOf":{"@id":"https:\/\/www.nelsonorgel.se\/sv\/#website"},"datePublished":"2025-04-13T17:58:16+00:00","dateModified":"2025-06-16T14:06:40+00:00","description":"Vi \u00e4r orgelbyggare, musiker och tekniker med gemensam passion. M\u00f6t m\u00e4nniskorna bakom Karl Nelson Orgelbyggeri .","breadcrumb":{"@id":"https:\/\/www.nelsonorgel.se\/sv\/om-oss\/mot-vart-team\/#breadcrumb"},"inLanguage":"sv-SE","potentialAction":[{"@type":"ReadAction","target":["https:\/\/www.nelsonorgel.se\/sv\/om-oss\/mot-vart-team\/"]}]},{"@type":"BreadcrumbList","@id":"https:\/\/www.nelsonorgel.se\/sv\/om-oss\/mot-vart-team\/#breadcrumb","itemListElement":[{"@type":"ListItem","position":1,"name":"Home","item":"https:\/\/www.nelsonorgel.se\/sv\/"},{"@type":"ListItem","position":2,"name":"Om oss","item":"https:\/\/www.nelsonorgel.se\/sv\/om-oss\/"},{"@type":"ListItem","position":3,"name":"M\u00f6t v\u00e5rt team"}]},{"@type":"WebSite","@id":"https:\/\/www.nelsonorgel.se\/sv\/#website","url":"https:\/\/www.nelsonorgel.se\/sv\/","name":"Karl Nelson Orgelbyggeri AB","description":"","potentialAction":[{"@type":"SearchAction","target":{"@type":"EntryPoint","urlTemplate":"https:\/\/www.nelsonorgel.se\/sv\/?s={search_term_string}"},"query-input":{"@type":"PropertyValueSpecification","valueRequired":true,"valueName":"search_term_string"}}],"inLanguage":"sv-SE"}]}},"_links":{"self":[{"href":"https:\/\/www.nelsonorgel.se\/sv\/wp-json\/wp\/v2\/pages\/45","targetHints":{"allow":["GET"]}}],"collection":[{"href":"https:\/\/www.nelsonorgel.se\/sv\/wp-json\/wp\/v2\/pages"}],"about":[{"href":"https:\/\/www.nelsonorgel.se\/sv\/wp-json\/wp\/v2\/types\/page"}],"author":[{"embeddable":true,"href":"https:\/\/www.nelsonorgel.se\/sv\/wp-json\/wp\/v2\/users\/1"}],"replies":[{"embeddable":true,"href":"https:\/\/www.nelsonorgel.se\/sv\/wp-json\/wp\/v2\/comments?post=45"}],"version-history":[{"count":13,"href":"https:\/\/www.nelsonorgel.se\/sv\/wp-json\/wp\/v2\/pages\/45\/revisions"}],"predecessor-version":[{"id":690,"href":"https:\/\/www.nelsonorgel.se\/sv\/wp-json\/wp\/v2\/pages\/45\/revisions\/690"}],"up":[{"embeddable":true,"href":"https:\/\/www.nelsonorgel.se\/sv\/wp-json\/wp\/v2\/pages\/41"}],"wp:attachment":[{"href":"https:\/\/www.nelsonorgel.se\/sv\/wp-json\/wp\/v2\/media?parent=45"}],"curies":[{"name":"wp","href":"https:\/\/api.w.org\/{rel}","templated":true}]}}