{"id":43,"date":"2025-04-13T19:58:02","date_gmt":"2025-04-13T17:58:02","guid":{"rendered":"https:\/\/www.nelsonorgel.se\/?page_id=43"},"modified":"2025-11-24T20:43:47","modified_gmt":"2025-11-24T18:43:47","slug":"var-historia","status":"publish","type":"page","link":"https:\/\/www.nelsonorgel.se\/sv\/om-oss\/var-historia\/","title":{"rendered":"V\u00e5r historia"},"content":{"rendered":"","protected":false},"excerpt":{"rendered":"","protected":false},"author":1,"featured_media":0,"parent":41,"menu_order":1,"comment_status":"closed","ping_status":"closed","template":"","meta":{"_acf_changed":false},"class_list":["post-43","page","type-page","status-publish","hentry"],"acf":{"sections":[{"acf_fc_layout":"section_8","title":"V\u00e5r historia","text":"<h2>Tidig historia av orgelbyggeri i Lidk\u00f6ping<\/h2>\r\nLidk\u00f6ping har en rik historia av orgelbyggeri som str\u00e4cker sig tillbaka till 1892, n\u00e4r Carl A H\u00e4rngren startade sin verksamhet i staden. F\u00f6dd 1868 b\u00f6rjade H\u00e4rngren som sjutton\u00e5ring i l\u00e4ra hos Salomon Molander i G\u00f6teborg 1885 och fortsatte senare sin utbildning hos J A Johanson i M\u00f6sseberga. H\u00e4rngren byggde orglar i en t\u00e4mligen konservativ stil, precis som hans mentor Molander hade gjort f\u00f6re honom. Han utvecklade en egen mekanisk slejfl\u00e5da och intonerade sina orglar med en fyllig och grundlig klang. Under sin verksamma tid i Lidk\u00f6ping byggde han ett femtiotal orgelverk, mestadels i Skara stift, och de flesta mekaniska och f\u00f6rsedda med slejfl\u00e5dor.\r\n<h3>\u00d6verg\u00e5ng och nytt \u00e4garskap<\/h3>\r\n\u00c5r 1912 \u00f6vertogs firman av Nordfors, Karl\u00e9n och C-G Smedman och drevs under namnet H Nordfors &amp; Co. Under denna period anv\u00e4nde f\u00f6retaget en pneumatisk spelmekanik och en mer romantisk intonation, vilket var typiskt f\u00f6r tidsepoken.\r\n<figure><img class=\"alignnone  wp-image-611\" src=\"https:\/\/www.nelsonorgel.se\/wp-content\/uploads\/2025\/05\/var-historia-1-300x159.jpg\" alt=\"\" width=\"253\" height=\"134\" \/><figcaption>Ritningar till Vara kyrka, Smedmans Orgelbyggeri AB.<\/figcaption><\/figure>\r\n<h2>Smedmans Orgelbyggeri AB<\/h2>\r\nOrvar Smedman, son till C-G Smedman, blev ensam \u00e4gare 1952, och firman bytte s\u00e5 sm\u00e5ningom namn till Smedmans Orgelbyggeri AB. Under Orvar Smedmans ledning \u00e5tergick f\u00f6retaget till att bygga mekaniska orglar i orgelr\u00f6relsens anda. \u00c5r 1981 tog Orvars son, Lars-Inge Smedman, \u00f6ver firman. Exempel p\u00e5 orglar fr\u00e5n denna tid finns i S:t Nicolaikyrkan i Lidk\u00f6ping och i Ljungs kyrka i Link\u00f6ping stift.\r\n<h2>Karl Nelson Orgelbyggeri AB<\/h2>\r\n\u00c5r 1998 s\u00e5ldes firman till Karl Nelson, och 2002 bytte den namn till Karl Nelson Orgelbyggeri AB.\r\n<figure>\u00a0 \u00a0 \u00a0<img class=\"alignnone  wp-image-614\" src=\"https:\/\/www.nelsonorgel.se\/wp-content\/uploads\/2025\/05\/var-historia-4-300x225.jpg\" alt=\"\" width=\"285\" height=\"214\" \/><\/figure>\r\n<figure><figcaption>Karl Nelson Orgelbyggeri AB:s tidigare lokaler, ca 2000.<\/figcaption><\/figure>\r\n<h3>Karl Nelsons bakgrund<\/h3>\r\nKarl Nelson f\u00f6ddes i St. Peter, Minnesota (USA) och utbildade sig p\u00e5 Deerfield Academy i Massachusetts, St. Olaf College i Minnesota och Portland State University. \u00c5r 1987 b\u00f6rjade Karl sin karri\u00e4r som orgelbyggare under sin tid som musikstudent vid Portland State University. Han fick m\u00f6jlighet att delta vid installationen av en 55-st\u00e4mmig orgel i Trinity Episcopal Church i Portland tillsammans med Manual Rosales, en orgelbyggare fr\u00e5n Los Angeles. Karl arbetade i ett \u00e5r f\u00f6r Rosales innan han fick anst\u00e4llning hos John Brombaugh i Eugene.\r\n\r\n\u00c5r 1991 kom Karl till Sverige i samband med installationen av John Brombaughs orgel opus 28 i Hagakyrkan i G\u00f6teborg. D\u00e4r tr\u00e4ffade Karl sin blivande hustru Karin, som d\u00e5 var organist i Hagakyrkan. Med undantag f\u00f6r ett \u00e5r i Eugene har Karl och Karin bott i Sverige sedan 1992. Sonen Erik f\u00f6ddes 1993 och dottern Elsa 1996.\r\n\r\nInnan Karl \u00f6vertog Smedmans Orgelbyggeri drev han ett mindre f\u00f6retag i G\u00f6teborg under namnet K Nelsons Orgelv\u00e5rd. Under denna tid renoverade han flera historiska instrument, inklusive Marcussenorgeln i G\u00f6teborgs Synagoga och Eskil Lund\u00e9norgeln p\u00e5 K\u00e4ring\u00f6n.\r\n<h3>Karl Nelsons ledarskap<\/h3>\r\n\u00c5r 1998 k\u00f6pte Karl Nelson Smedmans Orgelbyggeri efter att ha flyttat till det lilla samh\u00e4llet Lovene, utanf\u00f6r Lidk\u00f6ping, med sin nystartade familj. I flera \u00e5r bedrevs verksamheten i n\u00e4ra anslutning till familjens hus, dit maskiner och verktyg flyttats efter k\u00f6pet av firman. Karls f\u00f6rsta egna orgelbygge gick till \u00d6sthammar kyrka, d\u00e4r orgeln stod f\u00e4rdig \u00e5r 2000. Sedan dess har Karl byggt, renoverat och underh\u00e5llit orglar i Sverige och \u00d6sterrike. \u00c5r 2008 flyttades verkstaden till nuvarande lokaler p\u00e5 Industrigatan 1 i Lovene.\r\n<figure><img class=\"alignnone size-medium wp-image-615\" src=\"https:\/\/www.nelsonorgel.se\/wp-content\/uploads\/2025\/05\/var-historia-5-300x225.jpg\" alt=\"\" width=\"300\" height=\"225\" \/>\r\n<figcaption>Karl Nelson och dottern Elsa vid installationen av familjens \u00f6vningsorgel, 2021.<\/figcaption><\/figure>\r\n<h3>Elsa Nelsons resa<\/h3>\r\nElsa Nelson har v\u00e4xt upp omgiven av musik, s\u00e4rskilt orglar. P\u00e5 gymnasiet gick hon den estetiska spetsutbildningen p\u00e5 Birger Sj\u00f6berggymnasiet i V\u00e4nersborg, med inriktning klassisk musik. Hennes huvudinstrument var valthorn. Efter gymnasiet var det naturligt f\u00f6r Elsa att g\u00e5 in i familjef\u00f6retaget, d\u00e4r hon arbetade tillsammans med Karl i tv\u00e5 \u00e5r, fr\u00e4mst med underh\u00e5ll av orglar runt om i Sverige.\r\n\r\nEfter en kort studieperiod i historia vid G\u00f6teborgs Universitet flyttade Elsa till Massachusetts, USA, i b\u00f6rjan av 2019. D\u00e4r fick hon anst\u00e4llning p\u00e5 Noack Organ Company, d\u00e4r hon bland annat deltog vid installationerna av Noacks opus 163, 164 och 165. En av h\u00f6jdpunkterna var installationen av den 85-st\u00e4mmiga opus 164 i den katolska katedralen i Birmingham, Alabama, d\u00e4r hon \u00e4ven assisterade Nami Hamada under intonationen.\r\n\r\nEfter tre \u00e5r hos Noack fick Elsa anst\u00e4llning hos C. B. Fisk, d\u00e4r hon under tv\u00e5 och ett halvt \u00e5r bland annat fick l\u00e4ra sig pipmakeri. V\u00e4rt att uppm\u00e4rksamma fr\u00e5n den h\u00e4r tiden \u00e4r ett andra intonationsarbete utf\u00f6rt tillsammans med Nami Hamada. Den h\u00e4r g\u00e5ngen var det inte f\u00f6r en nybyggnation, utan ett renoveringsarbete av en Klais-orgel, byggd 1977 \u00e5t kyrkan St. Paul i New York City.\r\n\r\n\u00c5r 2024 flyttade Elsa tillbaka till Lidk\u00f6ping, nu redo att arbeta sida vid sida med Karl i verkstaden i Lovene."}]},"yoast_head":"<!-- This site is optimized with the Yoast SEO plugin v27.5 - https:\/\/yoast.com\/product\/yoast-seo-wordpress\/ -->\n<title>V\u00e5r historia | Karl Nelson Orgelbyggeri AB<\/title>\n<meta name=\"description\" content=\"Utforska v\u00e5r resa sedan starten.\" \/>\n<meta name=\"robots\" content=\"index, follow, max-snippet:-1, max-image-preview:large, max-video-preview:-1\" \/>\n<link rel=\"canonical\" href=\"https:\/\/www.nelsonorgel.se\/sv\/om-oss\/var-historia\/\" \/>\n<meta property=\"og:locale\" content=\"sv_SE\" \/>\n<meta property=\"og:type\" content=\"article\" \/>\n<meta property=\"og:title\" content=\"V\u00e5r historia | Karl Nelson Orgelbyggeri AB\" \/>\n<meta property=\"og:description\" content=\"Utforska v\u00e5r resa sedan starten.\" \/>\n<meta property=\"og:url\" content=\"https:\/\/www.nelsonorgel.se\/sv\/om-oss\/var-historia\/\" \/>\n<meta property=\"og:site_name\" content=\"Karl Nelson Orgelbyggeri AB\" \/>\n<meta property=\"article:modified_time\" content=\"2025-11-24T18:43:47+00:00\" \/>\n<meta name=\"twitter:card\" content=\"summary_large_image\" \/>\n<script type=\"application\/ld+json\" class=\"yoast-schema-graph\">{\"@context\":\"https:\\\/\\\/schema.org\",\"@graph\":[{\"@type\":\"WebPage\",\"@id\":\"https:\\\/\\\/www.nelsonorgel.se\\\/sv\\\/om-oss\\\/var-historia\\\/\",\"url\":\"https:\\\/\\\/www.nelsonorgel.se\\\/sv\\\/om-oss\\\/var-historia\\\/\",\"name\":\"V\u00e5r historia | Karl Nelson Orgelbyggeri AB\",\"isPartOf\":{\"@id\":\"https:\\\/\\\/www.nelsonorgel.se\\\/sv\\\/#website\"},\"datePublished\":\"2025-04-13T17:58:02+00:00\",\"dateModified\":\"2025-11-24T18:43:47+00:00\",\"description\":\"Utforska v\u00e5r resa sedan starten.\",\"breadcrumb\":{\"@id\":\"https:\\\/\\\/www.nelsonorgel.se\\\/sv\\\/om-oss\\\/var-historia\\\/#breadcrumb\"},\"inLanguage\":\"sv-SE\",\"potentialAction\":[{\"@type\":\"ReadAction\",\"target\":[\"https:\\\/\\\/www.nelsonorgel.se\\\/sv\\\/om-oss\\\/var-historia\\\/\"]}]},{\"@type\":\"BreadcrumbList\",\"@id\":\"https:\\\/\\\/www.nelsonorgel.se\\\/sv\\\/om-oss\\\/var-historia\\\/#breadcrumb\",\"itemListElement\":[{\"@type\":\"ListItem\",\"position\":1,\"name\":\"Home\",\"item\":\"https:\\\/\\\/www.nelsonorgel.se\\\/sv\\\/\"},{\"@type\":\"ListItem\",\"position\":2,\"name\":\"Om oss\",\"item\":\"https:\\\/\\\/www.nelsonorgel.se\\\/sv\\\/om-oss\\\/\"},{\"@type\":\"ListItem\",\"position\":3,\"name\":\"V\u00e5r historia\"}]},{\"@type\":\"WebSite\",\"@id\":\"https:\\\/\\\/www.nelsonorgel.se\\\/sv\\\/#website\",\"url\":\"https:\\\/\\\/www.nelsonorgel.se\\\/sv\\\/\",\"name\":\"Karl Nelson Orgelbyggeri AB\",\"description\":\"\",\"potentialAction\":[{\"@type\":\"SearchAction\",\"target\":{\"@type\":\"EntryPoint\",\"urlTemplate\":\"https:\\\/\\\/www.nelsonorgel.se\\\/sv\\\/?s={search_term_string}\"},\"query-input\":{\"@type\":\"PropertyValueSpecification\",\"valueRequired\":true,\"valueName\":\"search_term_string\"}}],\"inLanguage\":\"sv-SE\"}]}<\/script>\n<!-- \/ Yoast SEO plugin. -->","yoast_head_json":{"title":"V\u00e5r historia | Karl Nelson Orgelbyggeri AB","description":"Utforska v\u00e5r resa sedan starten.","robots":{"index":"index","follow":"follow","max-snippet":"max-snippet:-1","max-image-preview":"max-image-preview:large","max-video-preview":"max-video-preview:-1"},"canonical":"https:\/\/www.nelsonorgel.se\/sv\/om-oss\/var-historia\/","og_locale":"sv_SE","og_type":"article","og_title":"V\u00e5r historia | Karl Nelson Orgelbyggeri AB","og_description":"Utforska v\u00e5r resa sedan starten.","og_url":"https:\/\/www.nelsonorgel.se\/sv\/om-oss\/var-historia\/","og_site_name":"Karl Nelson Orgelbyggeri AB","article_modified_time":"2025-11-24T18:43:47+00:00","twitter_card":"summary_large_image","schema":{"@context":"https:\/\/schema.org","@graph":[{"@type":"WebPage","@id":"https:\/\/www.nelsonorgel.se\/sv\/om-oss\/var-historia\/","url":"https:\/\/www.nelsonorgel.se\/sv\/om-oss\/var-historia\/","name":"V\u00e5r historia | Karl Nelson Orgelbyggeri AB","isPartOf":{"@id":"https:\/\/www.nelsonorgel.se\/sv\/#website"},"datePublished":"2025-04-13T17:58:02+00:00","dateModified":"2025-11-24T18:43:47+00:00","description":"Utforska v\u00e5r resa sedan starten.","breadcrumb":{"@id":"https:\/\/www.nelsonorgel.se\/sv\/om-oss\/var-historia\/#breadcrumb"},"inLanguage":"sv-SE","potentialAction":[{"@type":"ReadAction","target":["https:\/\/www.nelsonorgel.se\/sv\/om-oss\/var-historia\/"]}]},{"@type":"BreadcrumbList","@id":"https:\/\/www.nelsonorgel.se\/sv\/om-oss\/var-historia\/#breadcrumb","itemListElement":[{"@type":"ListItem","position":1,"name":"Home","item":"https:\/\/www.nelsonorgel.se\/sv\/"},{"@type":"ListItem","position":2,"name":"Om oss","item":"https:\/\/www.nelsonorgel.se\/sv\/om-oss\/"},{"@type":"ListItem","position":3,"name":"V\u00e5r historia"}]},{"@type":"WebSite","@id":"https:\/\/www.nelsonorgel.se\/sv\/#website","url":"https:\/\/www.nelsonorgel.se\/sv\/","name":"Karl Nelson Orgelbyggeri AB","description":"","potentialAction":[{"@type":"SearchAction","target":{"@type":"EntryPoint","urlTemplate":"https:\/\/www.nelsonorgel.se\/sv\/?s={search_term_string}"},"query-input":{"@type":"PropertyValueSpecification","valueRequired":true,"valueName":"search_term_string"}}],"inLanguage":"sv-SE"}]}},"_links":{"self":[{"href":"https:\/\/www.nelsonorgel.se\/sv\/wp-json\/wp\/v2\/pages\/43","targetHints":{"allow":["GET"]}}],"collection":[{"href":"https:\/\/www.nelsonorgel.se\/sv\/wp-json\/wp\/v2\/pages"}],"about":[{"href":"https:\/\/www.nelsonorgel.se\/sv\/wp-json\/wp\/v2\/types\/page"}],"author":[{"embeddable":true,"href":"https:\/\/www.nelsonorgel.se\/sv\/wp-json\/wp\/v2\/users\/1"}],"replies":[{"embeddable":true,"href":"https:\/\/www.nelsonorgel.se\/sv\/wp-json\/wp\/v2\/comments?post=43"}],"version-history":[{"count":6,"href":"https:\/\/www.nelsonorgel.se\/sv\/wp-json\/wp\/v2\/pages\/43\/revisions"}],"predecessor-version":[{"id":1278,"href":"https:\/\/www.nelsonorgel.se\/sv\/wp-json\/wp\/v2\/pages\/43\/revisions\/1278"}],"up":[{"embeddable":true,"href":"https:\/\/www.nelsonorgel.se\/sv\/wp-json\/wp\/v2\/pages\/41"}],"wp:attachment":[{"href":"https:\/\/www.nelsonorgel.se\/sv\/wp-json\/wp\/v2\/media?parent=43"}],"curies":[{"name":"wp","href":"https:\/\/api.w.org\/{rel}","templated":true}]}}