{"id":41,"date":"2025-04-13T19:57:37","date_gmt":"2025-04-13T17:57:37","guid":{"rendered":"https:\/\/www.nelsonorgel.se\/?page_id=41"},"modified":"2025-06-16T16:05:18","modified_gmt":"2025-06-16T14:05:18","slug":"om-oss","status":"publish","type":"page","link":"https:\/\/www.nelsonorgel.se\/sv\/om-oss\/","title":{"rendered":"Om oss"},"content":{"rendered":"","protected":false},"excerpt":{"rendered":"","protected":false},"author":1,"featured_media":0,"parent":0,"menu_order":5,"comment_status":"closed","ping_status":"closed","template":"","meta":{"_acf_changed":false},"class_list":["post-41","page","type-page","status-publish","hentry"],"acf":{"sections":[{"acf_fc_layout":"banner_8","title":"Om oss","text":"Vi \u00e4r ett familje\u00e4gt orgelbyggeri med r\u00f6tter i en l\u00e5ng tradition. Vi bygger och renoverar orglar med fokus p\u00e5 kvalitet, teknik och historisk autenticitet.","clear_top_padding":"yes","clear_bottom_padding":"no","enable_background_color":"no"},{"acf_fc_layout":"section_2","big_image":"no","image":428,"image_align":"left","title":"V\u00e5r historia","text":"Fr\u00e5n starten i Lidk\u00f6ping 1892 med Carl A. H\u00e4rngren till dagens Karl Nelson Orgelbyggeri, har vi varit en del av en l\u00e5ng och rik orgelbyggartradition som fortsatt genom generationer.","buttons_on":"yes","button_style":"primary-button button--stroke","url_text":"L\u00e4s mer om v\u00e5r historia","url":43,"clear_top_padding":"yes","clear_bottom_padding":"yes","enable_background_color":"no"},{"acf_fc_layout":"section_2","big_image":"no","image":"","image_align":"right","title":"M\u00f6t v\u00e5rt team","text":"V\u00e5rt team best\u00e5r av skickliga och passionerade orgelbyggare och tekniker som arbetar tillsammans f\u00f6r att skapa och bevara orglar av h\u00f6gsta kvalitet.","buttons_on":"yes","button_style":"primary-button button--stroke","url_text":"M\u00f6t v\u00e5rt team","url":45,"clear_top_padding":"yes","clear_bottom_padding":"yes","enable_background_color":"no"}]},"yoast_head":"<!-- This site is optimized with the Yoast SEO plugin v27.5 - https:\/\/yoast.com\/product\/yoast-seo-wordpress\/ -->\n<title>Om oss | Karl Nelson Orgelbyggeri AB<\/title>\n<meta name=\"description\" content=\"Familjef\u00f6retag med djup hantverkstradition. L\u00e4r k\u00e4nna oss och v\u00e5rt engagemang i mekaniska orglars konst och funktion.\" \/>\n<meta name=\"robots\" content=\"index, follow, max-snippet:-1, max-image-preview:large, max-video-preview:-1\" \/>\n<link rel=\"canonical\" href=\"https:\/\/www.nelsonorgel.se\/sv\/om-oss\/\" \/>\n<meta property=\"og:locale\" content=\"sv_SE\" \/>\n<meta property=\"og:type\" content=\"article\" \/>\n<meta property=\"og:title\" content=\"Om oss | Karl Nelson Orgelbyggeri AB\" \/>\n<meta property=\"og:description\" content=\"Familjef\u00f6retag med djup hantverkstradition. L\u00e4r k\u00e4nna oss och v\u00e5rt engagemang i mekaniska orglars konst och funktion.\" \/>\n<meta property=\"og:url\" content=\"https:\/\/www.nelsonorgel.se\/sv\/om-oss\/\" \/>\n<meta property=\"og:site_name\" content=\"Karl Nelson Orgelbyggeri AB\" \/>\n<meta property=\"article:modified_time\" content=\"2025-06-16T14:05:18+00:00\" \/>\n<meta name=\"twitter:card\" content=\"summary_large_image\" \/>\n<script type=\"application\/ld+json\" class=\"yoast-schema-graph\">{\"@context\":\"https:\\\/\\\/schema.org\",\"@graph\":[{\"@type\":\"WebPage\",\"@id\":\"https:\\\/\\\/www.nelsonorgel.se\\\/sv\\\/om-oss\\\/\",\"url\":\"https:\\\/\\\/www.nelsonorgel.se\\\/sv\\\/om-oss\\\/\",\"name\":\"Om oss | Karl Nelson Orgelbyggeri AB\",\"isPartOf\":{\"@id\":\"https:\\\/\\\/www.nelsonorgel.se\\\/sv\\\/#website\"},\"datePublished\":\"2025-04-13T17:57:37+00:00\",\"dateModified\":\"2025-06-16T14:05:18+00:00\",\"description\":\"Familjef\u00f6retag med djup hantverkstradition. L\u00e4r k\u00e4nna oss och v\u00e5rt engagemang i mekaniska orglars konst och funktion.\",\"breadcrumb\":{\"@id\":\"https:\\\/\\\/www.nelsonorgel.se\\\/sv\\\/om-oss\\\/#breadcrumb\"},\"inLanguage\":\"sv-SE\",\"potentialAction\":[{\"@type\":\"ReadAction\",\"target\":[\"https:\\\/\\\/www.nelsonorgel.se\\\/sv\\\/om-oss\\\/\"]}]},{\"@type\":\"BreadcrumbList\",\"@id\":\"https:\\\/\\\/www.nelsonorgel.se\\\/sv\\\/om-oss\\\/#breadcrumb\",\"itemListElement\":[{\"@type\":\"ListItem\",\"position\":1,\"name\":\"Home\",\"item\":\"https:\\\/\\\/www.nelsonorgel.se\\\/sv\\\/\"},{\"@type\":\"ListItem\",\"position\":2,\"name\":\"Om oss\"}]},{\"@type\":\"WebSite\",\"@id\":\"https:\\\/\\\/www.nelsonorgel.se\\\/sv\\\/#website\",\"url\":\"https:\\\/\\\/www.nelsonorgel.se\\\/sv\\\/\",\"name\":\"Karl Nelson Orgelbyggeri AB\",\"description\":\"\",\"potentialAction\":[{\"@type\":\"SearchAction\",\"target\":{\"@type\":\"EntryPoint\",\"urlTemplate\":\"https:\\\/\\\/www.nelsonorgel.se\\\/sv\\\/?s={search_term_string}\"},\"query-input\":{\"@type\":\"PropertyValueSpecification\",\"valueRequired\":true,\"valueName\":\"search_term_string\"}}],\"inLanguage\":\"sv-SE\"}]}<\/script>\n<!-- \/ Yoast SEO plugin. -->","yoast_head_json":{"title":"Om oss | Karl Nelson Orgelbyggeri AB","description":"Familjef\u00f6retag med djup hantverkstradition. L\u00e4r k\u00e4nna oss och v\u00e5rt engagemang i mekaniska orglars konst och funktion.","robots":{"index":"index","follow":"follow","max-snippet":"max-snippet:-1","max-image-preview":"max-image-preview:large","max-video-preview":"max-video-preview:-1"},"canonical":"https:\/\/www.nelsonorgel.se\/sv\/om-oss\/","og_locale":"sv_SE","og_type":"article","og_title":"Om oss | Karl Nelson Orgelbyggeri AB","og_description":"Familjef\u00f6retag med djup hantverkstradition. L\u00e4r k\u00e4nna oss och v\u00e5rt engagemang i mekaniska orglars konst och funktion.","og_url":"https:\/\/www.nelsonorgel.se\/sv\/om-oss\/","og_site_name":"Karl Nelson Orgelbyggeri AB","article_modified_time":"2025-06-16T14:05:18+00:00","twitter_card":"summary_large_image","schema":{"@context":"https:\/\/schema.org","@graph":[{"@type":"WebPage","@id":"https:\/\/www.nelsonorgel.se\/sv\/om-oss\/","url":"https:\/\/www.nelsonorgel.se\/sv\/om-oss\/","name":"Om oss | Karl Nelson Orgelbyggeri AB","isPartOf":{"@id":"https:\/\/www.nelsonorgel.se\/sv\/#website"},"datePublished":"2025-04-13T17:57:37+00:00","dateModified":"2025-06-16T14:05:18+00:00","description":"Familjef\u00f6retag med djup hantverkstradition. L\u00e4r k\u00e4nna oss och v\u00e5rt engagemang i mekaniska orglars konst och funktion.","breadcrumb":{"@id":"https:\/\/www.nelsonorgel.se\/sv\/om-oss\/#breadcrumb"},"inLanguage":"sv-SE","potentialAction":[{"@type":"ReadAction","target":["https:\/\/www.nelsonorgel.se\/sv\/om-oss\/"]}]},{"@type":"BreadcrumbList","@id":"https:\/\/www.nelsonorgel.se\/sv\/om-oss\/#breadcrumb","itemListElement":[{"@type":"ListItem","position":1,"name":"Home","item":"https:\/\/www.nelsonorgel.se\/sv\/"},{"@type":"ListItem","position":2,"name":"Om oss"}]},{"@type":"WebSite","@id":"https:\/\/www.nelsonorgel.se\/sv\/#website","url":"https:\/\/www.nelsonorgel.se\/sv\/","name":"Karl Nelson Orgelbyggeri AB","description":"","potentialAction":[{"@type":"SearchAction","target":{"@type":"EntryPoint","urlTemplate":"https:\/\/www.nelsonorgel.se\/sv\/?s={search_term_string}"},"query-input":{"@type":"PropertyValueSpecification","valueRequired":true,"valueName":"search_term_string"}}],"inLanguage":"sv-SE"}]}},"_links":{"self":[{"href":"https:\/\/www.nelsonorgel.se\/sv\/wp-json\/wp\/v2\/pages\/41","targetHints":{"allow":["GET"]}}],"collection":[{"href":"https:\/\/www.nelsonorgel.se\/sv\/wp-json\/wp\/v2\/pages"}],"about":[{"href":"https:\/\/www.nelsonorgel.se\/sv\/wp-json\/wp\/v2\/types\/page"}],"author":[{"embeddable":true,"href":"https:\/\/www.nelsonorgel.se\/sv\/wp-json\/wp\/v2\/users\/1"}],"replies":[{"embeddable":true,"href":"https:\/\/www.nelsonorgel.se\/sv\/wp-json\/wp\/v2\/comments?post=41"}],"version-history":[{"count":12,"href":"https:\/\/www.nelsonorgel.se\/sv\/wp-json\/wp\/v2\/pages\/41\/revisions"}],"predecessor-version":[{"id":439,"href":"https:\/\/www.nelsonorgel.se\/sv\/wp-json\/wp\/v2\/pages\/41\/revisions\/439"}],"wp:attachment":[{"href":"https:\/\/www.nelsonorgel.se\/sv\/wp-json\/wp\/v2\/media?parent=41"}],"curies":[{"name":"wp","href":"https:\/\/api.w.org\/{rel}","templated":true}]}}