{"id":39,"date":"2025-04-13T19:57:19","date_gmt":"2025-04-13T17:57:19","guid":{"rendered":"https:\/\/www.nelsonorgel.se\/?page_id=39"},"modified":"2025-06-16T16:05:02","modified_gmt":"2025-06-16T14:05:02","slug":"underhall-och-stamning","status":"publish","type":"page","link":"https:\/\/www.nelsonorgel.se\/sv\/tjanster\/underhall-och-stamning\/","title":{"rendered":"Underh\u00e5ll och st\u00e4mning"},"content":{"rendered":"","protected":false},"excerpt":{"rendered":"","protected":false},"author":1,"featured_media":0,"parent":33,"menu_order":3,"comment_status":"closed","ping_status":"closed","template":"","meta":{"_acf_changed":false},"class_list":["post-39","page","type-page","status-publish","hentry"],"acf":{"sections":[{"acf_fc_layout":"section_8","title":"Underh\u00e5ll och st\u00e4mning","text":"M\u00e5let \u00e4r att ta hand om varje orgel p\u00e5 ett effektivt och respektfullt s\u00e4tt. Vi ser till att instrumentet h\u00e5ller st\u00e4mningen, fungerar mekaniskt, \u00e4r rent och v\u00e4l omh\u00e4ndertaget. Ett brett utbud av tj\u00e4nster erbjuds f\u00f6r att orgeln ska vara i b\u00e4sta m\u00f6jliga skick.\r\n\r\n<h3>St\u00e4mning<\/h3>\r\nSt\u00e4mning \u00e4r en av de vanligaste tj\u00e4nsterna vi utf\u00f6r. Vi ser till att orgeln l\u00e5ter som den ska och h\u00e5ller st\u00e4mningen \u00f6ver tid.\r\n\r\n<h3>Reng\u00f6ring och \u00f6versyn<\/h3>\r\nEn orgel beh\u00f6ver vanligtvis reng\u00f6ras vart tionde till tjugonde \u00e5r. D\u00e5 genomf\u00f6rs en noggrann genomg\u00e5ng som ofta omfattar f\u00f6ljande moment:\r\n\r\n<ul>\r\n  <li><strong>Nerplockning av pipor:<\/strong> Alla pipor tas ner f\u00f6r att m\u00f6jligg\u00f6ra en grundlig reng\u00f6ring.<\/li>\r\n  <li><strong>Reng\u00f6ring:<\/strong> Pipor, rastabr\u00e4dor, pipstockar och orgelhus reng\u00f6rs noggrant.<\/li>\r\n  <li><strong>Kontroll av st\u00e4mhattar:<\/strong> T\u00e4ckta pipors st\u00e4mhattar kontrolleras s\u00e5 att de fungerar korrekt.<\/li>\r\n  <li><strong>\u00d6versyn av intonation:<\/strong> Intonationen ses \u00f6ver. Tungst\u00e4mmor kr\u00e4ver oftast mer tid \u00e4n labialst\u00e4mmor.<\/li>\r\n  <li><strong>Mekanik och luftsystem:<\/strong> Mekaniken kontrolleras f\u00f6r tillf\u00f6rlitlig funktion och luftsystemet unders\u00f6ks f\u00f6r eventuella l\u00e4ckor.<\/li>\r\n  <li><strong>St\u00e4mning:<\/strong> Slutligen st\u00e4ms hela orgeln efter genomf\u00f6rd \u00f6versyn.<\/li>\r\n<\/ul>\r\n\r\nUnder arbetets g\u00e5ng kan mindre fel som tidigare inte m\u00e4rkts uppt\u00e4ckas. Dessa \u00e5tg\u00e4rdas i samr\u00e5d med kunden.\r\n"}]},"yoast_head":"<!-- This site is optimized with the Yoast SEO plugin v27.5 - https:\/\/yoast.com\/product\/yoast-seo-wordpress\/ -->\n<title>Underh\u00e5ll och st\u00e4mning | Karl Nelson Orgelbyggeri AB<\/title>\n<meta name=\"description\" content=\"Regelbunden st\u00e4mning, reng\u00f6ring och mekanisk \u00f6versyn f\u00f6r optimal ljudkvalitet. Vi tar hand om din orgel p\u00e5 plats.\" \/>\n<meta name=\"robots\" content=\"index, follow, max-snippet:-1, max-image-preview:large, max-video-preview:-1\" \/>\n<link rel=\"canonical\" href=\"https:\/\/www.nelsonorgel.se\/sv\/tjanster\/underhall-och-stamning\/\" \/>\n<meta property=\"og:locale\" content=\"sv_SE\" \/>\n<meta property=\"og:type\" content=\"article\" \/>\n<meta property=\"og:title\" content=\"Underh\u00e5ll och st\u00e4mning | Karl Nelson Orgelbyggeri AB\" \/>\n<meta property=\"og:description\" content=\"Regelbunden st\u00e4mning, reng\u00f6ring och mekanisk \u00f6versyn f\u00f6r optimal ljudkvalitet. Vi tar hand om din orgel p\u00e5 plats.\" \/>\n<meta property=\"og:url\" content=\"https:\/\/www.nelsonorgel.se\/sv\/tjanster\/underhall-och-stamning\/\" \/>\n<meta property=\"og:site_name\" content=\"Karl Nelson Orgelbyggeri AB\" \/>\n<meta property=\"article:modified_time\" content=\"2025-06-16T14:05:02+00:00\" \/>\n<meta name=\"twitter:card\" content=\"summary_large_image\" \/>\n<script type=\"application\/ld+json\" class=\"yoast-schema-graph\">{\"@context\":\"https:\\\/\\\/schema.org\",\"@graph\":[{\"@type\":\"WebPage\",\"@id\":\"https:\\\/\\\/www.nelsonorgel.se\\\/sv\\\/tjanster\\\/underhall-och-stamning\\\/\",\"url\":\"https:\\\/\\\/www.nelsonorgel.se\\\/sv\\\/tjanster\\\/underhall-och-stamning\\\/\",\"name\":\"Underh\u00e5ll och st\u00e4mning | Karl Nelson Orgelbyggeri AB\",\"isPartOf\":{\"@id\":\"https:\\\/\\\/www.nelsonorgel.se\\\/sv\\\/#website\"},\"datePublished\":\"2025-04-13T17:57:19+00:00\",\"dateModified\":\"2025-06-16T14:05:02+00:00\",\"description\":\"Regelbunden st\u00e4mning, reng\u00f6ring och mekanisk \u00f6versyn f\u00f6r optimal ljudkvalitet. Vi tar hand om din orgel p\u00e5 plats.\",\"breadcrumb\":{\"@id\":\"https:\\\/\\\/www.nelsonorgel.se\\\/sv\\\/tjanster\\\/underhall-och-stamning\\\/#breadcrumb\"},\"inLanguage\":\"sv-SE\",\"potentialAction\":[{\"@type\":\"ReadAction\",\"target\":[\"https:\\\/\\\/www.nelsonorgel.se\\\/sv\\\/tjanster\\\/underhall-och-stamning\\\/\"]}]},{\"@type\":\"BreadcrumbList\",\"@id\":\"https:\\\/\\\/www.nelsonorgel.se\\\/sv\\\/tjanster\\\/underhall-och-stamning\\\/#breadcrumb\",\"itemListElement\":[{\"@type\":\"ListItem\",\"position\":1,\"name\":\"Home\",\"item\":\"https:\\\/\\\/www.nelsonorgel.se\\\/sv\\\/\"},{\"@type\":\"ListItem\",\"position\":2,\"name\":\"V\u00e5ra tj\u00e4nster\",\"item\":\"https:\\\/\\\/www.nelsonorgel.se\\\/sv\\\/tjanster\\\/\"},{\"@type\":\"ListItem\",\"position\":3,\"name\":\"Underh\u00e5ll och st\u00e4mning\"}]},{\"@type\":\"WebSite\",\"@id\":\"https:\\\/\\\/www.nelsonorgel.se\\\/sv\\\/#website\",\"url\":\"https:\\\/\\\/www.nelsonorgel.se\\\/sv\\\/\",\"name\":\"Karl Nelson Orgelbyggeri AB\",\"description\":\"\",\"potentialAction\":[{\"@type\":\"SearchAction\",\"target\":{\"@type\":\"EntryPoint\",\"urlTemplate\":\"https:\\\/\\\/www.nelsonorgel.se\\\/sv\\\/?s={search_term_string}\"},\"query-input\":{\"@type\":\"PropertyValueSpecification\",\"valueRequired\":true,\"valueName\":\"search_term_string\"}}],\"inLanguage\":\"sv-SE\"}]}<\/script>\n<!-- \/ Yoast SEO plugin. -->","yoast_head_json":{"title":"Underh\u00e5ll och st\u00e4mning | Karl Nelson Orgelbyggeri AB","description":"Regelbunden st\u00e4mning, reng\u00f6ring och mekanisk \u00f6versyn f\u00f6r optimal ljudkvalitet. Vi tar hand om din orgel p\u00e5 plats.","robots":{"index":"index","follow":"follow","max-snippet":"max-snippet:-1","max-image-preview":"max-image-preview:large","max-video-preview":"max-video-preview:-1"},"canonical":"https:\/\/www.nelsonorgel.se\/sv\/tjanster\/underhall-och-stamning\/","og_locale":"sv_SE","og_type":"article","og_title":"Underh\u00e5ll och st\u00e4mning | Karl Nelson Orgelbyggeri AB","og_description":"Regelbunden st\u00e4mning, reng\u00f6ring och mekanisk \u00f6versyn f\u00f6r optimal ljudkvalitet. Vi tar hand om din orgel p\u00e5 plats.","og_url":"https:\/\/www.nelsonorgel.se\/sv\/tjanster\/underhall-och-stamning\/","og_site_name":"Karl Nelson Orgelbyggeri AB","article_modified_time":"2025-06-16T14:05:02+00:00","twitter_card":"summary_large_image","schema":{"@context":"https:\/\/schema.org","@graph":[{"@type":"WebPage","@id":"https:\/\/www.nelsonorgel.se\/sv\/tjanster\/underhall-och-stamning\/","url":"https:\/\/www.nelsonorgel.se\/sv\/tjanster\/underhall-och-stamning\/","name":"Underh\u00e5ll och st\u00e4mning | Karl Nelson Orgelbyggeri AB","isPartOf":{"@id":"https:\/\/www.nelsonorgel.se\/sv\/#website"},"datePublished":"2025-04-13T17:57:19+00:00","dateModified":"2025-06-16T14:05:02+00:00","description":"Regelbunden st\u00e4mning, reng\u00f6ring och mekanisk \u00f6versyn f\u00f6r optimal ljudkvalitet. Vi tar hand om din orgel p\u00e5 plats.","breadcrumb":{"@id":"https:\/\/www.nelsonorgel.se\/sv\/tjanster\/underhall-och-stamning\/#breadcrumb"},"inLanguage":"sv-SE","potentialAction":[{"@type":"ReadAction","target":["https:\/\/www.nelsonorgel.se\/sv\/tjanster\/underhall-och-stamning\/"]}]},{"@type":"BreadcrumbList","@id":"https:\/\/www.nelsonorgel.se\/sv\/tjanster\/underhall-och-stamning\/#breadcrumb","itemListElement":[{"@type":"ListItem","position":1,"name":"Home","item":"https:\/\/www.nelsonorgel.se\/sv\/"},{"@type":"ListItem","position":2,"name":"V\u00e5ra tj\u00e4nster","item":"https:\/\/www.nelsonorgel.se\/sv\/tjanster\/"},{"@type":"ListItem","position":3,"name":"Underh\u00e5ll och st\u00e4mning"}]},{"@type":"WebSite","@id":"https:\/\/www.nelsonorgel.se\/sv\/#website","url":"https:\/\/www.nelsonorgel.se\/sv\/","name":"Karl Nelson Orgelbyggeri AB","description":"","potentialAction":[{"@type":"SearchAction","target":{"@type":"EntryPoint","urlTemplate":"https:\/\/www.nelsonorgel.se\/sv\/?s={search_term_string}"},"query-input":{"@type":"PropertyValueSpecification","valueRequired":true,"valueName":"search_term_string"}}],"inLanguage":"sv-SE"}]}},"_links":{"self":[{"href":"https:\/\/www.nelsonorgel.se\/sv\/wp-json\/wp\/v2\/pages\/39","targetHints":{"allow":["GET"]}}],"collection":[{"href":"https:\/\/www.nelsonorgel.se\/sv\/wp-json\/wp\/v2\/pages"}],"about":[{"href":"https:\/\/www.nelsonorgel.se\/sv\/wp-json\/wp\/v2\/types\/page"}],"author":[{"embeddable":true,"href":"https:\/\/www.nelsonorgel.se\/sv\/wp-json\/wp\/v2\/users\/1"}],"replies":[{"embeddable":true,"href":"https:\/\/www.nelsonorgel.se\/sv\/wp-json\/wp\/v2\/comments?post=39"}],"version-history":[{"count":4,"href":"https:\/\/www.nelsonorgel.se\/sv\/wp-json\/wp\/v2\/pages\/39\/revisions"}],"predecessor-version":[{"id":686,"href":"https:\/\/www.nelsonorgel.se\/sv\/wp-json\/wp\/v2\/pages\/39\/revisions\/686"}],"up":[{"embeddable":true,"href":"https:\/\/www.nelsonorgel.se\/sv\/wp-json\/wp\/v2\/pages\/33"}],"wp:attachment":[{"href":"https:\/\/www.nelsonorgel.se\/sv\/wp-json\/wp\/v2\/media?parent=39"}],"curies":[{"name":"wp","href":"https:\/\/api.w.org\/{rel}","templated":true}]}}