{"id":37,"date":"2025-04-13T19:57:04","date_gmt":"2025-04-13T17:57:04","guid":{"rendered":"https:\/\/www.nelsonorgel.se\/?page_id=37"},"modified":"2025-06-16T16:04:39","modified_gmt":"2025-06-16T14:04:39","slug":"renovering","status":"publish","type":"page","link":"https:\/\/www.nelsonorgel.se\/sv\/tjanster\/renovering\/","title":{"rendered":"Renovering"},"content":{"rendered":"","protected":false},"excerpt":{"rendered":"","protected":false},"author":1,"featured_media":0,"parent":33,"menu_order":2,"comment_status":"closed","ping_status":"closed","template":"","meta":{"_acf_changed":false},"class_list":["post-37","page","type-page","status-publish","hentry"],"acf":{"sections":[{"acf_fc_layout":"banner_9","title":"Renovering","text":"Vi erbjuder omfattande renoveringstj\u00e4nster f\u00f6r alla typer av orglar, fr\u00e5n lagning av skador till uppdatering av st\u00e4mmor eller mekanik. I vissa fall kan vi med f\u00f6rdel intonera om olika register eller komplettera dispositionen f\u00f6r att f\u00f6rb\u00e4ttra orgelns klangbild. ","image":659,"clear_top_padding":"yes","clear_bottom_padding":"yes","enable_background_color":"no"},{"acf_fc_layout":"section_46","title":"Process vid renovering","sub_title":"S\u00e5 g\u00e5r det till n\u00e4r vi renoverar","repeater_field":[{"top_text":"1","title":"Inledande bes\u00f6k och utv\u00e4rdering","text":"Vi b\u00f6rjar med att bes\u00f6ka orgeln p\u00e5 plats f\u00f6r att g\u00f6ra en noggrann utv\u00e4rdering. Efter att ha unders\u00f6kt orgelns tillst\u00e5nd identifierar vi vilka \u00e5tg\u00e4rder som beh\u00f6vs. Om det finns \u00f6nskem\u00e5l om f\u00f6r\u00e4ndringar ser vi \u00f6ver hur dessa kan bem\u00f6tas."},{"top_text":"2","title":"Planering och materialval","text":"Baserat p\u00e5 utv\u00e4rderingen utarbetar vi en detaljerad plan f\u00f6r renoveringen. Om orgeln \u00e4r historisk v\u00e4ljer vi material som matchar originalet f\u00f6r att bevara dess autenticitet och karakt\u00e4r."},{"top_text":"3","title":"Renoveringsarbete","text":"Vissa arbeten kan utf\u00f6ras p\u00e5 plats, medan andra kr\u00e4ver att orgeln eller vissa delar av den transporteras till v\u00e5r verkstad. Vi utf\u00f6r v\u00e5rt arbete med stor respekt f\u00f6r orgelns ursprungliga karakt\u00e4r. "},{"top_text":"4","title":"Montering och Justering","text":"Efter att renoveringen \u00e4r genomf\u00f6rd monterar vi ihop orgeln igen och justerar det som beh\u00f6vs. Vi ser till att alla delar fungerar som de ska och att orgeln l\u00e5ter s\u00e5 bra som m\u00f6jligt. Sist utf\u00f6r vi en genomg\u00e5ende st\u00e4mning. Projektet avslutas med en skriftlig rapport. "}],"clear_top_padding":"no","clear_bottom_padding":"yes","columns_per_row":"two"}]},"yoast_head":"<!-- This site is optimized with the Yoast SEO plugin v27.5 - https:\/\/yoast.com\/product\/yoast-seo-wordpress\/ -->\n<title>Renovering | Karl Nelson Orgelbyggeri AB<\/title>\n<meta name=\"description\" content=\"V\u00e5ra renoveringsarbeten d\u00e4r tradition och musikalitet sammanstr\u00e5lar f\u00f6r att \u00e5terst\u00e4lla och f\u00f6rb\u00e4ttra orglars klang.\" \/>\n<meta name=\"robots\" content=\"index, follow, max-snippet:-1, max-image-preview:large, max-video-preview:-1\" \/>\n<link rel=\"canonical\" href=\"https:\/\/www.nelsonorgel.se\/sv\/tjanster\/renovering\/\" \/>\n<meta property=\"og:locale\" content=\"sv_SE\" \/>\n<meta property=\"og:type\" content=\"article\" \/>\n<meta property=\"og:title\" content=\"Renovering | Karl Nelson Orgelbyggeri AB\" \/>\n<meta property=\"og:description\" content=\"V\u00e5ra renoveringsarbeten d\u00e4r tradition och musikalitet sammanstr\u00e5lar f\u00f6r att \u00e5terst\u00e4lla och f\u00f6rb\u00e4ttra orglars klang.\" \/>\n<meta property=\"og:url\" content=\"https:\/\/www.nelsonorgel.se\/sv\/tjanster\/renovering\/\" \/>\n<meta property=\"og:site_name\" content=\"Karl Nelson Orgelbyggeri AB\" \/>\n<meta property=\"article:modified_time\" content=\"2025-06-16T14:04:39+00:00\" \/>\n<meta name=\"twitter:card\" content=\"summary_large_image\" \/>\n<script type=\"application\/ld+json\" class=\"yoast-schema-graph\">{\"@context\":\"https:\\\/\\\/schema.org\",\"@graph\":[{\"@type\":\"WebPage\",\"@id\":\"https:\\\/\\\/www.nelsonorgel.se\\\/sv\\\/tjanster\\\/renovering\\\/\",\"url\":\"https:\\\/\\\/www.nelsonorgel.se\\\/sv\\\/tjanster\\\/renovering\\\/\",\"name\":\"Renovering | Karl Nelson Orgelbyggeri AB\",\"isPartOf\":{\"@id\":\"https:\\\/\\\/www.nelsonorgel.se\\\/sv\\\/#website\"},\"datePublished\":\"2025-04-13T17:57:04+00:00\",\"dateModified\":\"2025-06-16T14:04:39+00:00\",\"description\":\"V\u00e5ra renoveringsarbeten d\u00e4r tradition och musikalitet sammanstr\u00e5lar f\u00f6r att \u00e5terst\u00e4lla och f\u00f6rb\u00e4ttra orglars klang.\",\"breadcrumb\":{\"@id\":\"https:\\\/\\\/www.nelsonorgel.se\\\/sv\\\/tjanster\\\/renovering\\\/#breadcrumb\"},\"inLanguage\":\"sv-SE\",\"potentialAction\":[{\"@type\":\"ReadAction\",\"target\":[\"https:\\\/\\\/www.nelsonorgel.se\\\/sv\\\/tjanster\\\/renovering\\\/\"]}]},{\"@type\":\"BreadcrumbList\",\"@id\":\"https:\\\/\\\/www.nelsonorgel.se\\\/sv\\\/tjanster\\\/renovering\\\/#breadcrumb\",\"itemListElement\":[{\"@type\":\"ListItem\",\"position\":1,\"name\":\"Home\",\"item\":\"https:\\\/\\\/www.nelsonorgel.se\\\/sv\\\/\"},{\"@type\":\"ListItem\",\"position\":2,\"name\":\"V\u00e5ra tj\u00e4nster\",\"item\":\"https:\\\/\\\/www.nelsonorgel.se\\\/sv\\\/tjanster\\\/\"},{\"@type\":\"ListItem\",\"position\":3,\"name\":\"Renovering\"}]},{\"@type\":\"WebSite\",\"@id\":\"https:\\\/\\\/www.nelsonorgel.se\\\/sv\\\/#website\",\"url\":\"https:\\\/\\\/www.nelsonorgel.se\\\/sv\\\/\",\"name\":\"Karl Nelson Orgelbyggeri AB\",\"description\":\"\",\"potentialAction\":[{\"@type\":\"SearchAction\",\"target\":{\"@type\":\"EntryPoint\",\"urlTemplate\":\"https:\\\/\\\/www.nelsonorgel.se\\\/sv\\\/?s={search_term_string}\"},\"query-input\":{\"@type\":\"PropertyValueSpecification\",\"valueRequired\":true,\"valueName\":\"search_term_string\"}}],\"inLanguage\":\"sv-SE\"}]}<\/script>\n<!-- \/ Yoast SEO plugin. -->","yoast_head_json":{"title":"Renovering | Karl Nelson Orgelbyggeri AB","description":"V\u00e5ra renoveringsarbeten d\u00e4r tradition och musikalitet sammanstr\u00e5lar f\u00f6r att \u00e5terst\u00e4lla och f\u00f6rb\u00e4ttra orglars klang.","robots":{"index":"index","follow":"follow","max-snippet":"max-snippet:-1","max-image-preview":"max-image-preview:large","max-video-preview":"max-video-preview:-1"},"canonical":"https:\/\/www.nelsonorgel.se\/sv\/tjanster\/renovering\/","og_locale":"sv_SE","og_type":"article","og_title":"Renovering | Karl Nelson Orgelbyggeri AB","og_description":"V\u00e5ra renoveringsarbeten d\u00e4r tradition och musikalitet sammanstr\u00e5lar f\u00f6r att \u00e5terst\u00e4lla och f\u00f6rb\u00e4ttra orglars klang.","og_url":"https:\/\/www.nelsonorgel.se\/sv\/tjanster\/renovering\/","og_site_name":"Karl Nelson Orgelbyggeri AB","article_modified_time":"2025-06-16T14:04:39+00:00","twitter_card":"summary_large_image","schema":{"@context":"https:\/\/schema.org","@graph":[{"@type":"WebPage","@id":"https:\/\/www.nelsonorgel.se\/sv\/tjanster\/renovering\/","url":"https:\/\/www.nelsonorgel.se\/sv\/tjanster\/renovering\/","name":"Renovering | Karl Nelson Orgelbyggeri AB","isPartOf":{"@id":"https:\/\/www.nelsonorgel.se\/sv\/#website"},"datePublished":"2025-04-13T17:57:04+00:00","dateModified":"2025-06-16T14:04:39+00:00","description":"V\u00e5ra renoveringsarbeten d\u00e4r tradition och musikalitet sammanstr\u00e5lar f\u00f6r att \u00e5terst\u00e4lla och f\u00f6rb\u00e4ttra orglars klang.","breadcrumb":{"@id":"https:\/\/www.nelsonorgel.se\/sv\/tjanster\/renovering\/#breadcrumb"},"inLanguage":"sv-SE","potentialAction":[{"@type":"ReadAction","target":["https:\/\/www.nelsonorgel.se\/sv\/tjanster\/renovering\/"]}]},{"@type":"BreadcrumbList","@id":"https:\/\/www.nelsonorgel.se\/sv\/tjanster\/renovering\/#breadcrumb","itemListElement":[{"@type":"ListItem","position":1,"name":"Home","item":"https:\/\/www.nelsonorgel.se\/sv\/"},{"@type":"ListItem","position":2,"name":"V\u00e5ra tj\u00e4nster","item":"https:\/\/www.nelsonorgel.se\/sv\/tjanster\/"},{"@type":"ListItem","position":3,"name":"Renovering"}]},{"@type":"WebSite","@id":"https:\/\/www.nelsonorgel.se\/sv\/#website","url":"https:\/\/www.nelsonorgel.se\/sv\/","name":"Karl Nelson Orgelbyggeri AB","description":"","potentialAction":[{"@type":"SearchAction","target":{"@type":"EntryPoint","urlTemplate":"https:\/\/www.nelsonorgel.se\/sv\/?s={search_term_string}"},"query-input":{"@type":"PropertyValueSpecification","valueRequired":true,"valueName":"search_term_string"}}],"inLanguage":"sv-SE"}]}},"_links":{"self":[{"href":"https:\/\/www.nelsonorgel.se\/sv\/wp-json\/wp\/v2\/pages\/37","targetHints":{"allow":["GET"]}}],"collection":[{"href":"https:\/\/www.nelsonorgel.se\/sv\/wp-json\/wp\/v2\/pages"}],"about":[{"href":"https:\/\/www.nelsonorgel.se\/sv\/wp-json\/wp\/v2\/types\/page"}],"author":[{"embeddable":true,"href":"https:\/\/www.nelsonorgel.se\/sv\/wp-json\/wp\/v2\/users\/1"}],"replies":[{"embeddable":true,"href":"https:\/\/www.nelsonorgel.se\/sv\/wp-json\/wp\/v2\/comments?post=37"}],"version-history":[{"count":8,"href":"https:\/\/www.nelsonorgel.se\/sv\/wp-json\/wp\/v2\/pages\/37\/revisions"}],"predecessor-version":[{"id":671,"href":"https:\/\/www.nelsonorgel.se\/sv\/wp-json\/wp\/v2\/pages\/37\/revisions\/671"}],"up":[{"embeddable":true,"href":"https:\/\/www.nelsonorgel.se\/sv\/wp-json\/wp\/v2\/pages\/33"}],"wp:attachment":[{"href":"https:\/\/www.nelsonorgel.se\/sv\/wp-json\/wp\/v2\/media?parent=37"}],"curies":[{"name":"wp","href":"https:\/\/api.w.org\/{rel}","templated":true}]}}