{"id":35,"date":"2025-04-13T19:56:48","date_gmt":"2025-04-13T17:56:48","guid":{"rendered":"https:\/\/www.nelsonorgel.se\/?page_id=35"},"modified":"2025-06-16T16:04:01","modified_gmt":"2025-06-16T14:04:01","slug":"nybyggnation","status":"publish","type":"page","link":"https:\/\/www.nelsonorgel.se\/sv\/tjanster\/nybyggnation\/","title":{"rendered":"Nybyggnation"},"content":{"rendered":"","protected":false},"excerpt":{"rendered":"","protected":false},"author":1,"featured_media":0,"parent":33,"menu_order":1,"comment_status":"closed","ping_status":"closed","template":"","meta":{"_acf_changed":false},"class_list":["post-35","page","type-page","status-publish","hentry"],"acf":{"sections":[{"acf_fc_layout":"banner_9","title":"Nybyggnation","text":"<strong>V\u00e5rt h\u00f6gsta m\u00e5l<\/strong> \u00e4r att skapa orglar som f\u00f6rdjupar den andliga upplevelsen. Vi specialiserar oss p\u00e5 att bygga traditionella mekaniska piporglar som \u00e4r anpassade f\u00f6r repertoar och liturgisk musik i olika akustiska milj\u00f6er. Inspirerade av barockens anda, men utan att kopiera en specifik stil, kombinerar vi de b\u00e4sta egenskaperna fr\u00e5n de fr\u00e4msta orglarna genom tiderna f\u00f6r att skapa unika och tidl\u00f6sa instrument. Vi str\u00e4var efter att skapa instrument som inte bara \u00e4r tekniskt imponerande, utan som ocks\u00e5 ber\u00f6r sj\u00e4len.","image":650,"clear_top_padding":"yes","clear_bottom_padding":"yes","enable_background_color":"no"},{"acf_fc_layout":"section_46","title":"Process vid nybyggnation","sub_title":"S\u00e5 g\u00e5r det till n\u00e4r vi bygger nytt","repeater_field":[{"top_text":"1","title":"Design och Planering","text":"Varje orgelprojekt inleds med en noggrann planerings- och designfas. Vi arbetar n\u00e4ra v\u00e5ra kunder f\u00f6r att f\u00f6rst\u00e5 deras specifika behov och \u00f6nskem\u00e5l, och utvecklar en unik design som passar b\u00e5de rummet och den musikaliska funktionen."},{"top_text":"2","title":"Materialval","text":"Vi anv\u00e4nder endast de finaste materialen f\u00f6r v\u00e5ra orglar. Tr\u00e4et som anv\u00e4nds \u00e4r huvudsakligen kvarts\u00e5gad svensk furu, men \u00e4ven ek och andra \u00e4dla tr\u00e4slag. Metallpiporna tillverkas av olika legeringar av tenn och bly, oftast hamrat. "},{"top_text":"3","title":"Tillverkning","text":"Varje del av orgeln tillverkas med stor precision och omsorg. V\u00e5ra hantverkare \u00e4r stolta \u00f6ver sina metoder och anv\u00e4nder b\u00e5de traditionella och moderna tekniker f\u00f6r att s\u00e4kerst\u00e4lla att varje detalj \u00e4r perfekt."},{"top_text":"4","title":"Montering","text":"N\u00e4r alla delar \u00e4r f\u00e4rdigst\u00e4llda monteras orgeln p\u00e5 plats. Detta \u00e4r kulmen av arbetet, d\u00e5 vi \u00e4ntligen f\u00e5r se och h\u00f6ra hela orgeln p\u00e5 sin plats."},{"top_text":"5","title":"Intonering och St\u00e4mning","text":"N\u00e4r orgeln \u00e4r p\u00e5 plats p\u00e5b\u00f6rjas intoneringen av piporna. Detta \u00e4r ett tidskr\u00e4vande arbete d\u00e4r varje pipa g\u00e5s igenom och finjusteras f\u00f6r att uppn\u00e5 ett balanserat resultat. Efter detta st\u00e4ms varje pipa, och orgeln ljuder \u00e4ntligen i samklang."},{"top_text":"6","title":"Efterarbete och Underh\u00e5ll","text":"Efter installationen erbjuder vi kontinuerligt underh\u00e5ll och st\u00f6d f\u00f6r att s\u00e4kerst\u00e4lla att orgeln h\u00e5ller h\u00f6g kvalitet och fungerar optimalt under m\u00e5nga \u00e5r fram\u00f6ver."}],"clear_top_padding":"no","clear_bottom_padding":"yes","columns_per_row":"three"}]},"yoast_head":"<!-- This site is optimized with the Yoast SEO plugin v27.5 - https:\/\/yoast.com\/product\/yoast-seo-wordpress\/ -->\n<title>Nybyggnation | Karl Nelson Orgelbyggeri AB<\/title>\n<meta name=\"description\" content=\"Vi designar och bygger nya mekaniska piporglar med h\u00e4nsyn till akustik, tradition och kundens \u00f6nskem\u00e5l.\" \/>\n<meta name=\"robots\" content=\"index, follow, max-snippet:-1, max-image-preview:large, max-video-preview:-1\" \/>\n<link rel=\"canonical\" href=\"https:\/\/www.nelsonorgel.se\/sv\/tjanster\/nybyggnation\/\" \/>\n<meta property=\"og:locale\" content=\"sv_SE\" \/>\n<meta property=\"og:type\" content=\"article\" \/>\n<meta property=\"og:title\" content=\"Nybyggnation | Karl Nelson Orgelbyggeri AB\" \/>\n<meta property=\"og:description\" content=\"Vi designar och bygger nya mekaniska piporglar med h\u00e4nsyn till akustik, tradition och kundens \u00f6nskem\u00e5l.\" \/>\n<meta property=\"og:url\" content=\"https:\/\/www.nelsonorgel.se\/sv\/tjanster\/nybyggnation\/\" \/>\n<meta property=\"og:site_name\" content=\"Karl Nelson Orgelbyggeri AB\" \/>\n<meta property=\"article:modified_time\" content=\"2025-06-16T14:04:01+00:00\" \/>\n<meta name=\"twitter:card\" content=\"summary_large_image\" \/>\n<script type=\"application\/ld+json\" class=\"yoast-schema-graph\">{\"@context\":\"https:\\\/\\\/schema.org\",\"@graph\":[{\"@type\":\"WebPage\",\"@id\":\"https:\\\/\\\/www.nelsonorgel.se\\\/sv\\\/tjanster\\\/nybyggnation\\\/\",\"url\":\"https:\\\/\\\/www.nelsonorgel.se\\\/sv\\\/tjanster\\\/nybyggnation\\\/\",\"name\":\"Nybyggnation | Karl Nelson Orgelbyggeri AB\",\"isPartOf\":{\"@id\":\"https:\\\/\\\/www.nelsonorgel.se\\\/sv\\\/#website\"},\"datePublished\":\"2025-04-13T17:56:48+00:00\",\"dateModified\":\"2025-06-16T14:04:01+00:00\",\"description\":\"Vi designar och bygger nya mekaniska piporglar med h\u00e4nsyn till akustik, tradition och kundens \u00f6nskem\u00e5l.\",\"breadcrumb\":{\"@id\":\"https:\\\/\\\/www.nelsonorgel.se\\\/sv\\\/tjanster\\\/nybyggnation\\\/#breadcrumb\"},\"inLanguage\":\"sv-SE\",\"potentialAction\":[{\"@type\":\"ReadAction\",\"target\":[\"https:\\\/\\\/www.nelsonorgel.se\\\/sv\\\/tjanster\\\/nybyggnation\\\/\"]}]},{\"@type\":\"BreadcrumbList\",\"@id\":\"https:\\\/\\\/www.nelsonorgel.se\\\/sv\\\/tjanster\\\/nybyggnation\\\/#breadcrumb\",\"itemListElement\":[{\"@type\":\"ListItem\",\"position\":1,\"name\":\"Home\",\"item\":\"https:\\\/\\\/www.nelsonorgel.se\\\/sv\\\/\"},{\"@type\":\"ListItem\",\"position\":2,\"name\":\"V\u00e5ra tj\u00e4nster\",\"item\":\"https:\\\/\\\/www.nelsonorgel.se\\\/sv\\\/tjanster\\\/\"},{\"@type\":\"ListItem\",\"position\":3,\"name\":\"Nybyggnation\"}]},{\"@type\":\"WebSite\",\"@id\":\"https:\\\/\\\/www.nelsonorgel.se\\\/sv\\\/#website\",\"url\":\"https:\\\/\\\/www.nelsonorgel.se\\\/sv\\\/\",\"name\":\"Karl Nelson Orgelbyggeri AB\",\"description\":\"\",\"potentialAction\":[{\"@type\":\"SearchAction\",\"target\":{\"@type\":\"EntryPoint\",\"urlTemplate\":\"https:\\\/\\\/www.nelsonorgel.se\\\/sv\\\/?s={search_term_string}\"},\"query-input\":{\"@type\":\"PropertyValueSpecification\",\"valueRequired\":true,\"valueName\":\"search_term_string\"}}],\"inLanguage\":\"sv-SE\"}]}<\/script>\n<!-- \/ Yoast SEO plugin. -->","yoast_head_json":{"title":"Nybyggnation | Karl Nelson Orgelbyggeri AB","description":"Vi designar och bygger nya mekaniska piporglar med h\u00e4nsyn till akustik, tradition och kundens \u00f6nskem\u00e5l.","robots":{"index":"index","follow":"follow","max-snippet":"max-snippet:-1","max-image-preview":"max-image-preview:large","max-video-preview":"max-video-preview:-1"},"canonical":"https:\/\/www.nelsonorgel.se\/sv\/tjanster\/nybyggnation\/","og_locale":"sv_SE","og_type":"article","og_title":"Nybyggnation | Karl Nelson Orgelbyggeri AB","og_description":"Vi designar och bygger nya mekaniska piporglar med h\u00e4nsyn till akustik, tradition och kundens \u00f6nskem\u00e5l.","og_url":"https:\/\/www.nelsonorgel.se\/sv\/tjanster\/nybyggnation\/","og_site_name":"Karl Nelson Orgelbyggeri AB","article_modified_time":"2025-06-16T14:04:01+00:00","twitter_card":"summary_large_image","schema":{"@context":"https:\/\/schema.org","@graph":[{"@type":"WebPage","@id":"https:\/\/www.nelsonorgel.se\/sv\/tjanster\/nybyggnation\/","url":"https:\/\/www.nelsonorgel.se\/sv\/tjanster\/nybyggnation\/","name":"Nybyggnation | Karl Nelson Orgelbyggeri AB","isPartOf":{"@id":"https:\/\/www.nelsonorgel.se\/sv\/#website"},"datePublished":"2025-04-13T17:56:48+00:00","dateModified":"2025-06-16T14:04:01+00:00","description":"Vi designar och bygger nya mekaniska piporglar med h\u00e4nsyn till akustik, tradition och kundens \u00f6nskem\u00e5l.","breadcrumb":{"@id":"https:\/\/www.nelsonorgel.se\/sv\/tjanster\/nybyggnation\/#breadcrumb"},"inLanguage":"sv-SE","potentialAction":[{"@type":"ReadAction","target":["https:\/\/www.nelsonorgel.se\/sv\/tjanster\/nybyggnation\/"]}]},{"@type":"BreadcrumbList","@id":"https:\/\/www.nelsonorgel.se\/sv\/tjanster\/nybyggnation\/#breadcrumb","itemListElement":[{"@type":"ListItem","position":1,"name":"Home","item":"https:\/\/www.nelsonorgel.se\/sv\/"},{"@type":"ListItem","position":2,"name":"V\u00e5ra tj\u00e4nster","item":"https:\/\/www.nelsonorgel.se\/sv\/tjanster\/"},{"@type":"ListItem","position":3,"name":"Nybyggnation"}]},{"@type":"WebSite","@id":"https:\/\/www.nelsonorgel.se\/sv\/#website","url":"https:\/\/www.nelsonorgel.se\/sv\/","name":"Karl Nelson Orgelbyggeri AB","description":"","potentialAction":[{"@type":"SearchAction","target":{"@type":"EntryPoint","urlTemplate":"https:\/\/www.nelsonorgel.se\/sv\/?s={search_term_string}"},"query-input":{"@type":"PropertyValueSpecification","valueRequired":true,"valueName":"search_term_string"}}],"inLanguage":"sv-SE"}]}},"_links":{"self":[{"href":"https:\/\/www.nelsonorgel.se\/sv\/wp-json\/wp\/v2\/pages\/35","targetHints":{"allow":["GET"]}}],"collection":[{"href":"https:\/\/www.nelsonorgel.se\/sv\/wp-json\/wp\/v2\/pages"}],"about":[{"href":"https:\/\/www.nelsonorgel.se\/sv\/wp-json\/wp\/v2\/types\/page"}],"author":[{"embeddable":true,"href":"https:\/\/www.nelsonorgel.se\/sv\/wp-json\/wp\/v2\/users\/1"}],"replies":[{"embeddable":true,"href":"https:\/\/www.nelsonorgel.se\/sv\/wp-json\/wp\/v2\/comments?post=35"}],"version-history":[{"count":14,"href":"https:\/\/www.nelsonorgel.se\/sv\/wp-json\/wp\/v2\/pages\/35\/revisions"}],"predecessor-version":[{"id":683,"href":"https:\/\/www.nelsonorgel.se\/sv\/wp-json\/wp\/v2\/pages\/35\/revisions\/683"}],"up":[{"embeddable":true,"href":"https:\/\/www.nelsonorgel.se\/sv\/wp-json\/wp\/v2\/pages\/33"}],"wp:attachment":[{"href":"https:\/\/www.nelsonorgel.se\/sv\/wp-json\/wp\/v2\/media?parent=35"}],"curies":[{"name":"wp","href":"https:\/\/api.w.org\/{rel}","templated":true}]}}