{"id":33,"date":"2025-04-13T19:56:25","date_gmt":"2025-04-13T17:56:25","guid":{"rendered":"https:\/\/www.nelsonorgel.se\/?page_id=33"},"modified":"2025-06-16T16:25:40","modified_gmt":"2025-06-16T14:25:40","slug":"tjanster","status":"publish","type":"page","link":"https:\/\/www.nelsonorgel.se\/sv\/tjanster\/","title":{"rendered":"V\u00e5ra tj\u00e4nster"},"content":{"rendered":"","protected":false},"excerpt":{"rendered":"","protected":false},"author":1,"featured_media":0,"parent":0,"menu_order":4,"comment_status":"closed","ping_status":"closed","template":"","meta":{"_acf_changed":false},"class_list":["post-33","page","type-page","status-publish","hentry"],"acf":{"sections":[{"acf_fc_layout":"banner_8","title":"V\u00e5ra tj\u00e4nster","text":"Vi bygger, renoverar och underh\u00e5ller mekaniska piporglar med omsorg om b\u00e5de hantverk och klang. Oavsett uppdrag arbetar vi n\u00e4ra v\u00e5ra kunder f\u00f6r att skapa h\u00e5llbara och musikaliskt levande instrument.","clear_top_padding":"yes","clear_bottom_padding":"no","enable_background_color":"no"},{"acf_fc_layout":"section_41","title":"","repeater_field":[{"bg_image":"","icon":"","title":"Nybyggnation","text":"Vi specialiserar oss p\u00e5 att bygga unika mekaniska piporglar, designade f\u00f6r att f\u00f6rdjupa den andliga upplevelsen. Genom att kombinera traditionella metoder med modern precision skapar vi orglar som inte bara \u00e4r tekniskt imponerande, utan ocks\u00e5 ber\u00f6r sj\u00e4len. Vi arbetar n\u00e4ra v\u00e5ra kunder f\u00f6r att designa och tillverka instrument som passar b\u00e5de akustik och musikaliska behov.","button_text":"L\u00e4s mer om nybyggnation","button_url":35},{"bg_image":"","icon":"","title":"Renovering","text":"Vi erbjuder renoveringstj\u00e4nster f\u00f6r alla typer av orglar, fr\u00e5n reparationer till f\u00f6rb\u00e4ttringar av st\u00e4mmor och mekanik. Genom att noggrant utv\u00e4rdera varje orgel p\u00e5 plats s\u00e4kerst\u00e4ller vi att renoveringen bibeh\u00e5ller dess autenticitet samtidigt som vi f\u00f6rb\u00e4ttrar ljudkvaliteten. Efter genomf\u00f6rd renovering justerar vi orgeln och st\u00e4mmer den f\u00f6r ett optimalt resultat.","button_text":"L\u00e4s mer om renovering","button_url":37},{"bg_image":"","icon":"","title":"Underh\u00e5ll och St\u00e4mning","text":"F\u00f6r att h\u00e5lla er orgel i toppskick erbjuder vi omfattande underh\u00e5llstj\u00e4nster, inklusive st\u00e4mning, reng\u00f6ring och \u00f6versyn av mekanik och luftsystem. Vi ser till att varje orgel \u00e4r stabil i st\u00e4mning, mekaniskt p\u00e5litlig och v\u00e4lsk\u00f6tt, och \u00e5tg\u00e4rdar eventuella sm\u00e5problem innan de blir st\u00f6rre.","button_text":"L\u00e4s mer om underh\u00e5ll och st\u00e4mning","button_url":39}],"clear_top_padding":"yes","clear_bottom_padding":"yes","enable_background_color":"no"}]},"yoast_head":"<!-- This site is optimized with the Yoast SEO plugin v27.5 - https:\/\/yoast.com\/product\/yoast-seo-wordpress\/ -->\n<title>V\u00e5ra tj\u00e4nster | Karl Nelson Orgelbyggeri AB<\/title>\n<meta name=\"description\" content=\"Allt fr\u00e5n nybyggda piporglar till renovering, underh\u00e5ll och st\u00e4mning \u2013 vi skr\u00e4ddarsyr tj\u00e4nster efter instrumentets behov.\" \/>\n<meta name=\"robots\" content=\"index, follow, max-snippet:-1, max-image-preview:large, max-video-preview:-1\" \/>\n<link rel=\"canonical\" href=\"https:\/\/www.nelsonorgel.se\/sv\/tjanster\/\" \/>\n<meta property=\"og:locale\" content=\"sv_SE\" \/>\n<meta property=\"og:type\" content=\"article\" \/>\n<meta property=\"og:title\" content=\"V\u00e5ra tj\u00e4nster | Karl Nelson Orgelbyggeri AB\" \/>\n<meta property=\"og:description\" content=\"Allt fr\u00e5n nybyggda piporglar till renovering, underh\u00e5ll och st\u00e4mning \u2013 vi skr\u00e4ddarsyr tj\u00e4nster efter instrumentets behov.\" \/>\n<meta property=\"og:url\" content=\"https:\/\/www.nelsonorgel.se\/sv\/tjanster\/\" \/>\n<meta property=\"og:site_name\" content=\"Karl Nelson Orgelbyggeri AB\" \/>\n<meta property=\"article:modified_time\" content=\"2025-06-16T14:25:40+00:00\" \/>\n<meta name=\"twitter:card\" content=\"summary_large_image\" \/>\n<script type=\"application\/ld+json\" class=\"yoast-schema-graph\">{\"@context\":\"https:\\\/\\\/schema.org\",\"@graph\":[{\"@type\":\"WebPage\",\"@id\":\"https:\\\/\\\/www.nelsonorgel.se\\\/sv\\\/tjanster\\\/\",\"url\":\"https:\\\/\\\/www.nelsonorgel.se\\\/sv\\\/tjanster\\\/\",\"name\":\"V\u00e5ra tj\u00e4nster | Karl Nelson Orgelbyggeri AB\",\"isPartOf\":{\"@id\":\"https:\\\/\\\/www.nelsonorgel.se\\\/sv\\\/#website\"},\"datePublished\":\"2025-04-13T17:56:25+00:00\",\"dateModified\":\"2025-06-16T14:25:40+00:00\",\"description\":\"Allt fr\u00e5n nybyggda piporglar till renovering, underh\u00e5ll och st\u00e4mning \u2013 vi skr\u00e4ddarsyr tj\u00e4nster efter instrumentets behov.\",\"breadcrumb\":{\"@id\":\"https:\\\/\\\/www.nelsonorgel.se\\\/sv\\\/tjanster\\\/#breadcrumb\"},\"inLanguage\":\"sv-SE\",\"potentialAction\":[{\"@type\":\"ReadAction\",\"target\":[\"https:\\\/\\\/www.nelsonorgel.se\\\/sv\\\/tjanster\\\/\"]}]},{\"@type\":\"BreadcrumbList\",\"@id\":\"https:\\\/\\\/www.nelsonorgel.se\\\/sv\\\/tjanster\\\/#breadcrumb\",\"itemListElement\":[{\"@type\":\"ListItem\",\"position\":1,\"name\":\"Home\",\"item\":\"https:\\\/\\\/www.nelsonorgel.se\\\/sv\\\/\"},{\"@type\":\"ListItem\",\"position\":2,\"name\":\"V\u00e5ra tj\u00e4nster\"}]},{\"@type\":\"WebSite\",\"@id\":\"https:\\\/\\\/www.nelsonorgel.se\\\/sv\\\/#website\",\"url\":\"https:\\\/\\\/www.nelsonorgel.se\\\/sv\\\/\",\"name\":\"Karl Nelson Orgelbyggeri AB\",\"description\":\"\",\"potentialAction\":[{\"@type\":\"SearchAction\",\"target\":{\"@type\":\"EntryPoint\",\"urlTemplate\":\"https:\\\/\\\/www.nelsonorgel.se\\\/sv\\\/?s={search_term_string}\"},\"query-input\":{\"@type\":\"PropertyValueSpecification\",\"valueRequired\":true,\"valueName\":\"search_term_string\"}}],\"inLanguage\":\"sv-SE\"}]}<\/script>\n<!-- \/ Yoast SEO plugin. -->","yoast_head_json":{"title":"V\u00e5ra tj\u00e4nster | Karl Nelson Orgelbyggeri AB","description":"Allt fr\u00e5n nybyggda piporglar till renovering, underh\u00e5ll och st\u00e4mning \u2013 vi skr\u00e4ddarsyr tj\u00e4nster efter instrumentets behov.","robots":{"index":"index","follow":"follow","max-snippet":"max-snippet:-1","max-image-preview":"max-image-preview:large","max-video-preview":"max-video-preview:-1"},"canonical":"https:\/\/www.nelsonorgel.se\/sv\/tjanster\/","og_locale":"sv_SE","og_type":"article","og_title":"V\u00e5ra tj\u00e4nster | Karl Nelson Orgelbyggeri AB","og_description":"Allt fr\u00e5n nybyggda piporglar till renovering, underh\u00e5ll och st\u00e4mning \u2013 vi skr\u00e4ddarsyr tj\u00e4nster efter instrumentets behov.","og_url":"https:\/\/www.nelsonorgel.se\/sv\/tjanster\/","og_site_name":"Karl Nelson Orgelbyggeri AB","article_modified_time":"2025-06-16T14:25:40+00:00","twitter_card":"summary_large_image","schema":{"@context":"https:\/\/schema.org","@graph":[{"@type":"WebPage","@id":"https:\/\/www.nelsonorgel.se\/sv\/tjanster\/","url":"https:\/\/www.nelsonorgel.se\/sv\/tjanster\/","name":"V\u00e5ra tj\u00e4nster | Karl Nelson Orgelbyggeri AB","isPartOf":{"@id":"https:\/\/www.nelsonorgel.se\/sv\/#website"},"datePublished":"2025-04-13T17:56:25+00:00","dateModified":"2025-06-16T14:25:40+00:00","description":"Allt fr\u00e5n nybyggda piporglar till renovering, underh\u00e5ll och st\u00e4mning \u2013 vi skr\u00e4ddarsyr tj\u00e4nster efter instrumentets behov.","breadcrumb":{"@id":"https:\/\/www.nelsonorgel.se\/sv\/tjanster\/#breadcrumb"},"inLanguage":"sv-SE","potentialAction":[{"@type":"ReadAction","target":["https:\/\/www.nelsonorgel.se\/sv\/tjanster\/"]}]},{"@type":"BreadcrumbList","@id":"https:\/\/www.nelsonorgel.se\/sv\/tjanster\/#breadcrumb","itemListElement":[{"@type":"ListItem","position":1,"name":"Home","item":"https:\/\/www.nelsonorgel.se\/sv\/"},{"@type":"ListItem","position":2,"name":"V\u00e5ra tj\u00e4nster"}]},{"@type":"WebSite","@id":"https:\/\/www.nelsonorgel.se\/sv\/#website","url":"https:\/\/www.nelsonorgel.se\/sv\/","name":"Karl Nelson Orgelbyggeri AB","description":"","potentialAction":[{"@type":"SearchAction","target":{"@type":"EntryPoint","urlTemplate":"https:\/\/www.nelsonorgel.se\/sv\/?s={search_term_string}"},"query-input":{"@type":"PropertyValueSpecification","valueRequired":true,"valueName":"search_term_string"}}],"inLanguage":"sv-SE"}]}},"_links":{"self":[{"href":"https:\/\/www.nelsonorgel.se\/sv\/wp-json\/wp\/v2\/pages\/33","targetHints":{"allow":["GET"]}}],"collection":[{"href":"https:\/\/www.nelsonorgel.se\/sv\/wp-json\/wp\/v2\/pages"}],"about":[{"href":"https:\/\/www.nelsonorgel.se\/sv\/wp-json\/wp\/v2\/types\/page"}],"author":[{"embeddable":true,"href":"https:\/\/www.nelsonorgel.se\/sv\/wp-json\/wp\/v2\/users\/1"}],"replies":[{"embeddable":true,"href":"https:\/\/www.nelsonorgel.se\/sv\/wp-json\/wp\/v2\/comments?post=33"}],"version-history":[{"count":9,"href":"https:\/\/www.nelsonorgel.se\/sv\/wp-json\/wp\/v2\/pages\/33\/revisions"}],"predecessor-version":[{"id":685,"href":"https:\/\/www.nelsonorgel.se\/sv\/wp-json\/wp\/v2\/pages\/33\/revisions\/685"}],"wp:attachment":[{"href":"https:\/\/www.nelsonorgel.se\/sv\/wp-json\/wp\/v2\/media?parent=33"}],"curies":[{"name":"wp","href":"https:\/\/api.w.org\/{rel}","templated":true}]}}