{"id":31,"date":"2025-04-13T19:56:11","date_gmt":"2025-04-13T17:56:11","guid":{"rendered":"https:\/\/www.nelsonorgel.se\/?page_id=31"},"modified":"2025-06-16T16:03:17","modified_gmt":"2025-06-16T14:03:17","slug":"renoveringar","status":"publish","type":"page","link":"https:\/\/www.nelsonorgel.se\/sv\/renoveringar\/","title":{"rendered":"Renoveringar"},"content":{"rendered":"","protected":false},"excerpt":{"rendered":"","protected":false},"author":1,"featured_media":0,"parent":0,"menu_order":3,"comment_status":"closed","ping_status":"closed","template":"","meta":{"_acf_changed":false},"class_list":["post-31","page","type-page","status-publish","hentry"],"acf":{"sections":[{"acf_fc_layout":"banner_8","title":"Renoveringar","text":"Vi renoverar piporglar med respekt f\u00f6r varje instruments s\u00e4rart, oavsett om det r\u00f6r sig om historiska m\u00e4sterverk eller nyare konstruktioner. Genom varsamt hantverk \u00e5terst\u00e4ller vi b\u00e5de funktion, klang och karakt\u00e4r. H\u00e4r nedan \u00e5terges ett f\u00e5tal exempel p\u00e5 denna verksamhet.","clear_top_padding":"yes","clear_bottom_padding":"no","enable_background_color":"no"},{"acf_fc_layout":"section_2","big_image":"no","image":410,"image_align":"left","title":"Kororgeln i Johannebergs kyrka","text":"Kororgeln i Johannebergs kyrka \u00e4r byggd av Lindegrens Orgelbyggeri. Den stod ursprungligen i Pater Nosterkyrkan, men flyttades till Johanneberg n\u00e4r kapellet i Masthugget s\u00e5ldes. Den nya kyrkan har en betydligt st\u00f6rre akustik, vilket kr\u00e4vde anpassningar av orgeln. F\u00f6r att b\u00e4ttre passa in i den rymliga kyrkan omvandlades den ursprungliga huvudst\u00e4mman Principal 4' till en Principal 8' genom att nya pipor monterades i den stora oktaven n\u00e4rmast f\u00f6rsamlingen. En ny Oktav 4' tillverkades och placerades i orgelsk\u00e5pet. Den andra manualen utrustades med en ny str\u00e5kst\u00e4mma, och den gamla Krumhornst\u00e4mman byttes ut mot en ny Dulcian. Alla pipor omintonerades f\u00f6r att f\u00f6rb\u00e4ttra klangen och anpassa orgeln till kyrkans unika akustik.","buttons_on":"no","button_style":"","url_text":"","url":null,"clear_top_padding":"yes","clear_bottom_padding":"yes","enable_background_color":"no"},{"acf_fc_layout":"section_2","big_image":"no","image":411,"image_align":"right","title":"Filipstads kyrka","text":"L\u00e4ktarorgeln i Filipstads kyrka har ett orgelsk\u00e5p och delar av pipverket fr\u00e5n 1796, skapade av orgelbyggare Mattias Swahlberg den yngre. Den nuvarande orgeln byggdes 1981 av Gr\u00f6nlunds Orgelbyggeri. V\u00e5rt arbete inkluderade reng\u00f6ring och st\u00e4mning av hela orgeln, omintonering av en stor del av huvudverket, samt installation av ett nytt kombinationssystem.","buttons_on":"no","button_style":"","url_text":"","url":null,"clear_top_padding":"yes","clear_bottom_padding":"yes","enable_background_color":"no"},{"acf_fc_layout":"section_2","big_image":"no","image":412,"image_align":"left","title":"Restaurering av Anton Hanels orgel i Rottenbach","text":"Orgeln i Rottenbach, \u00d6sterrike, byggdes 1875 av Anton Hanel fr\u00e5n Linz-Urfahr i en konservativ stil. Den har en manual och pedal med kort oktav. V\u00e5rt arbete inkluderade reng\u00f6ring och restaurering av pipverket, \u00e5terst\u00e4llande av luftsystemet, och utbyte av zinkpipor i fasaden mot nya tennpipor. V\u00e4derl\u00e5dorna, spelbordet och mekaniken har renoverats f\u00f6r att \u00e5terst\u00e4lla orgelns ursprungliga funktion.","buttons_on":"no","button_style":"","url_text":"","url":null,"clear_top_padding":"yes","clear_bottom_padding":"yes","enable_background_color":"no"},{"acf_fc_layout":"section_2","big_image":"no","image":413,"image_align":"right","title":"Bevarad orgeltradition i Valdshult","text":"Orgeln i Valdshult, byggd 1907 av C A H\u00e4rngren fr\u00e5n Lidk\u00f6ping, \u00e4r ett mindre instrument med en manual och bih\u00e4ngd pedal. Den \u00e4r v\u00e4l bevarad med of\u00f6r\u00e4ndrad intonation och ett fungerande ursprungligt luftsystem med tv\u00e5 kubb\u00e4lgar. H\u00e4rngrens unika pneumatiska slejfl\u00e5da, med en speciell ventilkonstruktion, \u00e4r ett anm\u00e4rkningsv\u00e4rt bidrag till orgelv\u00e4rlden. Denna renovering var s\u00e4rskilt intressant f\u00f6r oss, d\u00e5 v\u00e5rt f\u00f6retag \u00e4r en del av H\u00e4rngrens orgelbyggartradition.","buttons_on":"no","button_style":"","url_text":"","url":null,"clear_top_padding":"yes","clear_bottom_padding":"yes","enable_background_color":"no"}]},"yoast_head":"<!-- This site is optimized with the Yoast SEO plugin v27.5 - https:\/\/yoast.com\/product\/yoast-seo-wordpress\/ -->\n<title>Renoveringar | Karl Nelson Orgelbyggeri AB<\/title>\n<meta name=\"description\" content=\"Professionell renovering av mekaniska orglar med noggrannhet och historisk k\u00e4nsla. Vi \u00e5terst\u00e4ller ton och funktion p\u00e5 ditt instrument .\" \/>\n<meta name=\"robots\" content=\"index, follow, max-snippet:-1, max-image-preview:large, max-video-preview:-1\" \/>\n<link rel=\"canonical\" href=\"https:\/\/www.nelsonorgel.se\/sv\/renoveringar\/\" \/>\n<meta property=\"og:locale\" content=\"sv_SE\" \/>\n<meta property=\"og:type\" content=\"article\" \/>\n<meta property=\"og:title\" content=\"Renoveringar | Karl Nelson Orgelbyggeri AB\" \/>\n<meta property=\"og:description\" content=\"Professionell renovering av mekaniska orglar med noggrannhet och historisk k\u00e4nsla. Vi \u00e5terst\u00e4ller ton och funktion p\u00e5 ditt instrument .\" \/>\n<meta property=\"og:url\" content=\"https:\/\/www.nelsonorgel.se\/sv\/renoveringar\/\" \/>\n<meta property=\"og:site_name\" content=\"Karl Nelson Orgelbyggeri AB\" \/>\n<meta property=\"article:modified_time\" content=\"2025-06-16T14:03:17+00:00\" \/>\n<meta name=\"twitter:card\" content=\"summary_large_image\" \/>\n<script type=\"application\/ld+json\" class=\"yoast-schema-graph\">{\"@context\":\"https:\\\/\\\/schema.org\",\"@graph\":[{\"@type\":\"WebPage\",\"@id\":\"https:\\\/\\\/www.nelsonorgel.se\\\/sv\\\/renoveringar\\\/\",\"url\":\"https:\\\/\\\/www.nelsonorgel.se\\\/sv\\\/renoveringar\\\/\",\"name\":\"Renoveringar | Karl Nelson Orgelbyggeri AB\",\"isPartOf\":{\"@id\":\"https:\\\/\\\/www.nelsonorgel.se\\\/sv\\\/#website\"},\"datePublished\":\"2025-04-13T17:56:11+00:00\",\"dateModified\":\"2025-06-16T14:03:17+00:00\",\"description\":\"Professionell renovering av mekaniska orglar med noggrannhet och historisk k\u00e4nsla. Vi \u00e5terst\u00e4ller ton och funktion p\u00e5 ditt instrument .\",\"breadcrumb\":{\"@id\":\"https:\\\/\\\/www.nelsonorgel.se\\\/sv\\\/renoveringar\\\/#breadcrumb\"},\"inLanguage\":\"sv-SE\",\"potentialAction\":[{\"@type\":\"ReadAction\",\"target\":[\"https:\\\/\\\/www.nelsonorgel.se\\\/sv\\\/renoveringar\\\/\"]}]},{\"@type\":\"BreadcrumbList\",\"@id\":\"https:\\\/\\\/www.nelsonorgel.se\\\/sv\\\/renoveringar\\\/#breadcrumb\",\"itemListElement\":[{\"@type\":\"ListItem\",\"position\":1,\"name\":\"Home\",\"item\":\"https:\\\/\\\/www.nelsonorgel.se\\\/sv\\\/\"},{\"@type\":\"ListItem\",\"position\":2,\"name\":\"Renoveringar\"}]},{\"@type\":\"WebSite\",\"@id\":\"https:\\\/\\\/www.nelsonorgel.se\\\/sv\\\/#website\",\"url\":\"https:\\\/\\\/www.nelsonorgel.se\\\/sv\\\/\",\"name\":\"Karl Nelson Orgelbyggeri AB\",\"description\":\"\",\"potentialAction\":[{\"@type\":\"SearchAction\",\"target\":{\"@type\":\"EntryPoint\",\"urlTemplate\":\"https:\\\/\\\/www.nelsonorgel.se\\\/sv\\\/?s={search_term_string}\"},\"query-input\":{\"@type\":\"PropertyValueSpecification\",\"valueRequired\":true,\"valueName\":\"search_term_string\"}}],\"inLanguage\":\"sv-SE\"}]}<\/script>\n<!-- \/ Yoast SEO plugin. -->","yoast_head_json":{"title":"Renoveringar | Karl Nelson Orgelbyggeri AB","description":"Professionell renovering av mekaniska orglar med noggrannhet och historisk k\u00e4nsla. Vi \u00e5terst\u00e4ller ton och funktion p\u00e5 ditt instrument .","robots":{"index":"index","follow":"follow","max-snippet":"max-snippet:-1","max-image-preview":"max-image-preview:large","max-video-preview":"max-video-preview:-1"},"canonical":"https:\/\/www.nelsonorgel.se\/sv\/renoveringar\/","og_locale":"sv_SE","og_type":"article","og_title":"Renoveringar | Karl Nelson Orgelbyggeri AB","og_description":"Professionell renovering av mekaniska orglar med noggrannhet och historisk k\u00e4nsla. Vi \u00e5terst\u00e4ller ton och funktion p\u00e5 ditt instrument .","og_url":"https:\/\/www.nelsonorgel.se\/sv\/renoveringar\/","og_site_name":"Karl Nelson Orgelbyggeri AB","article_modified_time":"2025-06-16T14:03:17+00:00","twitter_card":"summary_large_image","schema":{"@context":"https:\/\/schema.org","@graph":[{"@type":"WebPage","@id":"https:\/\/www.nelsonorgel.se\/sv\/renoveringar\/","url":"https:\/\/www.nelsonorgel.se\/sv\/renoveringar\/","name":"Renoveringar | Karl Nelson Orgelbyggeri AB","isPartOf":{"@id":"https:\/\/www.nelsonorgel.se\/sv\/#website"},"datePublished":"2025-04-13T17:56:11+00:00","dateModified":"2025-06-16T14:03:17+00:00","description":"Professionell renovering av mekaniska orglar med noggrannhet och historisk k\u00e4nsla. Vi \u00e5terst\u00e4ller ton och funktion p\u00e5 ditt instrument .","breadcrumb":{"@id":"https:\/\/www.nelsonorgel.se\/sv\/renoveringar\/#breadcrumb"},"inLanguage":"sv-SE","potentialAction":[{"@type":"ReadAction","target":["https:\/\/www.nelsonorgel.se\/sv\/renoveringar\/"]}]},{"@type":"BreadcrumbList","@id":"https:\/\/www.nelsonorgel.se\/sv\/renoveringar\/#breadcrumb","itemListElement":[{"@type":"ListItem","position":1,"name":"Home","item":"https:\/\/www.nelsonorgel.se\/sv\/"},{"@type":"ListItem","position":2,"name":"Renoveringar"}]},{"@type":"WebSite","@id":"https:\/\/www.nelsonorgel.se\/sv\/#website","url":"https:\/\/www.nelsonorgel.se\/sv\/","name":"Karl Nelson Orgelbyggeri AB","description":"","potentialAction":[{"@type":"SearchAction","target":{"@type":"EntryPoint","urlTemplate":"https:\/\/www.nelsonorgel.se\/sv\/?s={search_term_string}"},"query-input":{"@type":"PropertyValueSpecification","valueRequired":true,"valueName":"search_term_string"}}],"inLanguage":"sv-SE"}]}},"_links":{"self":[{"href":"https:\/\/www.nelsonorgel.se\/sv\/wp-json\/wp\/v2\/pages\/31","targetHints":{"allow":["GET"]}}],"collection":[{"href":"https:\/\/www.nelsonorgel.se\/sv\/wp-json\/wp\/v2\/pages"}],"about":[{"href":"https:\/\/www.nelsonorgel.se\/sv\/wp-json\/wp\/v2\/types\/page"}],"author":[{"embeddable":true,"href":"https:\/\/www.nelsonorgel.se\/sv\/wp-json\/wp\/v2\/users\/1"}],"replies":[{"embeddable":true,"href":"https:\/\/www.nelsonorgel.se\/sv\/wp-json\/wp\/v2\/comments?post=31"}],"version-history":[{"count":6,"href":"https:\/\/www.nelsonorgel.se\/sv\/wp-json\/wp\/v2\/pages\/31\/revisions"}],"predecessor-version":[{"id":687,"href":"https:\/\/www.nelsonorgel.se\/sv\/wp-json\/wp\/v2\/pages\/31\/revisions\/687"}],"wp:attachment":[{"href":"https:\/\/www.nelsonorgel.se\/sv\/wp-json\/wp\/v2\/media?parent=31"}],"curies":[{"name":"wp","href":"https:\/\/api.w.org\/{rel}","templated":true}]}}