{"id":2,"date":"2025-04-09T19:25:55","date_gmt":"2025-04-09T19:25:55","guid":{"rendered":"https:\/\/www.nelsonorgel.se\/?page_id=2"},"modified":"2025-06-16T16:31:13","modified_gmt":"2025-06-16T14:31:13","slug":"hem","status":"publish","type":"page","link":"https:\/\/www.nelsonorgel.se\/sv\/","title":{"rendered":"Hem"},"content":{"rendered":"","protected":false},"excerpt":{"rendered":"","protected":false},"author":1,"featured_media":0,"parent":0,"menu_order":1,"comment_status":"closed","ping_status":"open","template":"","meta":{"_acf_changed":false},"class_list":["post-2","page","type-page","status-publish","hentry"],"acf":{"sections":[{"acf_fc_layout":"banner_3","title":"V\u00e4lkommen till <br>Karl Nelson Orgelbyggeri","text":"Vi \u00e4r ett familjef\u00f6retag som skapar tidl\u00f6sa och unika mekaniska orglar i b\u00e5de historiska och nyare stilar. V\u00e5ra orglar \u00e4r k\u00e4nda f\u00f6r sin vackra klang, stabila st\u00e4mning och p\u00e5litliga mekanik. Vi \u00e4r stolta \u00f6ver att i v\u00e5r verkstad bel\u00e4gen utanf\u00f6r Lidk\u00f6ping vid V\u00e4nern, producera n\u00e4stan alla orgelns delar sj\u00e4lva.","link_url":9},{"acf_fc_layout":"section_31","repeater_field":[{"organ_name":"Varnhem","organ_image":370,"url":588},{"organ_name":"T\u00f6reboda","organ_image":374,"url":581},{"organ_name":"Salzburg","organ_image":373,"url":565},{"organ_name":"Neukirchen","organ_image":372,"url":550},{"organ_name":"Kirchdorf","organ_image":371,"url":531},{"organ_name":"Sch\u00e4rding","organ_image":380,"url":512},{"organ_name":"Glumsl\u00f6v","organ_image":379,"url":494},{"organ_name":"\u00d6sthammar","organ_image":378,"url":481}],"clear_top_padding":"no","clear_bottom_padding":"yes"},{"acf_fc_layout":"section_1","title":"","repeater_field":[{"title":"V\u00e5rt Fokus","icon":"","text":"Orglarna vi bygger \u00e4r unika konstverk, skapade med omsorg och precision. Varje projekt f\u00e5r v\u00e5rt djupg\u00e5ende engagemang. V\u00e5rt hantverk \u00e4r v\u00e5r stolthet.","link":""},{"title":"V\u00e5rt Arbete","icon":"","text":"I v\u00e5r verkstad bygger vi orglar fr\u00e5n grunden, ofta med historiska metoder och alltid med v\u00e4l utvalt material. I m\u00e5n av tid utf\u00f6r vi renoveringar och underh\u00e5ll av orglar.","link":""}],"clear_top_padding":"yes","clear_bottom_padding":"yes","enable_background_color":"no"},{"acf_fc_layout":"section_41","title":"V\u00e5ra tj\u00e4nster","repeater_field":[{"bg_image":"","icon":"","title":"Nybyggnation","text":"Vi specialiserar oss p\u00e5 att bygga unika mekaniska piporglar, designade f\u00f6r att f\u00f6rdjupa den andliga upplevelsen. Genom att kombinera traditionella metoder med modern precision skapar vi orglar som inte bara \u00e4r tekniskt imponerande, utan ocks\u00e5 ber\u00f6r sj\u00e4len. Vi arbetar n\u00e4ra v\u00e5ra kunder f\u00f6r att designa och tillverka instrument som passar b\u00e5de akustik och musikaliska behov.","button_text":"L\u00e4s mer om nybyggnation","button_url":35},{"bg_image":"","icon":"","title":"Renovering","text":"Vi erbjuder renoveringstj\u00e4nster f\u00f6r alla typer av orglar, fr\u00e5n reparationer till f\u00f6rb\u00e4ttringar av st\u00e4mmor och mekanik. Genom att noggrant utv\u00e4rdera varje orgel p\u00e5 plats s\u00e4kerst\u00e4ller vi att renoveringen bibeh\u00e5ller dess autenticitet samtidigt som vi f\u00f6rb\u00e4ttrar ljudkvaliteten. Efter genomf\u00f6rd renovering justerar vi orgeln och st\u00e4mmer den f\u00f6r ett optimalt resultat.","button_text":"L\u00e4s mer om renovering","button_url":37},{"bg_image":"","icon":"","title":"Underh\u00e5ll och St\u00e4mning","text":"F\u00f6r att h\u00e5lla er orgel i toppskick erbjuder vi omfattande underh\u00e5llstj\u00e4nster, inklusive st\u00e4mning, reng\u00f6ring och \u00f6versyn av mekanik och luftsystem. Vi ser till att varje orgel \u00e4r stabil i st\u00e4mning, mekaniskt p\u00e5litlig och v\u00e4lsk\u00f6tt, och \u00e5tg\u00e4rdar eventuella sm\u00e5problem innan de blir st\u00f6rre.","button_text":"L\u00e4s mer om underh\u00e5ll och st\u00e4mning","button_url":39}],"clear_top_padding":"yes","clear_bottom_padding":"yes","enable_background_color":"no"}]},"yoast_head":"<!-- This site is optimized with the Yoast SEO plugin v27.5 - https:\/\/yoast.com\/product\/yoast-seo-wordpress\/ -->\n<title>Karl Nelson Orgelbyggeri AB | Expertis i orgelbygge &amp; hantverk<\/title>\n<meta name=\"description\" content=\"Familje\u00e4gt orgelbyggeri utanf\u00f6r Lidk\u00f6ping. Vi bygger fr\u00e5n grunden, renoverar och underh\u00e5ller unika mekaniska orglar med tradition och precision.\" \/>\n<meta name=\"robots\" content=\"index, follow, max-snippet:-1, max-image-preview:large, max-video-preview:-1\" \/>\n<link rel=\"canonical\" href=\"https:\/\/www.nelsonorgel.se\/sv\/\" \/>\n<meta property=\"og:locale\" content=\"sv_SE\" \/>\n<meta property=\"og:type\" content=\"article\" \/>\n<meta property=\"og:title\" content=\"Karl Nelson Orgelbyggeri AB | Expertis i orgelbygge &amp; hantverk\" \/>\n<meta property=\"og:description\" content=\"Familje\u00e4gt orgelbyggeri utanf\u00f6r Lidk\u00f6ping. Vi bygger fr\u00e5n grunden, renoverar och underh\u00e5ller unika mekaniska orglar med tradition och precision.\" \/>\n<meta property=\"og:url\" content=\"https:\/\/www.nelsonorgel.se\/sv\/\" \/>\n<meta property=\"og:site_name\" content=\"Karl Nelson Orgelbyggeri AB\" \/>\n<meta property=\"article:modified_time\" content=\"2025-06-16T14:31:13+00:00\" \/>\n<meta name=\"twitter:card\" content=\"summary_large_image\" \/>\n<script type=\"application\/ld+json\" class=\"yoast-schema-graph\">{\"@context\":\"https:\\\/\\\/schema.org\",\"@graph\":[{\"@type\":\"WebPage\",\"@id\":\"https:\\\/\\\/www.nelsonorgel.se\\\/sv\\\/\",\"url\":\"https:\\\/\\\/www.nelsonorgel.se\\\/sv\\\/\",\"name\":\"Karl Nelson Orgelbyggeri AB | Expertis i orgelbygge & hantverk\",\"isPartOf\":{\"@id\":\"https:\\\/\\\/www.nelsonorgel.se\\\/sv\\\/#website\"},\"datePublished\":\"2025-04-09T19:25:55+00:00\",\"dateModified\":\"2025-06-16T14:31:13+00:00\",\"description\":\"Familje\u00e4gt orgelbyggeri utanf\u00f6r Lidk\u00f6ping. Vi bygger fr\u00e5n grunden, renoverar och underh\u00e5ller unika mekaniska orglar med tradition och precision.\",\"breadcrumb\":{\"@id\":\"https:\\\/\\\/www.nelsonorgel.se\\\/sv\\\/#breadcrumb\"},\"inLanguage\":\"sv-SE\",\"potentialAction\":[{\"@type\":\"ReadAction\",\"target\":[\"https:\\\/\\\/www.nelsonorgel.se\\\/sv\\\/\"]}]},{\"@type\":\"BreadcrumbList\",\"@id\":\"https:\\\/\\\/www.nelsonorgel.se\\\/sv\\\/#breadcrumb\",\"itemListElement\":[{\"@type\":\"ListItem\",\"position\":1,\"name\":\"Home\",\"item\":\"https:\\\/\\\/www.nelsonorgel.se\\\/sv\\\/\"},{\"@type\":\"ListItem\",\"position\":2,\"name\":\"Hem\"}]},{\"@type\":\"WebSite\",\"@id\":\"https:\\\/\\\/www.nelsonorgel.se\\\/sv\\\/#website\",\"url\":\"https:\\\/\\\/www.nelsonorgel.se\\\/sv\\\/\",\"name\":\"Karl Nelson Orgelbyggeri AB\",\"description\":\"\",\"potentialAction\":[{\"@type\":\"SearchAction\",\"target\":{\"@type\":\"EntryPoint\",\"urlTemplate\":\"https:\\\/\\\/www.nelsonorgel.se\\\/sv\\\/?s={search_term_string}\"},\"query-input\":{\"@type\":\"PropertyValueSpecification\",\"valueRequired\":true,\"valueName\":\"search_term_string\"}}],\"inLanguage\":\"sv-SE\"}]}<\/script>\n<!-- \/ Yoast SEO plugin. -->","yoast_head_json":{"title":"Karl Nelson Orgelbyggeri AB | Expertis i orgelbygge & hantverk","description":"Familje\u00e4gt orgelbyggeri utanf\u00f6r Lidk\u00f6ping. Vi bygger fr\u00e5n grunden, renoverar och underh\u00e5ller unika mekaniska orglar med tradition och precision.","robots":{"index":"index","follow":"follow","max-snippet":"max-snippet:-1","max-image-preview":"max-image-preview:large","max-video-preview":"max-video-preview:-1"},"canonical":"https:\/\/www.nelsonorgel.se\/sv\/","og_locale":"sv_SE","og_type":"article","og_title":"Karl Nelson Orgelbyggeri AB | Expertis i orgelbygge & hantverk","og_description":"Familje\u00e4gt orgelbyggeri utanf\u00f6r Lidk\u00f6ping. Vi bygger fr\u00e5n grunden, renoverar och underh\u00e5ller unika mekaniska orglar med tradition och precision.","og_url":"https:\/\/www.nelsonorgel.se\/sv\/","og_site_name":"Karl Nelson Orgelbyggeri AB","article_modified_time":"2025-06-16T14:31:13+00:00","twitter_card":"summary_large_image","schema":{"@context":"https:\/\/schema.org","@graph":[{"@type":"WebPage","@id":"https:\/\/www.nelsonorgel.se\/sv\/","url":"https:\/\/www.nelsonorgel.se\/sv\/","name":"Karl Nelson Orgelbyggeri AB | Expertis i orgelbygge & hantverk","isPartOf":{"@id":"https:\/\/www.nelsonorgel.se\/sv\/#website"},"datePublished":"2025-04-09T19:25:55+00:00","dateModified":"2025-06-16T14:31:13+00:00","description":"Familje\u00e4gt orgelbyggeri utanf\u00f6r Lidk\u00f6ping. Vi bygger fr\u00e5n grunden, renoverar och underh\u00e5ller unika mekaniska orglar med tradition och precision.","breadcrumb":{"@id":"https:\/\/www.nelsonorgel.se\/sv\/#breadcrumb"},"inLanguage":"sv-SE","potentialAction":[{"@type":"ReadAction","target":["https:\/\/www.nelsonorgel.se\/sv\/"]}]},{"@type":"BreadcrumbList","@id":"https:\/\/www.nelsonorgel.se\/sv\/#breadcrumb","itemListElement":[{"@type":"ListItem","position":1,"name":"Home","item":"https:\/\/www.nelsonorgel.se\/sv\/"},{"@type":"ListItem","position":2,"name":"Hem"}]},{"@type":"WebSite","@id":"https:\/\/www.nelsonorgel.se\/sv\/#website","url":"https:\/\/www.nelsonorgel.se\/sv\/","name":"Karl Nelson Orgelbyggeri AB","description":"","potentialAction":[{"@type":"SearchAction","target":{"@type":"EntryPoint","urlTemplate":"https:\/\/www.nelsonorgel.se\/sv\/?s={search_term_string}"},"query-input":{"@type":"PropertyValueSpecification","valueRequired":true,"valueName":"search_term_string"}}],"inLanguage":"sv-SE"}]}},"_links":{"self":[{"href":"https:\/\/www.nelsonorgel.se\/sv\/wp-json\/wp\/v2\/pages\/2","targetHints":{"allow":["GET"]}}],"collection":[{"href":"https:\/\/www.nelsonorgel.se\/sv\/wp-json\/wp\/v2\/pages"}],"about":[{"href":"https:\/\/www.nelsonorgel.se\/sv\/wp-json\/wp\/v2\/types\/page"}],"author":[{"embeddable":true,"href":"https:\/\/www.nelsonorgel.se\/sv\/wp-json\/wp\/v2\/users\/1"}],"replies":[{"embeddable":true,"href":"https:\/\/www.nelsonorgel.se\/sv\/wp-json\/wp\/v2\/comments?post=2"}],"version-history":[{"count":21,"href":"https:\/\/www.nelsonorgel.se\/sv\/wp-json\/wp\/v2\/pages\/2\/revisions"}],"predecessor-version":[{"id":955,"href":"https:\/\/www.nelsonorgel.se\/sv\/wp-json\/wp\/v2\/pages\/2\/revisions\/955"}],"wp:attachment":[{"href":"https:\/\/www.nelsonorgel.se\/sv\/wp-json\/wp\/v2\/media?parent=2"}],"curies":[{"name":"wp","href":"https:\/\/api.w.org\/{rel}","templated":true}]}}