{"id":902,"date":"2025-04-13T19:58:02","date_gmt":"2025-04-13T17:58:02","guid":{"rendered":"https:\/\/www.nelsonorgel.se\/our-history\/"},"modified":"2025-06-16T16:28:00","modified_gmt":"2025-06-16T14:28:00","slug":"our-history","status":"publish","type":"page","link":"https:\/\/www.nelsonorgel.se\/en\/about-us\/our-history\/","title":{"rendered":"Our history"},"content":{"rendered":"","protected":false},"excerpt":{"rendered":"","protected":false},"author":1,"featured_media":0,"parent":903,"menu_order":1,"comment_status":"closed","ping_status":"closed","template":"","meta":{"_acf_changed":false},"class_list":["post-902","page","type-page","status-publish","hentry"],"acf":{"sections":[{"acf_fc_layout":"section_8","title":"Our history","text":"<h2>Early history of organ building in Lidk\u00f6ping<\/h2>\nLidk\u00f6ping has a rich history of organ building dating back to 1892, when Carl A H\u00e4rngren started his business in the town. Born in 1868, H\u00e4rngren began his apprenticeship at the age of seventeen with Salomon Molander in Gothenburg in 1885 and later continued his training with J A Johanson in M\u00f6sseberga. H\u00e4rngren built organs in a rather conservative style, just as his mentor Molander had done before him. He developed his own mechanical slider and voiced his organs with a rich and thorough sound. During his time in Lidk\u00f6ping he built some fifty organs, mostly in Skara diocese, and most of them mechanical and equipped with slides.    \n\n<h3>Transition and new ownership<\/h3>\nIn 1912, the firm was taken over by Nordfors, Karl\u00e9n and C-G Smedman and operated under the name H Nordfors & Co. During this period, the company used a pneumatic action and a more romantic intonation, which was typical of the era. \n\n<figure>\n  <img src=\"https:\/\/www.mrfelix.se\/wp-content\/uploads\/2025\/05\/var-historia-1.jpg\" alt=\"Drawings for Vara church\">\n  <figcaption>Drawings for Vara church, Smedmans Orgelbyggeri AB.<\/figcaption>\n<\/figure>\n\n<h2>Smedmans Orgelbyggeri AB<\/h2>\nOrvar Smedman, son of C-G Smedman, became the sole owner in 1952, and the company eventually changed its name to Smedmans Orgelbyggeri AB. Under Orvar Smedman's leadership, the company returned to building mechanical organs in the spirit of the organ movement. In 1981, Orvar's son, Lars-Inge Smedman, took over the company. Examples of organs from this time can be found in St. Nicholas Church in Lidk\u00f6ping and in Ljungs Church in Link\u00f6ping Diocese.   \n\n<h2>Karl Nelson Orgelbyggeri AB<\/h2>\nIn 1998 the company was sold to Karl Nelson, and in 2002 it changed its name to Karl Nelson Orgelbyggeri AB.\n\n<figure>\n  <img src=\"https:\/\/www.mrfelix.se\/wp-content\/uploads\/2025\/05\/var-historia-4.jpg\" alt=\"Karl Nelson Orgelbyggeri AB's former premises\">\n  <figcaption>Karl Nelson Orgelbyggeri AB's former premises, ca 2000.<\/figcaption>\n<\/figure>\n\n<h3>Karl Nelson's background<\/h3>\nKarl Nelson was born in St. Peter, Minnesota (USA) and educated at Deerfield Academy in Massachusetts, St. Olaf College in Minnesota, and Portland State University. In 1987, Karl began his career as an organ builder while a music student at Portland State University. He had the opportunity to participate in the installation of a 55-voice organ at Trinity Episcopal Church in Portland with Manual Rosales, an organ builder from Los Angeles. Karl worked for Rosales for a year before taking a position with John Brombaugh in Eugene.   \n\nIn 1991, Karl came to Sweden in connection with the installation of John Brombaugh's organ opus 28 in the Haga Church in Gothenburg. There Karl met his future wife Karin, who was then organist at the Haga Church. With the exception of a year in Eugene, Karl and Karin have lived in Sweden since 1992. Their son Erik was born in 1993 and their daughter Elsa in 1996.   \n\nBefore Karl took over Smedmans Orgelbyggeri, he ran a small business in Gothenburg under the name K Nelsons Orgelv\u00e5rd. During this time he renovated several historical instruments, including the Marcussen organ in Gothenburg Synagogue and the Eskil Lund\u00e9n organ on K\u00e4ring\u00f6n. \n\n<h3>The leadership of Karl Nelson<\/h3>\nIn 1998, Karl Nelson bought Smedmans Orgelbyggeri after moving to the small community of Lovene, outside Lidk\u00f6ping, with his newly started family. For several years, the business was run in close proximity to the family's house, where machines and tools were moved after the purchase of the company. Karl's first own organ building was for \u00d6sthammar church, where the organ was completed in 2000. Since then, Karl has built, renovated and maintained organs in Sweden and Austria. In 2008, the workshop moved to its current premises at Industrigatan 1 in Lovene.    \n\n<figure>\n  <img src=\"https:\/\/www.mrfelix.se\/wp-content\/uploads\/2025\/05\/var-historia-5.jpg\" alt=\"Karl and Elsa Nelson at the installation of the practice organ\">\n  <figcaption>Karl Nelson and his daughter Elsa at the installation of the family's practice organ, 2021.<\/figcaption>\n<\/figure>\n\n<h3>The journey of Elsa Nelson<\/h3>\nElsa Nelson grew up surrounded by music, especially organs. In upper secondary school, she attended the Birger Sj\u00f6berggymnasiet in V\u00e4nersborg, specializing in classical music. Her main instrument was the French horn. After high school, it was natural for Elsa to join the family business, where she worked together with Karl for two years, mainly with the maintenance of organs around Sweden.   \n\nAfter a short period of study in history at the University of Gothenburg, Elsa moved to Massachusetts, USA, in early 2019. There she joined the Noack Organ Company, where she participated in the installations of Noack's opus 163, 164 and 165. One of the highlights was the installation of the 85-part opus 164 in the Catholic Cathedral in Birmingham, Alabama, where she also assisted Nami Hamada during the intonation.  \n\nAfter three years with Noack, Elsa was employed by C. B. Fisk, where she spent two and a half years learning pipe making. Worth noting from this time is a second intonation work done together with Nami Hamada. This time it was not for a new building, but a renovation of a Klais organ built in 1977 for St. Paul's Church in New York City.  \n\nIn 2024, Elsa moved back to Lidk\u00f6ping, now ready to work side by side with Karl in the workshop in Lovene.\n"}]},"yoast_head":"<!-- This site is optimized with the Yoast SEO plugin v27.5 - https:\/\/yoast.com\/product\/yoast-seo-wordpress\/ -->\n<title>Our history | Karl Nelson Orgelbyggeri AB<\/title>\n<meta name=\"description\" content=\"Explore our journey since the start.\" \/>\n<meta name=\"robots\" content=\"index, follow, max-snippet:-1, max-image-preview:large, max-video-preview:-1\" \/>\n<link rel=\"canonical\" href=\"https:\/\/www.nelsonorgel.se\/en\/about-us\/our-history\/\" \/>\n<meta property=\"og:locale\" content=\"en_US\" \/>\n<meta property=\"og:type\" content=\"article\" \/>\n<meta property=\"og:title\" content=\"Our history | Karl Nelson Orgelbyggeri AB\" \/>\n<meta property=\"og:description\" content=\"Explore our journey since the start.\" \/>\n<meta property=\"og:url\" content=\"https:\/\/www.nelsonorgel.se\/en\/about-us\/our-history\/\" \/>\n<meta property=\"og:site_name\" content=\"Karl Nelson Orgelbyggeri AB\" \/>\n<meta property=\"article:modified_time\" content=\"2025-06-16T14:28:00+00:00\" \/>\n<meta name=\"twitter:card\" content=\"summary_large_image\" \/>\n<script type=\"application\/ld+json\" class=\"yoast-schema-graph\">{\"@context\":\"https:\\\/\\\/schema.org\",\"@graph\":[{\"@type\":\"WebPage\",\"@id\":\"https:\\\/\\\/www.nelsonorgel.se\\\/en\\\/about-us\\\/our-history\\\/\",\"url\":\"https:\\\/\\\/www.nelsonorgel.se\\\/en\\\/about-us\\\/our-history\\\/\",\"name\":\"Our history | Karl Nelson Orgelbyggeri AB\",\"isPartOf\":{\"@id\":\"https:\\\/\\\/www.nelsonorgel.se\\\/en\\\/#website\"},\"datePublished\":\"2025-04-13T17:58:02+00:00\",\"dateModified\":\"2025-06-16T14:28:00+00:00\",\"description\":\"Explore our journey since the start.\",\"breadcrumb\":{\"@id\":\"https:\\\/\\\/www.nelsonorgel.se\\\/en\\\/about-us\\\/our-history\\\/#breadcrumb\"},\"inLanguage\":\"en-US\",\"potentialAction\":[{\"@type\":\"ReadAction\",\"target\":[\"https:\\\/\\\/www.nelsonorgel.se\\\/en\\\/about-us\\\/our-history\\\/\"]}]},{\"@type\":\"BreadcrumbList\",\"@id\":\"https:\\\/\\\/www.nelsonorgel.se\\\/en\\\/about-us\\\/our-history\\\/#breadcrumb\",\"itemListElement\":[{\"@type\":\"ListItem\",\"position\":1,\"name\":\"Home\",\"item\":\"https:\\\/\\\/www.nelsonorgel.se\\\/en\\\/\"},{\"@type\":\"ListItem\",\"position\":2,\"name\":\"About us\",\"item\":\"https:\\\/\\\/www.nelsonorgel.se\\\/en\\\/about-us\\\/\"},{\"@type\":\"ListItem\",\"position\":3,\"name\":\"Our history\"}]},{\"@type\":\"WebSite\",\"@id\":\"https:\\\/\\\/www.nelsonorgel.se\\\/en\\\/#website\",\"url\":\"https:\\\/\\\/www.nelsonorgel.se\\\/en\\\/\",\"name\":\"Karl Nelson Orgelbyggeri AB\",\"description\":\"\",\"potentialAction\":[{\"@type\":\"SearchAction\",\"target\":{\"@type\":\"EntryPoint\",\"urlTemplate\":\"https:\\\/\\\/www.nelsonorgel.se\\\/en\\\/?s={search_term_string}\"},\"query-input\":{\"@type\":\"PropertyValueSpecification\",\"valueRequired\":true,\"valueName\":\"search_term_string\"}}],\"inLanguage\":\"en-US\"}]}<\/script>\n<!-- \/ Yoast SEO plugin. -->","yoast_head_json":{"title":"Our history | Karl Nelson Orgelbyggeri AB","description":"Explore our journey since the start.","robots":{"index":"index","follow":"follow","max-snippet":"max-snippet:-1","max-image-preview":"max-image-preview:large","max-video-preview":"max-video-preview:-1"},"canonical":"https:\/\/www.nelsonorgel.se\/en\/about-us\/our-history\/","og_locale":"en_US","og_type":"article","og_title":"Our history | Karl Nelson Orgelbyggeri AB","og_description":"Explore our journey since the start.","og_url":"https:\/\/www.nelsonorgel.se\/en\/about-us\/our-history\/","og_site_name":"Karl Nelson Orgelbyggeri AB","article_modified_time":"2025-06-16T14:28:00+00:00","twitter_card":"summary_large_image","schema":{"@context":"https:\/\/schema.org","@graph":[{"@type":"WebPage","@id":"https:\/\/www.nelsonorgel.se\/en\/about-us\/our-history\/","url":"https:\/\/www.nelsonorgel.se\/en\/about-us\/our-history\/","name":"Our history | Karl Nelson Orgelbyggeri AB","isPartOf":{"@id":"https:\/\/www.nelsonorgel.se\/en\/#website"},"datePublished":"2025-04-13T17:58:02+00:00","dateModified":"2025-06-16T14:28:00+00:00","description":"Explore our journey since the start.","breadcrumb":{"@id":"https:\/\/www.nelsonorgel.se\/en\/about-us\/our-history\/#breadcrumb"},"inLanguage":"en-US","potentialAction":[{"@type":"ReadAction","target":["https:\/\/www.nelsonorgel.se\/en\/about-us\/our-history\/"]}]},{"@type":"BreadcrumbList","@id":"https:\/\/www.nelsonorgel.se\/en\/about-us\/our-history\/#breadcrumb","itemListElement":[{"@type":"ListItem","position":1,"name":"Home","item":"https:\/\/www.nelsonorgel.se\/en\/"},{"@type":"ListItem","position":2,"name":"About us","item":"https:\/\/www.nelsonorgel.se\/en\/about-us\/"},{"@type":"ListItem","position":3,"name":"Our history"}]},{"@type":"WebSite","@id":"https:\/\/www.nelsonorgel.se\/en\/#website","url":"https:\/\/www.nelsonorgel.se\/en\/","name":"Karl Nelson Orgelbyggeri AB","description":"","potentialAction":[{"@type":"SearchAction","target":{"@type":"EntryPoint","urlTemplate":"https:\/\/www.nelsonorgel.se\/en\/?s={search_term_string}"},"query-input":{"@type":"PropertyValueSpecification","valueRequired":true,"valueName":"search_term_string"}}],"inLanguage":"en-US"}]}},"_links":{"self":[{"href":"https:\/\/www.nelsonorgel.se\/en\/wp-json\/wp\/v2\/pages\/902","targetHints":{"allow":["GET"]}}],"collection":[{"href":"https:\/\/www.nelsonorgel.se\/en\/wp-json\/wp\/v2\/pages"}],"about":[{"href":"https:\/\/www.nelsonorgel.se\/en\/wp-json\/wp\/v2\/types\/page"}],"author":[{"embeddable":true,"href":"https:\/\/www.nelsonorgel.se\/en\/wp-json\/wp\/v2\/users\/1"}],"replies":[{"embeddable":true,"href":"https:\/\/www.nelsonorgel.se\/en\/wp-json\/wp\/v2\/comments?post=902"}],"version-history":[{"count":1,"href":"https:\/\/www.nelsonorgel.se\/en\/wp-json\/wp\/v2\/pages\/902\/revisions"}],"predecessor-version":[{"id":904,"href":"https:\/\/www.nelsonorgel.se\/en\/wp-json\/wp\/v2\/pages\/902\/revisions\/904"}],"up":[{"embeddable":true,"href":"https:\/\/www.nelsonorgel.se\/en\/wp-json\/wp\/v2\/pages\/903"}],"wp:attachment":[{"href":"https:\/\/www.nelsonorgel.se\/en\/wp-json\/wp\/v2\/media?parent=902"}],"curies":[{"name":"wp","href":"https:\/\/api.w.org\/{rel}","templated":true}]}}