{"id":861,"date":"2025-04-09T19:25:55","date_gmt":"2025-04-09T17:25:55","guid":{"rendered":"https:\/\/www.nelsonorgel.se\/hem\/"},"modified":"2025-06-16T16:31:13","modified_gmt":"2025-06-16T14:31:13","slug":"hem","status":"publish","type":"page","link":"https:\/\/www.nelsonorgel.se\/en\/","title":{"rendered":"Home"},"content":{"rendered":"","protected":false},"excerpt":{"rendered":"","protected":false},"author":1,"featured_media":0,"parent":0,"menu_order":1,"comment_status":"closed","ping_status":"open","template":"","meta":{"_acf_changed":false},"class_list":["post-861","page","type-page","status-publish","hentry"],"acf":{"sections":[{"acf_fc_layout":"banner_3","title":"Welcome to <br>Karl Nelson Orgelbyggeri","text":"We are a family business that creates timeless and unique mechanical organs in both historical and contemporary styles. Our organs are known for their beautiful sound, stable tuning and reliable mechanics. We are proud to produce almost all the organ parts ourselves in our workshop located outside Lidk\u00f6ping on Lake V\u00e4nern.  ","link_url":867},{"acf_fc_layout":"section_31","repeater_field":[{"organ_name":"Varnhem","organ_image":692,"url":882},{"organ_name":"T\u00f6reboda","organ_image":696,"url":876},{"organ_name":"Salzburg","organ_image":695,"url":888},{"organ_name":"Neukirchen","organ_image":694,"url":891},{"organ_name":"Kirchdorf","organ_image":693,"url":924},{"organ_name":"Sch\u00e4rding","organ_image":701,"url":926},{"organ_name":"Glumsl\u00f6v","organ_image":700,"url":925},{"organ_name":"\u00d6sthammar","organ_image":699,"url":929}],"clear_top_padding":"no","clear_bottom_padding":"yes"},{"acf_fc_layout":"section_1","title":"","repeater_field":[{"title":"Our Focus","icon":"","text":"The organs we build are unique works of art, created with care and precision. Each project receives our deep commitment. Our craft is our pride.  ","link":""},{"title":"Our Work","icon":"","text":"In our workshop, we build organs from scratch, often using historical methods and always with well-chosen materials. If time permits, we carry out renovations and maintenance of organs. ","link":""}],"clear_top_padding":"yes","clear_bottom_padding":"yes","enable_background_color":"no"},{"acf_fc_layout":"section_41","title":"Our services","repeater_field":[{"bg_image":"","icon":"","title":"New construction","text":"We specialize in building unique mechanical pipe organs, designed to deepen the spiritual experience. Combining traditional methods with modern precision, we create organs that are not only technically impressive, but also touch the soul. We work closely with our customers to design and manufacture instruments that suit both acoustic and musical needs.  ","button_text":"Read more about new construction","button_url":883},{"bg_image":"","icon":"","title":"Renovation","text":"We offer restoration services for all types of organs, from repairs to tuning and mechanical improvements. By carefully evaluating each organ on site, we ensure that the renovation maintains its authenticity while improving the sound quality. Once the renovation is complete, we adjust and tune the organ for optimal results.  ","button_text":"Read more about renovation","button_url":900},{"bg_image":"","icon":"","title":"Maintenance and Tuning","text":"To keep your organ in top condition, we offer comprehensive maintenance services, including tuning, cleaning and overhaul of the mechanical and air systems. We ensure that every organ is tuned, mechanically reliable and well-maintained, and fix any minor problems before they become major ones. ","button_text":"Find out more about maintenance and subpoenas","button_url":901}],"clear_top_padding":"yes","clear_bottom_padding":"yes","enable_background_color":"no"}]},"yoast_head":"<!-- This site is optimized with the Yoast SEO plugin v27.5 - https:\/\/yoast.com\/product\/yoast-seo-wordpress\/ -->\n<title>Karl Nelson Orgelbyggeri AB | Expertise in organ building &amp; craftsmanship<\/title>\n<meta name=\"description\" content=\"Family-owned organ builder outside Lidk\u00f6ping. We build from scratch, renovate and maintain unique mechanical organs with tradition and precision.\" \/>\n<meta name=\"robots\" content=\"index, follow, max-snippet:-1, max-image-preview:large, max-video-preview:-1\" \/>\n<link rel=\"canonical\" href=\"https:\/\/www.nelsonorgel.se\/en\/\" \/>\n<meta property=\"og:locale\" content=\"en_US\" \/>\n<meta property=\"og:type\" content=\"article\" \/>\n<meta property=\"og:title\" content=\"Karl Nelson Orgelbyggeri AB | Expertise in organ building &amp; craftsmanship\" \/>\n<meta property=\"og:description\" content=\"Family-owned organ builder outside Lidk\u00f6ping. We build from scratch, renovate and maintain unique mechanical organs with tradition and precision.\" \/>\n<meta property=\"og:url\" content=\"https:\/\/www.nelsonorgel.se\/en\/\" \/>\n<meta property=\"og:site_name\" content=\"Karl Nelson Orgelbyggeri AB\" \/>\n<meta property=\"article:modified_time\" content=\"2025-06-16T14:31:13+00:00\" \/>\n<meta name=\"twitter:card\" content=\"summary_large_image\" \/>\n<script type=\"application\/ld+json\" class=\"yoast-schema-graph\">{\"@context\":\"https:\\\/\\\/schema.org\",\"@graph\":[{\"@type\":\"WebPage\",\"@id\":\"https:\\\/\\\/www.nelsonorgel.se\\\/en\\\/\",\"url\":\"https:\\\/\\\/www.nelsonorgel.se\\\/en\\\/\",\"name\":\"Karl Nelson Orgelbyggeri AB | Expertise in organ building & craftsmanship\",\"isPartOf\":{\"@id\":\"https:\\\/\\\/www.nelsonorgel.se\\\/en\\\/#website\"},\"datePublished\":\"2025-04-09T17:25:55+00:00\",\"dateModified\":\"2025-06-16T14:31:13+00:00\",\"description\":\"Family-owned organ builder outside Lidk\u00f6ping. We build from scratch, renovate and maintain unique mechanical organs with tradition and precision.\",\"breadcrumb\":{\"@id\":\"https:\\\/\\\/www.nelsonorgel.se\\\/en\\\/#breadcrumb\"},\"inLanguage\":\"en-US\",\"potentialAction\":[{\"@type\":\"ReadAction\",\"target\":[\"https:\\\/\\\/www.nelsonorgel.se\\\/en\\\/\"]}]},{\"@type\":\"BreadcrumbList\",\"@id\":\"https:\\\/\\\/www.nelsonorgel.se\\\/en\\\/#breadcrumb\",\"itemListElement\":[{\"@type\":\"ListItem\",\"position\":1,\"name\":\"Home\",\"item\":\"https:\\\/\\\/www.nelsonorgel.se\\\/en\\\/\"},{\"@type\":\"ListItem\",\"position\":2,\"name\":\"Home\"}]},{\"@type\":\"WebSite\",\"@id\":\"https:\\\/\\\/www.nelsonorgel.se\\\/en\\\/#website\",\"url\":\"https:\\\/\\\/www.nelsonorgel.se\\\/en\\\/\",\"name\":\"Karl Nelson Orgelbyggeri AB\",\"description\":\"\",\"potentialAction\":[{\"@type\":\"SearchAction\",\"target\":{\"@type\":\"EntryPoint\",\"urlTemplate\":\"https:\\\/\\\/www.nelsonorgel.se\\\/en\\\/?s={search_term_string}\"},\"query-input\":{\"@type\":\"PropertyValueSpecification\",\"valueRequired\":true,\"valueName\":\"search_term_string\"}}],\"inLanguage\":\"en-US\"}]}<\/script>\n<!-- \/ Yoast SEO plugin. -->","yoast_head_json":{"title":"Karl Nelson Orgelbyggeri AB | Expertise in organ building & craftsmanship","description":"Family-owned organ builder outside Lidk\u00f6ping. We build from scratch, renovate and maintain unique mechanical organs with tradition and precision.","robots":{"index":"index","follow":"follow","max-snippet":"max-snippet:-1","max-image-preview":"max-image-preview:large","max-video-preview":"max-video-preview:-1"},"canonical":"https:\/\/www.nelsonorgel.se\/en\/","og_locale":"en_US","og_type":"article","og_title":"Karl Nelson Orgelbyggeri AB | Expertise in organ building & craftsmanship","og_description":"Family-owned organ builder outside Lidk\u00f6ping. We build from scratch, renovate and maintain unique mechanical organs with tradition and precision.","og_url":"https:\/\/www.nelsonorgel.se\/en\/","og_site_name":"Karl Nelson Orgelbyggeri AB","article_modified_time":"2025-06-16T14:31:13+00:00","twitter_card":"summary_large_image","schema":{"@context":"https:\/\/schema.org","@graph":[{"@type":"WebPage","@id":"https:\/\/www.nelsonorgel.se\/en\/","url":"https:\/\/www.nelsonorgel.se\/en\/","name":"Karl Nelson Orgelbyggeri AB | Expertise in organ building & craftsmanship","isPartOf":{"@id":"https:\/\/www.nelsonorgel.se\/en\/#website"},"datePublished":"2025-04-09T17:25:55+00:00","dateModified":"2025-06-16T14:31:13+00:00","description":"Family-owned organ builder outside Lidk\u00f6ping. We build from scratch, renovate and maintain unique mechanical organs with tradition and precision.","breadcrumb":{"@id":"https:\/\/www.nelsonorgel.se\/en\/#breadcrumb"},"inLanguage":"en-US","potentialAction":[{"@type":"ReadAction","target":["https:\/\/www.nelsonorgel.se\/en\/"]}]},{"@type":"BreadcrumbList","@id":"https:\/\/www.nelsonorgel.se\/en\/#breadcrumb","itemListElement":[{"@type":"ListItem","position":1,"name":"Home","item":"https:\/\/www.nelsonorgel.se\/en\/"},{"@type":"ListItem","position":2,"name":"Home"}]},{"@type":"WebSite","@id":"https:\/\/www.nelsonorgel.se\/en\/#website","url":"https:\/\/www.nelsonorgel.se\/en\/","name":"Karl Nelson Orgelbyggeri AB","description":"","potentialAction":[{"@type":"SearchAction","target":{"@type":"EntryPoint","urlTemplate":"https:\/\/www.nelsonorgel.se\/en\/?s={search_term_string}"},"query-input":{"@type":"PropertyValueSpecification","valueRequired":true,"valueName":"search_term_string"}}],"inLanguage":"en-US"}]}},"_links":{"self":[{"href":"https:\/\/www.nelsonorgel.se\/en\/wp-json\/wp\/v2\/pages\/861","targetHints":{"allow":["GET"]}}],"collection":[{"href":"https:\/\/www.nelsonorgel.se\/en\/wp-json\/wp\/v2\/pages"}],"about":[{"href":"https:\/\/www.nelsonorgel.se\/en\/wp-json\/wp\/v2\/types\/page"}],"author":[{"embeddable":true,"href":"https:\/\/www.nelsonorgel.se\/en\/wp-json\/wp\/v2\/users\/1"}],"replies":[{"embeddable":true,"href":"https:\/\/www.nelsonorgel.se\/en\/wp-json\/wp\/v2\/comments?post=861"}],"version-history":[{"count":6,"href":"https:\/\/www.nelsonorgel.se\/en\/wp-json\/wp\/v2\/pages\/861\/revisions"}],"predecessor-version":[{"id":956,"href":"https:\/\/www.nelsonorgel.se\/en\/wp-json\/wp\/v2\/pages\/861\/revisions\/956"}],"wp:attachment":[{"href":"https:\/\/www.nelsonorgel.se\/en\/wp-json\/wp\/v2\/media?parent=861"}],"curies":[{"name":"wp","href":"https:\/\/api.w.org\/{rel}","templated":true}]}}