{"id":997,"date":"2025-04-13T19:58:58","date_gmt":"2025-04-13T17:58:58","guid":{"rendered":"https:\/\/www.nelsonorgel.se\/kontaktieren-sie-uns\/"},"modified":"2025-06-16T16:22:52","modified_gmt":"2025-06-16T14:22:52","slug":"kontaktieren-sie-uns","status":"publish","type":"page","link":"https:\/\/www.nelsonorgel.se\/de\/kontaktieren-sie-uns\/","title":{"rendered":"Kontaktieren Sie uns"},"content":{"rendered":"","protected":false},"excerpt":{"rendered":"","protected":false},"author":1,"featured_media":0,"parent":0,"menu_order":6,"comment_status":"closed","ping_status":"closed","template":"","meta":{"_acf_changed":false},"class_list":["post-997","page","type-page","status-publish","hentry"],"acf":{"sections":[{"acf_fc_layout":"section_26","title":"Kontaktieren Sie uns unter","text":"<div class=\"row\">\n  <div class=\"col-12 col-md-6\">\n    <h4>Adresse<\/h4>\n  Karl Nelson Orgelbyggeri AB<br>  Gustav Adolfsgatan 20<br>  531 96 Lidk\u00f6ping<br>    <a href=\"https:\/\/maps.app.goo.gl\/YKe7EGrp4WxrjxJp9\" target=\"_blank\">Auf der Karte sehen<\/a><br>\n    <h4>Besuchsadresse<\/h4>\n  Industrigatan 1 Lovene<br>  531 96 Lidk\u00f6ping<br>  <\/div>\n\n  <div class=\"col-12 col-md-6\">\n    <h4>Rufnummer<\/h4>\n    <a href=\"tel:+46510532460\" style=\"text-decoration: none;\">0510-532 460<\/a><br>    <a href=\"tel:+46707217547\" style=\"text-decoration: none;\">070-721 75 47<\/a><br>\n    <h4>E-Mail<\/h4>\n    <a href=\"mailto:karl@nelsonorgel.se\" style=\"text-decoration: none;\">karl@nelsonorgel.se<\/a><br>    <a href=\"mailto:elsa@nelsonorgel.se\" style=\"text-decoration: none;\">elsa@nelsonorgel.se<\/a><br>    <a href=\"mailto:info@nelsonorgel.se\" style=\"text-decoration: none;\">info@nelsonorgel.se<\/a><br>  <\/div>\n<\/div>\n","our_team":"Hinter Karl Nelson Orgelbyggeri steht ein leidenschaftliches und erfahrenes Team mit Fachkenntnissen in Handwerk, Technik und Musik. Ingenieure, Schreiner, Musiker und Techniker kommen hier zusammen, alle mit einer gemeinsamen Leidenschaft f\u00fcr sorgf\u00e4ltige Arbeit und gro\u00dfartig klingende Ergebnisse. ","clear_top_padding":"yes","clear_bottom_padding":"yes"}]},"yoast_head":"<!-- This site is optimized with the Yoast SEO plugin v27.5 - https:\/\/yoast.com\/product\/yoast-seo-wordpress\/ -->\n<title>Kontaktieren Sie uns | Karl Nelson Orgelbyggeri AB<\/title>\n<meta name=\"description\" content=\"Besuchen Sie uns in Lidk\u00f6ping oder kontaktieren Sie uns per Telefon\/E-Mail. Wir beantworten gerne Ihre Fragen und beraten Sie.\" \/>\n<meta name=\"robots\" content=\"index, follow, max-snippet:-1, max-image-preview:large, max-video-preview:-1\" \/>\n<link rel=\"canonical\" href=\"https:\/\/www.nelsonorgel.se\/de\/kontaktieren-sie-uns\/\" \/>\n<meta property=\"og:locale\" content=\"de_DE\" \/>\n<meta property=\"og:type\" content=\"article\" \/>\n<meta property=\"og:title\" content=\"Kontaktieren Sie uns | Karl Nelson Orgelbyggeri AB\" \/>\n<meta property=\"og:description\" content=\"Besuchen Sie uns in Lidk\u00f6ping oder kontaktieren Sie uns per Telefon\/E-Mail. Wir beantworten gerne Ihre Fragen und beraten Sie.\" \/>\n<meta property=\"og:url\" content=\"https:\/\/www.nelsonorgel.se\/de\/kontaktieren-sie-uns\/\" \/>\n<meta property=\"og:site_name\" content=\"Karl Nelson Orgelbyggeri AB\" \/>\n<meta property=\"article:modified_time\" content=\"2025-06-16T14:22:52+00:00\" \/>\n<meta name=\"twitter:card\" content=\"summary_large_image\" \/>\n<script type=\"application\/ld+json\" class=\"yoast-schema-graph\">{\"@context\":\"https:\\\/\\\/schema.org\",\"@graph\":[{\"@type\":\"WebPage\",\"@id\":\"https:\\\/\\\/www.nelsonorgel.se\\\/de\\\/kontaktieren-sie-uns\\\/\",\"url\":\"https:\\\/\\\/www.nelsonorgel.se\\\/de\\\/kontaktieren-sie-uns\\\/\",\"name\":\"Kontaktieren Sie uns | Karl Nelson Orgelbyggeri AB\",\"isPartOf\":{\"@id\":\"https:\\\/\\\/www.nelsonorgel.se\\\/de\\\/#website\"},\"datePublished\":\"2025-04-13T17:58:58+00:00\",\"dateModified\":\"2025-06-16T14:22:52+00:00\",\"description\":\"Besuchen Sie uns in Lidk\u00f6ping oder kontaktieren Sie uns per Telefon\\\/E-Mail. Wir beantworten gerne Ihre Fragen und beraten Sie.\",\"breadcrumb\":{\"@id\":\"https:\\\/\\\/www.nelsonorgel.se\\\/de\\\/kontaktieren-sie-uns\\\/#breadcrumb\"},\"inLanguage\":\"de\",\"potentialAction\":[{\"@type\":\"ReadAction\",\"target\":[\"https:\\\/\\\/www.nelsonorgel.se\\\/de\\\/kontaktieren-sie-uns\\\/\"]}]},{\"@type\":\"BreadcrumbList\",\"@id\":\"https:\\\/\\\/www.nelsonorgel.se\\\/de\\\/kontaktieren-sie-uns\\\/#breadcrumb\",\"itemListElement\":[{\"@type\":\"ListItem\",\"position\":1,\"name\":\"Home\",\"item\":\"https:\\\/\\\/www.nelsonorgel.se\\\/de\\\/\"},{\"@type\":\"ListItem\",\"position\":2,\"name\":\"Kontaktieren Sie uns\"}]},{\"@type\":\"WebSite\",\"@id\":\"https:\\\/\\\/www.nelsonorgel.se\\\/de\\\/#website\",\"url\":\"https:\\\/\\\/www.nelsonorgel.se\\\/de\\\/\",\"name\":\"Karl Nelson Orgelbyggeri AB\",\"description\":\"\",\"potentialAction\":[{\"@type\":\"SearchAction\",\"target\":{\"@type\":\"EntryPoint\",\"urlTemplate\":\"https:\\\/\\\/www.nelsonorgel.se\\\/de\\\/?s={search_term_string}\"},\"query-input\":{\"@type\":\"PropertyValueSpecification\",\"valueRequired\":true,\"valueName\":\"search_term_string\"}}],\"inLanguage\":\"de\"}]}<\/script>\n<!-- \/ Yoast SEO plugin. -->","yoast_head_json":{"title":"Kontaktieren Sie uns | Karl Nelson Orgelbyggeri AB","description":"Besuchen Sie uns in Lidk\u00f6ping oder kontaktieren Sie uns per Telefon\/E-Mail. Wir beantworten gerne Ihre Fragen und beraten Sie.","robots":{"index":"index","follow":"follow","max-snippet":"max-snippet:-1","max-image-preview":"max-image-preview:large","max-video-preview":"max-video-preview:-1"},"canonical":"https:\/\/www.nelsonorgel.se\/de\/kontaktieren-sie-uns\/","og_locale":"de_DE","og_type":"article","og_title":"Kontaktieren Sie uns | Karl Nelson Orgelbyggeri AB","og_description":"Besuchen Sie uns in Lidk\u00f6ping oder kontaktieren Sie uns per Telefon\/E-Mail. Wir beantworten gerne Ihre Fragen und beraten Sie.","og_url":"https:\/\/www.nelsonorgel.se\/de\/kontaktieren-sie-uns\/","og_site_name":"Karl Nelson Orgelbyggeri AB","article_modified_time":"2025-06-16T14:22:52+00:00","twitter_card":"summary_large_image","schema":{"@context":"https:\/\/schema.org","@graph":[{"@type":"WebPage","@id":"https:\/\/www.nelsonorgel.se\/de\/kontaktieren-sie-uns\/","url":"https:\/\/www.nelsonorgel.se\/de\/kontaktieren-sie-uns\/","name":"Kontaktieren Sie uns | Karl Nelson Orgelbyggeri AB","isPartOf":{"@id":"https:\/\/www.nelsonorgel.se\/de\/#website"},"datePublished":"2025-04-13T17:58:58+00:00","dateModified":"2025-06-16T14:22:52+00:00","description":"Besuchen Sie uns in Lidk\u00f6ping oder kontaktieren Sie uns per Telefon\/E-Mail. Wir beantworten gerne Ihre Fragen und beraten Sie.","breadcrumb":{"@id":"https:\/\/www.nelsonorgel.se\/de\/kontaktieren-sie-uns\/#breadcrumb"},"inLanguage":"de","potentialAction":[{"@type":"ReadAction","target":["https:\/\/www.nelsonorgel.se\/de\/kontaktieren-sie-uns\/"]}]},{"@type":"BreadcrumbList","@id":"https:\/\/www.nelsonorgel.se\/de\/kontaktieren-sie-uns\/#breadcrumb","itemListElement":[{"@type":"ListItem","position":1,"name":"Home","item":"https:\/\/www.nelsonorgel.se\/de\/"},{"@type":"ListItem","position":2,"name":"Kontaktieren Sie uns"}]},{"@type":"WebSite","@id":"https:\/\/www.nelsonorgel.se\/de\/#website","url":"https:\/\/www.nelsonorgel.se\/de\/","name":"Karl Nelson Orgelbyggeri AB","description":"","potentialAction":[{"@type":"SearchAction","target":{"@type":"EntryPoint","urlTemplate":"https:\/\/www.nelsonorgel.se\/de\/?s={search_term_string}"},"query-input":{"@type":"PropertyValueSpecification","valueRequired":true,"valueName":"search_term_string"}}],"inLanguage":"de"}]}},"_links":{"self":[{"href":"https:\/\/www.nelsonorgel.se\/de\/wp-json\/wp\/v2\/pages\/997","targetHints":{"allow":["GET"]}}],"collection":[{"href":"https:\/\/www.nelsonorgel.se\/de\/wp-json\/wp\/v2\/pages"}],"about":[{"href":"https:\/\/www.nelsonorgel.se\/de\/wp-json\/wp\/v2\/types\/page"}],"author":[{"embeddable":true,"href":"https:\/\/www.nelsonorgel.se\/de\/wp-json\/wp\/v2\/users\/1"}],"replies":[{"embeddable":true,"href":"https:\/\/www.nelsonorgel.se\/de\/wp-json\/wp\/v2\/comments?post=997"}],"version-history":[{"count":1,"href":"https:\/\/www.nelsonorgel.se\/de\/wp-json\/wp\/v2\/pages\/997\/revisions"}],"predecessor-version":[{"id":1165,"href":"https:\/\/www.nelsonorgel.se\/de\/wp-json\/wp\/v2\/pages\/997\/revisions\/1165"}],"wp:attachment":[{"href":"https:\/\/www.nelsonorgel.se\/de\/wp-json\/wp\/v2\/media?parent=997"}],"curies":[{"name":"wp","href":"https:\/\/api.w.org\/{rel}","templated":true}]}}