{"id":989,"date":"2025-04-13T19:58:16","date_gmt":"2025-04-13T17:58:16","guid":{"rendered":"https:\/\/www.nelsonorgel.se\/ueber-uns\/treffen-sie-unser-team\/"},"modified":"2025-06-16T16:23:05","modified_gmt":"2025-06-16T14:23:05","slug":"treffen-sie-unser-team","status":"publish","type":"page","link":"https:\/\/www.nelsonorgel.se\/de\/ueber-uns\/treffen-sie-unser-team\/","title":{"rendered":"Treffen Sie unser Team"},"content":{"rendered":"","protected":false},"excerpt":{"rendered":"","protected":false},"author":1,"featured_media":0,"parent":985,"menu_order":2,"comment_status":"closed","ping_status":"closed","template":"","meta":{"_acf_changed":false},"class_list":["post-989","page","type-page","status-publish","hentry"],"acf":{"sections":[{"acf_fc_layout":"banner_8","title":"Treffen Sie unser Team","text":"Hinter Karl Nelson Orgelbyggeri steht ein engagiertes Team mit umfassender Expertise in Handwerk, Technik und Musik. Hier treffen sich Ingenieure, Schreiner, Musiker und Techniker, die alle eine gemeinsame Leidenschaft f\u00fcr Genauigkeit und Klang haben. ","clear_top_padding":"yes","clear_bottom_padding":"no","enable_background_color":"no"},{"acf_fc_layout":"section_48","repeater_field":[{"image":990,"name":"Karl Nelson","role":"Karl ist der Gr\u00fcnder des Unternehmens und hat \u00fcber 35 Jahre Erfahrung als Orgelbauer. Er begann seine Karriere in den USA, wo er mit Manual Rosales und John Brombaugh zusammenarbeitete. Seit 1991 ist er in Schweden t\u00e4tig und \u00fcbernahm 1998 die Firma Smedmans Orgelbyggeri, die er nach Lovene verlegte. Karl hat seitdem Orgeln in Schweden und \u00d6sterreich gebaut, renoviert und gewartet.   "},{"image":991,"name":"Elsa Nelson","role":"Elsa wuchs mit Orgeln und Musik auf und besuchte das Aesthetic Programme mit klassischem Schwerpunkt. Nach einer fr\u00fchen T\u00e4tigkeit im Familienbetrieb sammelte sie f\u00fcnf Jahre Erfahrung in den USA bei der Noack Organ Company und C. B. Fisk, wo sie Pfeifenbau und Intonation erlernte. Seit 2024 arbeitet sie zusammen mit Karl in der Werkstatt in Lovene.  "},{"image":992,"name":"Per Hedlund","role":"Per hat einen Master of Science in Ingenieurwissenschaften mit Spezialisierung auf Materialwissenschaften von der K\u00f6niglichen Technischen Hochschule in Stockholm, wo er 4,5 Jahre lang studierte. Er arbeitet seit 25 Jahren in der schwedischen Maschinenbauindustrie. Neben seinem Berufsleben interessiert er sich sehr f\u00fcr Musik, insbesondere f\u00fcr Blechbl\u00e4ser und Chorgesang.  "},{"image":994,"name":"Johan Sk\u00f6ld","role":"Johan ist ein ehemaliger Berufsmusiker mit umfassender Erfahrung in Jazz-, Big Band-, Rock 'n' Roll- und Tanzbands. Heutzutage spielt er haupts\u00e4chlich Blues, Rhythm 'n' Blues und Roots-Musik. Au\u00dferdem hat er eine vierj\u00e4hrige <a href=\"https:\/\/www.steneby.se\/stenebyskolan\/yrkeshogskoleutbildning\/finsnickare-mobelrestaurerare-dekopor-med-inritkning-mot-gesallbrev-eller-yrkes-specialisering\/\" target=\"_blank\" rel=\"noopener\">Tischlerausbildung an der Stenebyskolan<\/a> absolviert, die er mit einem Gesellenbrief abschloss.  "},{"image":993,"name":"H\u00e5kan Lindberg","role":"H\u00e5kan ist seit 1998 ein Freund und Helfer von Karl und seit 2002, mit einigen Unterbrechungen, ein Mitarbeiter des Unternehmens. Er ist ausgebildeter <a href=\"https:\/\/www.kmh.se\/utbildningar\/alla-utbildningar\/pianostammarutbildning.html\" target=\"_blank\" rel=\"noopener\">Klaviertechniker<\/a> an der Volkshochschule Leksand und hat eine Musikausbildung an der Volkshochschule Oskarshamn absolviert. "},{"image":996,"name":"Pontus Pettersson","role":"Pontus ist seit sieben Jahren Kirchenpfleger und hat eine zweij\u00e4hrige <a href=\"https:\/\/ttuhammaro.se\/kursplan\/\" target=\"_blank\" rel=\"noopener\">Ausbildung zum Holztechniker in Hammar\u00f6<\/a> absolviert. Er hat auch Erfahrung mit der Renovierung von alten und modernen Fenstern. "},{"image":995,"name":"Nils-Gabriel Berg","role":"Nils-Gabriel hat einen Bachelor-Abschluss in klassischem Gesang von der Musikhochschule in Pite\u00e5 und arbeitet jetzt als freiberuflicher Musiker. Zuvor hat er mehrere Saisons als Mechaniker in Kaufh\u00e4usern gearbeitet. Nils-Gabriel ist Lehrling bei Karl Nelson im Rahmen <a href=\"https:\/\/hantverkslarling.se\/utbildningar\/musikinstrumentmakare\/\" target=\"_blank\" rel=\"noopener\">des Ausbildungsprogramms der Volkshochschule Leksand<\/a>.  "}],"clear_top_padding":"yes","clear_bottom_padding":"yes","enable_background_color":"no"}]},"yoast_head":"<!-- This site is optimized with the Yoast SEO plugin v27.5 - https:\/\/yoast.com\/product\/yoast-seo-wordpress\/ -->\n<title>Treffen Sie unser Team | Karl Nelson Orgelbyggeri AB<\/title>\n<meta name=\"description\" content=\"Wir sind Orgelbauer, Musiker und Techniker mit einer gemeinsamen Leidenschaft. Lernen Sie die Menschen hinter Karl Nelson Orgelbyggeri kennen.\" \/>\n<meta name=\"robots\" content=\"index, follow, max-snippet:-1, max-image-preview:large, max-video-preview:-1\" \/>\n<link rel=\"canonical\" href=\"https:\/\/www.nelsonorgel.se\/de\/ueber-uns\/treffen-sie-unser-team\/\" \/>\n<meta property=\"og:locale\" content=\"de_DE\" \/>\n<meta property=\"og:type\" content=\"article\" \/>\n<meta property=\"og:title\" content=\"Treffen Sie unser Team | Karl Nelson Orgelbyggeri AB\" \/>\n<meta property=\"og:description\" content=\"Wir sind Orgelbauer, Musiker und Techniker mit einer gemeinsamen Leidenschaft. Lernen Sie die Menschen hinter Karl Nelson Orgelbyggeri kennen.\" \/>\n<meta property=\"og:url\" content=\"https:\/\/www.nelsonorgel.se\/de\/ueber-uns\/treffen-sie-unser-team\/\" \/>\n<meta property=\"og:site_name\" content=\"Karl Nelson Orgelbyggeri AB\" \/>\n<meta property=\"article:modified_time\" content=\"2025-06-16T14:23:05+00:00\" \/>\n<meta name=\"twitter:card\" content=\"summary_large_image\" \/>\n<script type=\"application\/ld+json\" class=\"yoast-schema-graph\">{\"@context\":\"https:\\\/\\\/schema.org\",\"@graph\":[{\"@type\":\"WebPage\",\"@id\":\"https:\\\/\\\/www.nelsonorgel.se\\\/de\\\/ueber-uns\\\/treffen-sie-unser-team\\\/\",\"url\":\"https:\\\/\\\/www.nelsonorgel.se\\\/de\\\/ueber-uns\\\/treffen-sie-unser-team\\\/\",\"name\":\"Treffen Sie unser Team | Karl Nelson Orgelbyggeri AB\",\"isPartOf\":{\"@id\":\"https:\\\/\\\/www.nelsonorgel.se\\\/de\\\/#website\"},\"datePublished\":\"2025-04-13T17:58:16+00:00\",\"dateModified\":\"2025-06-16T14:23:05+00:00\",\"description\":\"Wir sind Orgelbauer, Musiker und Techniker mit einer gemeinsamen Leidenschaft. Lernen Sie die Menschen hinter Karl Nelson Orgelbyggeri kennen.\",\"breadcrumb\":{\"@id\":\"https:\\\/\\\/www.nelsonorgel.se\\\/de\\\/ueber-uns\\\/treffen-sie-unser-team\\\/#breadcrumb\"},\"inLanguage\":\"de\",\"potentialAction\":[{\"@type\":\"ReadAction\",\"target\":[\"https:\\\/\\\/www.nelsonorgel.se\\\/de\\\/ueber-uns\\\/treffen-sie-unser-team\\\/\"]}]},{\"@type\":\"BreadcrumbList\",\"@id\":\"https:\\\/\\\/www.nelsonorgel.se\\\/de\\\/ueber-uns\\\/treffen-sie-unser-team\\\/#breadcrumb\",\"itemListElement\":[{\"@type\":\"ListItem\",\"position\":1,\"name\":\"Home\",\"item\":\"https:\\\/\\\/www.nelsonorgel.se\\\/de\\\/\"},{\"@type\":\"ListItem\",\"position\":2,\"name\":\"\u00dcber uns\",\"item\":\"https:\\\/\\\/www.nelsonorgel.se\\\/de\\\/ueber-uns\\\/\"},{\"@type\":\"ListItem\",\"position\":3,\"name\":\"Treffen Sie unser Team\"}]},{\"@type\":\"WebSite\",\"@id\":\"https:\\\/\\\/www.nelsonorgel.se\\\/de\\\/#website\",\"url\":\"https:\\\/\\\/www.nelsonorgel.se\\\/de\\\/\",\"name\":\"Karl Nelson Orgelbyggeri AB\",\"description\":\"\",\"potentialAction\":[{\"@type\":\"SearchAction\",\"target\":{\"@type\":\"EntryPoint\",\"urlTemplate\":\"https:\\\/\\\/www.nelsonorgel.se\\\/de\\\/?s={search_term_string}\"},\"query-input\":{\"@type\":\"PropertyValueSpecification\",\"valueRequired\":true,\"valueName\":\"search_term_string\"}}],\"inLanguage\":\"de\"}]}<\/script>\n<!-- \/ Yoast SEO plugin. -->","yoast_head_json":{"title":"Treffen Sie unser Team | Karl Nelson Orgelbyggeri AB","description":"Wir sind Orgelbauer, Musiker und Techniker mit einer gemeinsamen Leidenschaft. Lernen Sie die Menschen hinter Karl Nelson Orgelbyggeri kennen.","robots":{"index":"index","follow":"follow","max-snippet":"max-snippet:-1","max-image-preview":"max-image-preview:large","max-video-preview":"max-video-preview:-1"},"canonical":"https:\/\/www.nelsonorgel.se\/de\/ueber-uns\/treffen-sie-unser-team\/","og_locale":"de_DE","og_type":"article","og_title":"Treffen Sie unser Team | Karl Nelson Orgelbyggeri AB","og_description":"Wir sind Orgelbauer, Musiker und Techniker mit einer gemeinsamen Leidenschaft. Lernen Sie die Menschen hinter Karl Nelson Orgelbyggeri kennen.","og_url":"https:\/\/www.nelsonorgel.se\/de\/ueber-uns\/treffen-sie-unser-team\/","og_site_name":"Karl Nelson Orgelbyggeri AB","article_modified_time":"2025-06-16T14:23:05+00:00","twitter_card":"summary_large_image","schema":{"@context":"https:\/\/schema.org","@graph":[{"@type":"WebPage","@id":"https:\/\/www.nelsonorgel.se\/de\/ueber-uns\/treffen-sie-unser-team\/","url":"https:\/\/www.nelsonorgel.se\/de\/ueber-uns\/treffen-sie-unser-team\/","name":"Treffen Sie unser Team | Karl Nelson Orgelbyggeri AB","isPartOf":{"@id":"https:\/\/www.nelsonorgel.se\/de\/#website"},"datePublished":"2025-04-13T17:58:16+00:00","dateModified":"2025-06-16T14:23:05+00:00","description":"Wir sind Orgelbauer, Musiker und Techniker mit einer gemeinsamen Leidenschaft. Lernen Sie die Menschen hinter Karl Nelson Orgelbyggeri kennen.","breadcrumb":{"@id":"https:\/\/www.nelsonorgel.se\/de\/ueber-uns\/treffen-sie-unser-team\/#breadcrumb"},"inLanguage":"de","potentialAction":[{"@type":"ReadAction","target":["https:\/\/www.nelsonorgel.se\/de\/ueber-uns\/treffen-sie-unser-team\/"]}]},{"@type":"BreadcrumbList","@id":"https:\/\/www.nelsonorgel.se\/de\/ueber-uns\/treffen-sie-unser-team\/#breadcrumb","itemListElement":[{"@type":"ListItem","position":1,"name":"Home","item":"https:\/\/www.nelsonorgel.se\/de\/"},{"@type":"ListItem","position":2,"name":"\u00dcber uns","item":"https:\/\/www.nelsonorgel.se\/de\/ueber-uns\/"},{"@type":"ListItem","position":3,"name":"Treffen Sie unser Team"}]},{"@type":"WebSite","@id":"https:\/\/www.nelsonorgel.se\/de\/#website","url":"https:\/\/www.nelsonorgel.se\/de\/","name":"Karl Nelson Orgelbyggeri AB","description":"","potentialAction":[{"@type":"SearchAction","target":{"@type":"EntryPoint","urlTemplate":"https:\/\/www.nelsonorgel.se\/de\/?s={search_term_string}"},"query-input":{"@type":"PropertyValueSpecification","valueRequired":true,"valueName":"search_term_string"}}],"inLanguage":"de"}]}},"_links":{"self":[{"href":"https:\/\/www.nelsonorgel.se\/de\/wp-json\/wp\/v2\/pages\/989","targetHints":{"allow":["GET"]}}],"collection":[{"href":"https:\/\/www.nelsonorgel.se\/de\/wp-json\/wp\/v2\/pages"}],"about":[{"href":"https:\/\/www.nelsonorgel.se\/de\/wp-json\/wp\/v2\/types\/page"}],"author":[{"embeddable":true,"href":"https:\/\/www.nelsonorgel.se\/de\/wp-json\/wp\/v2\/users\/1"}],"replies":[{"embeddable":true,"href":"https:\/\/www.nelsonorgel.se\/de\/wp-json\/wp\/v2\/comments?post=989"}],"version-history":[{"count":1,"href":"https:\/\/www.nelsonorgel.se\/de\/wp-json\/wp\/v2\/pages\/989\/revisions"}],"predecessor-version":[{"id":1123,"href":"https:\/\/www.nelsonorgel.se\/de\/wp-json\/wp\/v2\/pages\/989\/revisions\/1123"}],"up":[{"embeddable":true,"href":"https:\/\/www.nelsonorgel.se\/de\/wp-json\/wp\/v2\/pages\/985"}],"wp:attachment":[{"href":"https:\/\/www.nelsonorgel.se\/de\/wp-json\/wp\/v2\/media?parent=989"}],"curies":[{"name":"wp","href":"https:\/\/api.w.org\/{rel}","templated":true}]}}