{"id":988,"date":"2025-04-13T19:58:02","date_gmt":"2025-04-13T17:58:02","guid":{"rendered":"https:\/\/www.nelsonorgel.se\/ueber-uns\/unsere-geschichte\/"},"modified":"2025-06-16T16:23:30","modified_gmt":"2025-06-16T14:23:30","slug":"unsere-geschichte","status":"publish","type":"page","link":"https:\/\/www.nelsonorgel.se\/de\/ueber-uns\/unsere-geschichte\/","title":{"rendered":"Unsere Geschichte"},"content":{"rendered":"","protected":false},"excerpt":{"rendered":"","protected":false},"author":1,"featured_media":0,"parent":985,"menu_order":1,"comment_status":"closed","ping_status":"closed","template":"","meta":{"_acf_changed":false},"class_list":["post-988","page","type-page","status-publish","hentry"],"acf":{"sections":[{"acf_fc_layout":"section_8","title":"Unsere Geschichte","text":"<h2>Fr\u00fche Geschichte des Orgelbaus in Lidk\u00f6ping<\/h2>\nLidk\u00f6ping hat eine reiche Geschichte des Orgelbaus, die bis ins Jahr 1892 zur\u00fcckreicht, als Carl A. H\u00e4rngren sein Gesch\u00e4ft in der Stadt er\u00f6ffnete. Der 1868 geborene H\u00e4rngren begann seine Lehre im Alter von siebzehn Jahren bei Salomon Molander in G\u00f6teborg im Jahr 1885 und setzte seine Ausbildung sp\u00e4ter bei J. A. Johanson in M\u00f6sseberga fort. H\u00e4rngren baute Orgeln in einem eher konservativen Stil, genau wie sein Mentor Molander es vor ihm getan hatte. Er entwickelte seinen eigenen mechanischen Schleifer und stimmte seine Orgeln mit einem reichen und gr\u00fcndlichen Klang. W\u00e4hrend seiner Zeit in Lidk\u00f6ping baute er etwa f\u00fcnfzig Orgeln, vor allem in der Di\u00f6zese Skara, die meisten von ihnen mechanisch und mit Schleifladen ausgestattet.    \n\n<h3>\u00dcbergang und neuer Eigent\u00fcmer<\/h3>\nIm Jahr 1912 wurde die Firma von Nordfors, Karl\u00e9n und C-G Smedman \u00fcbernommen und firmierte unter dem Namen H Nordfors & Co. In dieser Zeit verwendete das Unternehmen eine pneumatische Mechanik und eine romantischere Intonation, die typisch f\u00fcr die damalige Zeit war. \n\n<figure>\n  <img src=\"https:\/\/www.mrfelix.se\/wp-content\/uploads\/2025\/05\/var-historia-1.jpg\" alt=\"Zeichnungen f\u00fcr die Kirche von Vara\">\n  <figcaption>Zeichnungen f\u00fcr die Kirche von Vara, Smedmans Orgelbyggeri AB.<\/figcaption>\n<\/figure>\n\n<h2>Smedmans Orgelbyggeri AB<\/h2>\nOrvar Smedman, der Sohn von C-G Smedman, wurde 1952 alleiniger Eigent\u00fcmer, und das Unternehmen \u00e4nderte schlie\u00dflich seinen Namen in Smedmans Orgelbyggeri AB. Unter der F\u00fchrung von Orvar Smedman kehrte das Unternehmen zum Bau mechanischer Orgeln im Geiste der Orgelbewegung zur\u00fcck. 1981 \u00fcbernahm Orvars Sohn, Lars-Inge Smedman, das Unternehmen. Beispiele f\u00fcr Orgeln aus dieser Zeit finden Sie in der St. Nicholas Kirche in Lidk\u00f6ping und in der Ljungs Kirche in der Di\u00f6zese Link\u00f6ping.   \n\n<h2>Karl Nelson Orgelbyggeri AB<\/h2>\nIm Jahr 1998 wurde das Unternehmen an Karl Nelson verkauft, und 2002 \u00e4nderte es seinen Namen in Karl Nelson Orgelbyggeri AB.\n\n<figure>\n  <img src=\"https:\/\/www.mrfelix.se\/wp-content\/uploads\/2025\/05\/var-historia-4.jpg\" alt=\"Karl Nelson Orgelbyggeri AB's ehemalige R\u00e4umlichkeiten\">\n  <figcaption>Die ehemaligen R\u00e4umlichkeiten von Karl Nelson Orgelbyggeri AB, ca. 2000.<\/figcaption>\n<\/figure>\n\n<h3>Hintergrund von Karl Nelson<\/h3>\nKarl Nelson wurde in St. Peter, Minnesota (USA) geboren und erhielt seine Ausbildung an der Deerfield Academy in Massachusetts, am St. Olaf College in Minnesota und an der Portland State University. 1987 begann Karl seine Karriere als Orgelbauer, w\u00e4hrend er an der Portland State University Musik studierte. Er hatte die Gelegenheit, zusammen mit Manual Rosales, einem Orgelbauer aus Los Angeles, an der Installation einer 55-stimmigen Orgel in der Trinity Episcopal Church in Portland teilzunehmen. Karl arbeitete ein Jahr lang f\u00fcr Rosales, bevor er eine Stelle bei John Brombaugh in Eugene annahm.   \n\n1991 kam Karl im Zusammenhang mit der Installation von John Brombaughs Orgel opus 28 in der Haga-Kirche in G\u00f6teborg nach Schweden. Dort lernte Karl seine zuk\u00fcnftige Frau Karin kennen, die damals Organistin an der Haga-Kirche war. Mit Ausnahme eines Jahres in Eugene haben Karl und Karin seit 1992 in Schweden gelebt. Ihr Sohn Erik wurde 1993 geboren und ihre Tochter Elsa 1996.   \n\nBevor Karl Smedmans Orgelbyggeri \u00fcbernahm, f\u00fchrte er ein kleines Unternehmen in G\u00f6teborg unter dem Namen K Nelsons Orgelv\u00e5rd. In dieser Zeit renovierte er mehrere historische Instrumente, darunter die Marcussen-Orgel in der G\u00f6teborger Synagoge und die Eskil Lund\u00e9n-Orgel auf dem K\u00e4ring\u00f6n. \n\n<h3>Die F\u00fchrung von Karl Nelson<\/h3>\n1998 kaufte Karl Nelson die Firma Smedmans Orgelbyggeri, nachdem er mit seiner neu gegr\u00fcndeten Familie in die kleine Gemeinde Lovene, au\u00dferhalb von Lidk\u00f6ping, gezogen war. Mehrere Jahre lang wurde das Gesch\u00e4ft in unmittelbarer N\u00e4he des Hauses der Familie gef\u00fchrt, wohin die Maschinen und Werkzeuge nach dem Kauf des Unternehmens verlegt wurden. Karls erster eigener Orgelbau war f\u00fcr die Kirche von \u00d6sthammar, wo die Orgel im Jahr 2000 fertiggestellt wurde. Seitdem hat Karl Orgeln in Schweden und \u00d6sterreich gebaut, renoviert und gewartet. Im Jahr 2008 zog die Werkstatt in ihre heutigen R\u00e4umlichkeiten in der Industrigatan 1 in Lovene um.    \n\n<figure>\n  <img src=\"https:\/\/www.mrfelix.se\/wp-content\/uploads\/2025\/05\/var-historia-5.jpg\" alt=\"Karl und Elsa Nelson bei der Installation der \u00dcbungsorgel\">\n  <figcaption>Karl Nelson und seine Tochter Elsa bei der Installation der \u00dcbungsorgel der Familie, 2021.<\/figcaption>\n<\/figure>\n\n<h3>Die Reise von Elsa Nelson<\/h3>\nElsa Nelson wuchs umgeben von Musik auf, insbesondere von Orgeln. In der Oberstufe besuchte sie das \u00e4sthetische Fachprogramm am Birger Sj\u00f6berggymnasiet in V\u00e4nersborg, das sich auf klassische Musik spezialisierte. Ihr Hauptinstrument war das Waldhorn. Nach dem Gymnasium war es f\u00fcr Elsa selbstverst\u00e4ndlich, in das Familienunternehmen einzusteigen, wo sie zwei Jahre lang mit Karl zusammenarbeitete und haupts\u00e4chlich Orgeln in ganz Schweden wartete.   \n\nNach einem kurzen Studium der Geschichte an der Universit\u00e4t von G\u00f6teborg zog Elsa Anfang 2019 nach Massachusetts, USA. Dort trat sie der Noack Organ Company bei, wo sie an den Installationen von Noacks Opus 163, 164 und 165 mitwirkte. Einer der H\u00f6hepunkte war die Installation des 85-stimmigen Opus 164 in der katholischen Kathedrale in Birmingham, Alabama, wo sie auch Nami Hamada bei der Intonation assistierte.  \n\nNach drei Jahren bei Noack wurde Elsa bei C. B. Fisk angestellt, wo sie zweieinhalb Jahre lang das Pfeifenmachen lernte. Erw\u00e4hnenswert aus dieser Zeit ist eine zweite Intonationsarbeit, die sie zusammen mit Nami Hamada durchf\u00fchrte. Diesmal ging es nicht um einen Neubau, sondern um die Renovierung einer Klais-Orgel, die 1977 f\u00fcr die St. Paul's Church in New York City gebaut worden war.  \n\nIm Jahr 2024 zog Elsa zur\u00fcck nach Lidk\u00f6ping und war nun bereit, Seite an Seite mit Karl in der Werkstatt in Lovene zu arbeiten.\n"}]},"yoast_head":"<!-- This site is optimized with the Yoast SEO plugin v27.5 - https:\/\/yoast.com\/product\/yoast-seo-wordpress\/ -->\n<title>Unsere Geschichte | Karl Nelson Orgelbyggeri AB<\/title>\n<meta name=\"description\" content=\"Erkunden Sie unsere Reise seit den Anf\u00e4ngen.\" \/>\n<meta name=\"robots\" content=\"index, follow, max-snippet:-1, max-image-preview:large, max-video-preview:-1\" \/>\n<link rel=\"canonical\" href=\"https:\/\/www.nelsonorgel.se\/de\/ueber-uns\/unsere-geschichte\/\" \/>\n<meta property=\"og:locale\" content=\"de_DE\" \/>\n<meta property=\"og:type\" content=\"article\" \/>\n<meta property=\"og:title\" content=\"Unsere Geschichte | Karl Nelson Orgelbyggeri AB\" \/>\n<meta property=\"og:description\" content=\"Erkunden Sie unsere Reise seit den Anf\u00e4ngen.\" \/>\n<meta property=\"og:url\" content=\"https:\/\/www.nelsonorgel.se\/de\/ueber-uns\/unsere-geschichte\/\" \/>\n<meta property=\"og:site_name\" content=\"Karl Nelson Orgelbyggeri AB\" \/>\n<meta property=\"article:modified_time\" content=\"2025-06-16T14:23:30+00:00\" \/>\n<meta name=\"twitter:card\" content=\"summary_large_image\" \/>\n<script type=\"application\/ld+json\" class=\"yoast-schema-graph\">{\"@context\":\"https:\\\/\\\/schema.org\",\"@graph\":[{\"@type\":\"WebPage\",\"@id\":\"https:\\\/\\\/www.nelsonorgel.se\\\/de\\\/ueber-uns\\\/unsere-geschichte\\\/\",\"url\":\"https:\\\/\\\/www.nelsonorgel.se\\\/de\\\/ueber-uns\\\/unsere-geschichte\\\/\",\"name\":\"Unsere Geschichte | Karl Nelson Orgelbyggeri AB\",\"isPartOf\":{\"@id\":\"https:\\\/\\\/www.nelsonorgel.se\\\/de\\\/#website\"},\"datePublished\":\"2025-04-13T17:58:02+00:00\",\"dateModified\":\"2025-06-16T14:23:30+00:00\",\"description\":\"Erkunden Sie unsere Reise seit den Anf\u00e4ngen.\",\"breadcrumb\":{\"@id\":\"https:\\\/\\\/www.nelsonorgel.se\\\/de\\\/ueber-uns\\\/unsere-geschichte\\\/#breadcrumb\"},\"inLanguage\":\"de\",\"potentialAction\":[{\"@type\":\"ReadAction\",\"target\":[\"https:\\\/\\\/www.nelsonorgel.se\\\/de\\\/ueber-uns\\\/unsere-geschichte\\\/\"]}]},{\"@type\":\"BreadcrumbList\",\"@id\":\"https:\\\/\\\/www.nelsonorgel.se\\\/de\\\/ueber-uns\\\/unsere-geschichte\\\/#breadcrumb\",\"itemListElement\":[{\"@type\":\"ListItem\",\"position\":1,\"name\":\"Home\",\"item\":\"https:\\\/\\\/www.nelsonorgel.se\\\/de\\\/\"},{\"@type\":\"ListItem\",\"position\":2,\"name\":\"\u00dcber uns\",\"item\":\"https:\\\/\\\/www.nelsonorgel.se\\\/de\\\/ueber-uns\\\/\"},{\"@type\":\"ListItem\",\"position\":3,\"name\":\"Unsere Geschichte\"}]},{\"@type\":\"WebSite\",\"@id\":\"https:\\\/\\\/www.nelsonorgel.se\\\/de\\\/#website\",\"url\":\"https:\\\/\\\/www.nelsonorgel.se\\\/de\\\/\",\"name\":\"Karl Nelson Orgelbyggeri AB\",\"description\":\"\",\"potentialAction\":[{\"@type\":\"SearchAction\",\"target\":{\"@type\":\"EntryPoint\",\"urlTemplate\":\"https:\\\/\\\/www.nelsonorgel.se\\\/de\\\/?s={search_term_string}\"},\"query-input\":{\"@type\":\"PropertyValueSpecification\",\"valueRequired\":true,\"valueName\":\"search_term_string\"}}],\"inLanguage\":\"de\"}]}<\/script>\n<!-- \/ Yoast SEO plugin. -->","yoast_head_json":{"title":"Unsere Geschichte | Karl Nelson Orgelbyggeri AB","description":"Erkunden Sie unsere Reise seit den Anf\u00e4ngen.","robots":{"index":"index","follow":"follow","max-snippet":"max-snippet:-1","max-image-preview":"max-image-preview:large","max-video-preview":"max-video-preview:-1"},"canonical":"https:\/\/www.nelsonorgel.se\/de\/ueber-uns\/unsere-geschichte\/","og_locale":"de_DE","og_type":"article","og_title":"Unsere Geschichte | Karl Nelson Orgelbyggeri AB","og_description":"Erkunden Sie unsere Reise seit den Anf\u00e4ngen.","og_url":"https:\/\/www.nelsonorgel.se\/de\/ueber-uns\/unsere-geschichte\/","og_site_name":"Karl Nelson Orgelbyggeri AB","article_modified_time":"2025-06-16T14:23:30+00:00","twitter_card":"summary_large_image","schema":{"@context":"https:\/\/schema.org","@graph":[{"@type":"WebPage","@id":"https:\/\/www.nelsonorgel.se\/de\/ueber-uns\/unsere-geschichte\/","url":"https:\/\/www.nelsonorgel.se\/de\/ueber-uns\/unsere-geschichte\/","name":"Unsere Geschichte | Karl Nelson Orgelbyggeri AB","isPartOf":{"@id":"https:\/\/www.nelsonorgel.se\/de\/#website"},"datePublished":"2025-04-13T17:58:02+00:00","dateModified":"2025-06-16T14:23:30+00:00","description":"Erkunden Sie unsere Reise seit den Anf\u00e4ngen.","breadcrumb":{"@id":"https:\/\/www.nelsonorgel.se\/de\/ueber-uns\/unsere-geschichte\/#breadcrumb"},"inLanguage":"de","potentialAction":[{"@type":"ReadAction","target":["https:\/\/www.nelsonorgel.se\/de\/ueber-uns\/unsere-geschichte\/"]}]},{"@type":"BreadcrumbList","@id":"https:\/\/www.nelsonorgel.se\/de\/ueber-uns\/unsere-geschichte\/#breadcrumb","itemListElement":[{"@type":"ListItem","position":1,"name":"Home","item":"https:\/\/www.nelsonorgel.se\/de\/"},{"@type":"ListItem","position":2,"name":"\u00dcber uns","item":"https:\/\/www.nelsonorgel.se\/de\/ueber-uns\/"},{"@type":"ListItem","position":3,"name":"Unsere Geschichte"}]},{"@type":"WebSite","@id":"https:\/\/www.nelsonorgel.se\/de\/#website","url":"https:\/\/www.nelsonorgel.se\/de\/","name":"Karl Nelson Orgelbyggeri AB","description":"","potentialAction":[{"@type":"SearchAction","target":{"@type":"EntryPoint","urlTemplate":"https:\/\/www.nelsonorgel.se\/de\/?s={search_term_string}"},"query-input":{"@type":"PropertyValueSpecification","valueRequired":true,"valueName":"search_term_string"}}],"inLanguage":"de"}]}},"_links":{"self":[{"href":"https:\/\/www.nelsonorgel.se\/de\/wp-json\/wp\/v2\/pages\/988","targetHints":{"allow":["GET"]}}],"collection":[{"href":"https:\/\/www.nelsonorgel.se\/de\/wp-json\/wp\/v2\/pages"}],"about":[{"href":"https:\/\/www.nelsonorgel.se\/de\/wp-json\/wp\/v2\/types\/page"}],"author":[{"embeddable":true,"href":"https:\/\/www.nelsonorgel.se\/de\/wp-json\/wp\/v2\/users\/1"}],"replies":[{"embeddable":true,"href":"https:\/\/www.nelsonorgel.se\/de\/wp-json\/wp\/v2\/comments?post=988"}],"version-history":[{"count":1,"href":"https:\/\/www.nelsonorgel.se\/de\/wp-json\/wp\/v2\/pages\/988\/revisions"}],"predecessor-version":[{"id":1166,"href":"https:\/\/www.nelsonorgel.se\/de\/wp-json\/wp\/v2\/pages\/988\/revisions\/1166"}],"up":[{"embeddable":true,"href":"https:\/\/www.nelsonorgel.se\/de\/wp-json\/wp\/v2\/pages\/985"}],"wp:attachment":[{"href":"https:\/\/www.nelsonorgel.se\/de\/wp-json\/wp\/v2\/media?parent=988"}],"curies":[{"name":"wp","href":"https:\/\/api.w.org\/{rel}","templated":true}]}}