{"id":985,"date":"2025-04-13T19:57:37","date_gmt":"2025-04-13T17:57:37","guid":{"rendered":"https:\/\/www.nelsonorgel.se\/ueber-uns\/"},"modified":"2025-06-16T16:23:41","modified_gmt":"2025-06-16T14:23:41","slug":"ueber-uns","status":"publish","type":"page","link":"https:\/\/www.nelsonorgel.se\/de\/ueber-uns\/","title":{"rendered":"\u00dcber uns"},"content":{"rendered":"","protected":false},"excerpt":{"rendered":"","protected":false},"author":1,"featured_media":0,"parent":0,"menu_order":5,"comment_status":"closed","ping_status":"closed","template":"","meta":{"_acf_changed":false},"class_list":["post-985","page","type-page","status-publish","hentry"],"acf":{"sections":[{"acf_fc_layout":"banner_8","title":"\u00dcber uns","text":"Wir sind eine Orgelbaufirma in Familienbesitz, die auf eine lange Tradition zur\u00fcckblicken kann. Wir bauen und renovieren Orgeln mit dem Schwerpunkt auf Qualit\u00e4t, Technologie und historischer Authentizit\u00e4t. ","clear_top_padding":"yes","clear_bottom_padding":"no","enable_background_color":"no"},{"acf_fc_layout":"section_2","big_image":"no","image":986,"image_align":"left","title":"Unsere Geschichte","text":"Von den Anf\u00e4ngen in Lidk\u00f6ping im Jahr 1892 mit Carl A. H\u00e4rngren bis zur heutigen Karl Nelson Orgelbyggeri sind wir Teil einer langen und reichen Orgelbautradition, die sich \u00fcber Generationen hinweg fortgesetzt hat.","buttons_on":"yes","button_style":"primary-button button--stroke","url_text":"Lesen Sie mehr \u00fcber unsere Geschichte","url":988,"clear_top_padding":"yes","clear_bottom_padding":"yes","enable_background_color":"no"},{"acf_fc_layout":"section_2","big_image":"no","image":"","image_align":"right","title":"Treffen Sie unser Team","text":"Unser Team besteht aus erfahrenen und leidenschaftlichen Orgelbauern und Technikern, die zusammenarbeiten, um Orgeln von h\u00f6chster Qualit\u00e4t zu schaffen und zu erhalten.","buttons_on":"yes","button_style":"primary-button button--stroke","url_text":"Treffen Sie unser Team","url":989,"clear_top_padding":"yes","clear_bottom_padding":"yes","enable_background_color":"no"}]},"yoast_head":"<!-- This site is optimized with the Yoast SEO plugin v27.5 - https:\/\/yoast.com\/product\/yoast-seo-wordpress\/ -->\n<title>\u00dcber uns | Karl Nelson Orgelbyggeri AB<\/title>\n<meta name=\"description\" content=\"Ein Familienunternehmen mit einer langen Tradition der Handwerkskunst. Lernen Sie uns und unser Engagement f\u00fcr die Kunst und Funktion von mechanischen Orgeln kennen.\" \/>\n<meta name=\"robots\" content=\"index, follow, max-snippet:-1, max-image-preview:large, max-video-preview:-1\" \/>\n<link rel=\"canonical\" href=\"https:\/\/www.nelsonorgel.se\/de\/ueber-uns\/\" \/>\n<meta property=\"og:locale\" content=\"de_DE\" \/>\n<meta property=\"og:type\" content=\"article\" \/>\n<meta property=\"og:title\" content=\"\u00dcber uns | Karl Nelson Orgelbyggeri AB\" \/>\n<meta property=\"og:description\" content=\"Ein Familienunternehmen mit einer langen Tradition der Handwerkskunst. Lernen Sie uns und unser Engagement f\u00fcr die Kunst und Funktion von mechanischen Orgeln kennen.\" \/>\n<meta property=\"og:url\" content=\"https:\/\/www.nelsonorgel.se\/de\/ueber-uns\/\" \/>\n<meta property=\"og:site_name\" content=\"Karl Nelson Orgelbyggeri AB\" \/>\n<meta property=\"article:modified_time\" content=\"2025-06-16T14:23:41+00:00\" \/>\n<meta name=\"twitter:card\" content=\"summary_large_image\" \/>\n<script type=\"application\/ld+json\" class=\"yoast-schema-graph\">{\"@context\":\"https:\\\/\\\/schema.org\",\"@graph\":[{\"@type\":\"WebPage\",\"@id\":\"https:\\\/\\\/www.nelsonorgel.se\\\/de\\\/ueber-uns\\\/\",\"url\":\"https:\\\/\\\/www.nelsonorgel.se\\\/de\\\/ueber-uns\\\/\",\"name\":\"\u00dcber uns | Karl Nelson Orgelbyggeri AB\",\"isPartOf\":{\"@id\":\"https:\\\/\\\/www.nelsonorgel.se\\\/de\\\/#website\"},\"datePublished\":\"2025-04-13T17:57:37+00:00\",\"dateModified\":\"2025-06-16T14:23:41+00:00\",\"description\":\"Ein Familienunternehmen mit einer langen Tradition der Handwerkskunst. Lernen Sie uns und unser Engagement f\u00fcr die Kunst und Funktion von mechanischen Orgeln kennen.\",\"breadcrumb\":{\"@id\":\"https:\\\/\\\/www.nelsonorgel.se\\\/de\\\/ueber-uns\\\/#breadcrumb\"},\"inLanguage\":\"de\",\"potentialAction\":[{\"@type\":\"ReadAction\",\"target\":[\"https:\\\/\\\/www.nelsonorgel.se\\\/de\\\/ueber-uns\\\/\"]}]},{\"@type\":\"BreadcrumbList\",\"@id\":\"https:\\\/\\\/www.nelsonorgel.se\\\/de\\\/ueber-uns\\\/#breadcrumb\",\"itemListElement\":[{\"@type\":\"ListItem\",\"position\":1,\"name\":\"Home\",\"item\":\"https:\\\/\\\/www.nelsonorgel.se\\\/de\\\/\"},{\"@type\":\"ListItem\",\"position\":2,\"name\":\"\u00dcber uns\"}]},{\"@type\":\"WebSite\",\"@id\":\"https:\\\/\\\/www.nelsonorgel.se\\\/de\\\/#website\",\"url\":\"https:\\\/\\\/www.nelsonorgel.se\\\/de\\\/\",\"name\":\"Karl Nelson Orgelbyggeri AB\",\"description\":\"\",\"potentialAction\":[{\"@type\":\"SearchAction\",\"target\":{\"@type\":\"EntryPoint\",\"urlTemplate\":\"https:\\\/\\\/www.nelsonorgel.se\\\/de\\\/?s={search_term_string}\"},\"query-input\":{\"@type\":\"PropertyValueSpecification\",\"valueRequired\":true,\"valueName\":\"search_term_string\"}}],\"inLanguage\":\"de\"}]}<\/script>\n<!-- \/ Yoast SEO plugin. -->","yoast_head_json":{"title":"\u00dcber uns | Karl Nelson Orgelbyggeri AB","description":"Ein Familienunternehmen mit einer langen Tradition der Handwerkskunst. Lernen Sie uns und unser Engagement f\u00fcr die Kunst und Funktion von mechanischen Orgeln kennen.","robots":{"index":"index","follow":"follow","max-snippet":"max-snippet:-1","max-image-preview":"max-image-preview:large","max-video-preview":"max-video-preview:-1"},"canonical":"https:\/\/www.nelsonorgel.se\/de\/ueber-uns\/","og_locale":"de_DE","og_type":"article","og_title":"\u00dcber uns | Karl Nelson Orgelbyggeri AB","og_description":"Ein Familienunternehmen mit einer langen Tradition der Handwerkskunst. Lernen Sie uns und unser Engagement f\u00fcr die Kunst und Funktion von mechanischen Orgeln kennen.","og_url":"https:\/\/www.nelsonorgel.se\/de\/ueber-uns\/","og_site_name":"Karl Nelson Orgelbyggeri AB","article_modified_time":"2025-06-16T14:23:41+00:00","twitter_card":"summary_large_image","schema":{"@context":"https:\/\/schema.org","@graph":[{"@type":"WebPage","@id":"https:\/\/www.nelsonorgel.se\/de\/ueber-uns\/","url":"https:\/\/www.nelsonorgel.se\/de\/ueber-uns\/","name":"\u00dcber uns | Karl Nelson Orgelbyggeri AB","isPartOf":{"@id":"https:\/\/www.nelsonorgel.se\/de\/#website"},"datePublished":"2025-04-13T17:57:37+00:00","dateModified":"2025-06-16T14:23:41+00:00","description":"Ein Familienunternehmen mit einer langen Tradition der Handwerkskunst. Lernen Sie uns und unser Engagement f\u00fcr die Kunst und Funktion von mechanischen Orgeln kennen.","breadcrumb":{"@id":"https:\/\/www.nelsonorgel.se\/de\/ueber-uns\/#breadcrumb"},"inLanguage":"de","potentialAction":[{"@type":"ReadAction","target":["https:\/\/www.nelsonorgel.se\/de\/ueber-uns\/"]}]},{"@type":"BreadcrumbList","@id":"https:\/\/www.nelsonorgel.se\/de\/ueber-uns\/#breadcrumb","itemListElement":[{"@type":"ListItem","position":1,"name":"Home","item":"https:\/\/www.nelsonorgel.se\/de\/"},{"@type":"ListItem","position":2,"name":"\u00dcber uns"}]},{"@type":"WebSite","@id":"https:\/\/www.nelsonorgel.se\/de\/#website","url":"https:\/\/www.nelsonorgel.se\/de\/","name":"Karl Nelson Orgelbyggeri AB","description":"","potentialAction":[{"@type":"SearchAction","target":{"@type":"EntryPoint","urlTemplate":"https:\/\/www.nelsonorgel.se\/de\/?s={search_term_string}"},"query-input":{"@type":"PropertyValueSpecification","valueRequired":true,"valueName":"search_term_string"}}],"inLanguage":"de"}]}},"_links":{"self":[{"href":"https:\/\/www.nelsonorgel.se\/de\/wp-json\/wp\/v2\/pages\/985","targetHints":{"allow":["GET"]}}],"collection":[{"href":"https:\/\/www.nelsonorgel.se\/de\/wp-json\/wp\/v2\/pages"}],"about":[{"href":"https:\/\/www.nelsonorgel.se\/de\/wp-json\/wp\/v2\/types\/page"}],"author":[{"embeddable":true,"href":"https:\/\/www.nelsonorgel.se\/de\/wp-json\/wp\/v2\/users\/1"}],"replies":[{"embeddable":true,"href":"https:\/\/www.nelsonorgel.se\/de\/wp-json\/wp\/v2\/comments?post=985"}],"version-history":[{"count":1,"href":"https:\/\/www.nelsonorgel.se\/de\/wp-json\/wp\/v2\/pages\/985\/revisions"}],"predecessor-version":[{"id":987,"href":"https:\/\/www.nelsonorgel.se\/de\/wp-json\/wp\/v2\/pages\/985\/revisions\/987"}],"wp:attachment":[{"href":"https:\/\/www.nelsonorgel.se\/de\/wp-json\/wp\/v2\/media?parent=985"}],"curies":[{"name":"wp","href":"https:\/\/api.w.org\/{rel}","templated":true}]}}