{"id":984,"date":"2025-04-13T19:57:19","date_gmt":"2025-04-13T17:57:19","guid":{"rendered":"https:\/\/www.nelsonorgel.se\/unsere-leistungen\/pflege-und-atmosphaere\/"},"modified":"2025-06-16T16:23:55","modified_gmt":"2025-06-16T14:23:55","slug":"pflege-und-atmosphaere","status":"publish","type":"page","link":"https:\/\/www.nelsonorgel.se\/de\/unsere-leistungen\/pflege-und-atmosphaere\/","title":{"rendered":"Pflege und Atmosph\u00e4re"},"content":{"rendered":"","protected":false},"excerpt":{"rendered":"","protected":false},"author":1,"featured_media":0,"parent":979,"menu_order":3,"comment_status":"closed","ping_status":"closed","template":"","meta":{"_acf_changed":false},"class_list":["post-984","page","type-page","status-publish","hentry"],"acf":{"sections":[{"acf_fc_layout":"section_8","title":"Pflege und Atmosph\u00e4re","text":"Unser Ziel ist es, jede Orgel auf effiziente und respektvolle Weise zu pflegen. Wir sorgen daf\u00fcr, dass das Instrument gestimmt, mechanisch einwandfrei, sauber und gut gepflegt ist. Wir bieten eine breite Palette von Dienstleistungen an, um die Orgel in bestm\u00f6glichem Zustand zu halten.  \n\n<h3>Vorladung<\/h3>\nDas Stimmen ist eine der h\u00e4ufigsten Dienstleistungen, die wir durchf\u00fchren. Wir sorgen daf\u00fcr, dass die Orgel so klingt, wie sie klingen soll, und im Laufe der Zeit gestimmt bleibt. \n\n<h3>Reinigung und \u00dcberholung<\/h3>\nEine Orgel muss normalerweise alle zehn bis zwanzig Jahre gereinigt werden. Dann wird eine gr\u00fcndliche \u00dcberholung durchgef\u00fchrt, die oft die folgenden Schritte umfasst: \n\n<ul>\n  <li><strong>Entfernen der L\u00e4ufe:<\/strong> Alle L\u00e4ufe werden entfernt, um eine gr\u00fcndliche Reinigung zu erm\u00f6glichen.<\/li>\n  <li><strong>Reinigung:<\/strong> Pfeifen, Rastabretter, Pfeifen und Orgelgeh\u00e4use werden gr\u00fcndlich gereinigt.<\/li>\n  <li><strong>\u00dcberpr\u00fcfung der Kappen:<\/strong> Die Kappen der abgedeckten Rohre werden \u00fcberpr\u00fcft, um sicherzustellen, dass sie korrekt funktionieren.<\/li>\n  <li><strong>\u00dcberpr\u00fcfung der Intonation:<\/strong> Die Intonation wird \u00fcberpr\u00fcft. Die Zungenstimmen ben\u00f6tigen in der Regel mehr Zeit als die Labialstimmen. <\/li>\n  <li><strong>Mechanik und Luftsystem:<\/strong> Die Mechanik wird auf zuverl\u00e4ssige Funktion gepr\u00fcft und das Luftsystem wird auf m\u00f6gliche Lecks untersucht.<\/li>\n  <li><strong>Stimmen:<\/strong> Schlie\u00dflich wird die gesamte Orgel nach der \u00dcberholung gestimmt.<\/li>\n<\/ul>\n\nIm Laufe der Arbeit k\u00f6nnen kleinere M\u00e4ngel entdeckt werden, die zuvor unbemerkt geblieben sind. Diese werden in Absprache mit dem Kunden behoben. \n"}]},"yoast_head":"<!-- This site is optimized with the Yoast SEO plugin v27.5 - https:\/\/yoast.com\/product\/yoast-seo-wordpress\/ -->\n<title>Pflege und Atmosph\u00e4re | Karl Nelson Orgelbyggeri AB<\/title>\n<meta name=\"description\" content=\"Regelm\u00e4\u00dfige Stimmung, Reinigung und mechanische \u00dcberholung f\u00fcr optimale Klangqualit\u00e4t. Wir k\u00fcmmern uns um Ihre Orgel vor Ort.\" \/>\n<meta name=\"robots\" content=\"index, follow, max-snippet:-1, max-image-preview:large, max-video-preview:-1\" \/>\n<link rel=\"canonical\" href=\"https:\/\/www.nelsonorgel.se\/de\/unsere-leistungen\/pflege-und-atmosphaere\/\" \/>\n<meta property=\"og:locale\" content=\"de_DE\" \/>\n<meta property=\"og:type\" content=\"article\" \/>\n<meta property=\"og:title\" content=\"Pflege und Atmosph\u00e4re | Karl Nelson Orgelbyggeri AB\" \/>\n<meta property=\"og:description\" content=\"Regelm\u00e4\u00dfige Stimmung, Reinigung und mechanische \u00dcberholung f\u00fcr optimale Klangqualit\u00e4t. Wir k\u00fcmmern uns um Ihre Orgel vor Ort.\" \/>\n<meta property=\"og:url\" content=\"https:\/\/www.nelsonorgel.se\/de\/unsere-leistungen\/pflege-und-atmosphaere\/\" \/>\n<meta property=\"og:site_name\" content=\"Karl Nelson Orgelbyggeri AB\" \/>\n<meta property=\"article:modified_time\" content=\"2025-06-16T14:23:55+00:00\" \/>\n<meta name=\"twitter:card\" content=\"summary_large_image\" \/>\n<script type=\"application\/ld+json\" class=\"yoast-schema-graph\">{\"@context\":\"https:\\\/\\\/schema.org\",\"@graph\":[{\"@type\":\"WebPage\",\"@id\":\"https:\\\/\\\/www.nelsonorgel.se\\\/de\\\/unsere-leistungen\\\/pflege-und-atmosphaere\\\/\",\"url\":\"https:\\\/\\\/www.nelsonorgel.se\\\/de\\\/unsere-leistungen\\\/pflege-und-atmosphaere\\\/\",\"name\":\"Pflege und Atmosph\u00e4re | Karl Nelson Orgelbyggeri AB\",\"isPartOf\":{\"@id\":\"https:\\\/\\\/www.nelsonorgel.se\\\/de\\\/#website\"},\"datePublished\":\"2025-04-13T17:57:19+00:00\",\"dateModified\":\"2025-06-16T14:23:55+00:00\",\"description\":\"Regelm\u00e4\u00dfige Stimmung, Reinigung und mechanische \u00dcberholung f\u00fcr optimale Klangqualit\u00e4t. Wir k\u00fcmmern uns um Ihre Orgel vor Ort.\",\"breadcrumb\":{\"@id\":\"https:\\\/\\\/www.nelsonorgel.se\\\/de\\\/unsere-leistungen\\\/pflege-und-atmosphaere\\\/#breadcrumb\"},\"inLanguage\":\"de\",\"potentialAction\":[{\"@type\":\"ReadAction\",\"target\":[\"https:\\\/\\\/www.nelsonorgel.se\\\/de\\\/unsere-leistungen\\\/pflege-und-atmosphaere\\\/\"]}]},{\"@type\":\"BreadcrumbList\",\"@id\":\"https:\\\/\\\/www.nelsonorgel.se\\\/de\\\/unsere-leistungen\\\/pflege-und-atmosphaere\\\/#breadcrumb\",\"itemListElement\":[{\"@type\":\"ListItem\",\"position\":1,\"name\":\"Home\",\"item\":\"https:\\\/\\\/www.nelsonorgel.se\\\/de\\\/\"},{\"@type\":\"ListItem\",\"position\":2,\"name\":\"Unsere Leistungen\",\"item\":\"https:\\\/\\\/www.nelsonorgel.se\\\/de\\\/unsere-leistungen\\\/\"},{\"@type\":\"ListItem\",\"position\":3,\"name\":\"Pflege und Atmosph\u00e4re\"}]},{\"@type\":\"WebSite\",\"@id\":\"https:\\\/\\\/www.nelsonorgel.se\\\/de\\\/#website\",\"url\":\"https:\\\/\\\/www.nelsonorgel.se\\\/de\\\/\",\"name\":\"Karl Nelson Orgelbyggeri AB\",\"description\":\"\",\"potentialAction\":[{\"@type\":\"SearchAction\",\"target\":{\"@type\":\"EntryPoint\",\"urlTemplate\":\"https:\\\/\\\/www.nelsonorgel.se\\\/de\\\/?s={search_term_string}\"},\"query-input\":{\"@type\":\"PropertyValueSpecification\",\"valueRequired\":true,\"valueName\":\"search_term_string\"}}],\"inLanguage\":\"de\"}]}<\/script>\n<!-- \/ Yoast SEO plugin. -->","yoast_head_json":{"title":"Pflege und Atmosph\u00e4re | Karl Nelson Orgelbyggeri AB","description":"Regelm\u00e4\u00dfige Stimmung, Reinigung und mechanische \u00dcberholung f\u00fcr optimale Klangqualit\u00e4t. Wir k\u00fcmmern uns um Ihre Orgel vor Ort.","robots":{"index":"index","follow":"follow","max-snippet":"max-snippet:-1","max-image-preview":"max-image-preview:large","max-video-preview":"max-video-preview:-1"},"canonical":"https:\/\/www.nelsonorgel.se\/de\/unsere-leistungen\/pflege-und-atmosphaere\/","og_locale":"de_DE","og_type":"article","og_title":"Pflege und Atmosph\u00e4re | Karl Nelson Orgelbyggeri AB","og_description":"Regelm\u00e4\u00dfige Stimmung, Reinigung und mechanische \u00dcberholung f\u00fcr optimale Klangqualit\u00e4t. Wir k\u00fcmmern uns um Ihre Orgel vor Ort.","og_url":"https:\/\/www.nelsonorgel.se\/de\/unsere-leistungen\/pflege-und-atmosphaere\/","og_site_name":"Karl Nelson Orgelbyggeri AB","article_modified_time":"2025-06-16T14:23:55+00:00","twitter_card":"summary_large_image","schema":{"@context":"https:\/\/schema.org","@graph":[{"@type":"WebPage","@id":"https:\/\/www.nelsonorgel.se\/de\/unsere-leistungen\/pflege-und-atmosphaere\/","url":"https:\/\/www.nelsonorgel.se\/de\/unsere-leistungen\/pflege-und-atmosphaere\/","name":"Pflege und Atmosph\u00e4re | Karl Nelson Orgelbyggeri AB","isPartOf":{"@id":"https:\/\/www.nelsonorgel.se\/de\/#website"},"datePublished":"2025-04-13T17:57:19+00:00","dateModified":"2025-06-16T14:23:55+00:00","description":"Regelm\u00e4\u00dfige Stimmung, Reinigung und mechanische \u00dcberholung f\u00fcr optimale Klangqualit\u00e4t. Wir k\u00fcmmern uns um Ihre Orgel vor Ort.","breadcrumb":{"@id":"https:\/\/www.nelsonorgel.se\/de\/unsere-leistungen\/pflege-und-atmosphaere\/#breadcrumb"},"inLanguage":"de","potentialAction":[{"@type":"ReadAction","target":["https:\/\/www.nelsonorgel.se\/de\/unsere-leistungen\/pflege-und-atmosphaere\/"]}]},{"@type":"BreadcrumbList","@id":"https:\/\/www.nelsonorgel.se\/de\/unsere-leistungen\/pflege-und-atmosphaere\/#breadcrumb","itemListElement":[{"@type":"ListItem","position":1,"name":"Home","item":"https:\/\/www.nelsonorgel.se\/de\/"},{"@type":"ListItem","position":2,"name":"Unsere Leistungen","item":"https:\/\/www.nelsonorgel.se\/de\/unsere-leistungen\/"},{"@type":"ListItem","position":3,"name":"Pflege und Atmosph\u00e4re"}]},{"@type":"WebSite","@id":"https:\/\/www.nelsonorgel.se\/de\/#website","url":"https:\/\/www.nelsonorgel.se\/de\/","name":"Karl Nelson Orgelbyggeri AB","description":"","potentialAction":[{"@type":"SearchAction","target":{"@type":"EntryPoint","urlTemplate":"https:\/\/www.nelsonorgel.se\/de\/?s={search_term_string}"},"query-input":{"@type":"PropertyValueSpecification","valueRequired":true,"valueName":"search_term_string"}}],"inLanguage":"de"}]}},"_links":{"self":[{"href":"https:\/\/www.nelsonorgel.se\/de\/wp-json\/wp\/v2\/pages\/984","targetHints":{"allow":["GET"]}}],"collection":[{"href":"https:\/\/www.nelsonorgel.se\/de\/wp-json\/wp\/v2\/pages"}],"about":[{"href":"https:\/\/www.nelsonorgel.se\/de\/wp-json\/wp\/v2\/types\/page"}],"author":[{"embeddable":true,"href":"https:\/\/www.nelsonorgel.se\/de\/wp-json\/wp\/v2\/users\/1"}],"replies":[{"embeddable":true,"href":"https:\/\/www.nelsonorgel.se\/de\/wp-json\/wp\/v2\/comments?post=984"}],"version-history":[{"count":1,"href":"https:\/\/www.nelsonorgel.se\/de\/wp-json\/wp\/v2\/pages\/984\/revisions"}],"predecessor-version":[{"id":1167,"href":"https:\/\/www.nelsonorgel.se\/de\/wp-json\/wp\/v2\/pages\/984\/revisions\/1167"}],"up":[{"embeddable":true,"href":"https:\/\/www.nelsonorgel.se\/de\/wp-json\/wp\/v2\/pages\/979"}],"wp:attachment":[{"href":"https:\/\/www.nelsonorgel.se\/de\/wp-json\/wp\/v2\/media?parent=984"}],"curies":[{"name":"wp","href":"https:\/\/api.w.org\/{rel}","templated":true}]}}