{"id":982,"date":"2025-04-13T19:57:04","date_gmt":"2025-04-13T17:57:04","guid":{"rendered":"https:\/\/www.nelsonorgel.se\/unsere-leistungen\/restaurierung\/"},"modified":"2025-06-16T16:24:10","modified_gmt":"2025-06-16T14:24:10","slug":"restaurierung","status":"publish","type":"page","link":"https:\/\/www.nelsonorgel.se\/de\/unsere-leistungen\/restaurierung\/","title":{"rendered":"Restaurierung"},"content":{"rendered":"","protected":false},"excerpt":{"rendered":"","protected":false},"author":1,"featured_media":0,"parent":979,"menu_order":2,"comment_status":"closed","ping_status":"closed","template":"","meta":{"_acf_changed":false},"class_list":["post-982","page","type-page","status-publish","hentry"],"acf":{"sections":[{"acf_fc_layout":"banner_9","title":"Restaurierung","text":"Wir bieten umfassende Restaurierungsleistungen f\u00fcr alle Arten von Orgeln, von der Reparatur von Sch\u00e4den bis hin zur Aktualisierung von Stimmen oder Mechanik. In einigen F\u00e4llen k\u00f6nnen wir verschiedene Register vorteilhaft neu intonieren oder die Disposition erg\u00e4nzen, um den Klang der Orgel zu verbessern.   ","image":983,"clear_top_padding":"yes","clear_bottom_padding":"yes","enable_background_color":"no"},{"acf_fc_layout":"section_46","title":"Prozess f\u00fcr die Renovierung","sub_title":"Das passiert, wenn wir renovieren","repeater_field":[{"top_text":"1","title":"Erster Besuch und Bewertung","text":"Wir beginnen mit einer Besichtigung der Orgel vor Ort, um eine gr\u00fcndliche Bewertung vorzunehmen. Nachdem wir den Zustand der Orgel untersucht haben, stellen wir fest, welche Ma\u00dfnahmen erforderlich sind. Wenn es \u00c4nderungsw\u00fcnsche gibt, pr\u00fcfen wir, wie diese erf\u00fcllt werden k\u00f6nnen.  "},{"top_text":"2","title":"Planung und Materialauswahl","text":"Auf der Grundlage dieser Bewertung erstellen wir einen detaillierten Plan f\u00fcr die Renovierung. Wenn es sich um eine historische Orgel handelt, w\u00e4hlen wir Materialien, die dem Original entsprechen, um die Authentizit\u00e4t und den Charakter der Orgel zu erhalten. "},{"top_text":"3","title":"Renovierungsarbeiten","text":"Einige Arbeiten k\u00f6nnen vor Ort durchgef\u00fchrt werden, w\u00e4hrend f\u00fcr andere die Orgel oder bestimmte Teile davon in unsere Werkstatt transportiert werden m\u00fcssen. Wir f\u00fchren unsere Arbeit mit gro\u00dfem Respekt vor dem urspr\u00fcnglichen Charakter der Orgel aus.   "},{"top_text":"4","title":"Montage und Justierung","text":"Nachdem die Renovierung abgeschlossen ist, bauen wir die Orgel wieder zusammen und nehmen alle notwendigen Anpassungen vor. Wir stellen sicher, dass alle Teile ordnungsgem\u00e4\u00df funktionieren und dass die Orgel so gut wie m\u00f6glich klingt. Schlie\u00dflich f\u00fchren wir eine gr\u00fcndliche Stimmung durch. Das Projekt wird mit einem schriftlichen Bericht abgeschlossen.     "}],"clear_top_padding":"no","clear_bottom_padding":"yes","columns_per_row":"two"}]},"yoast_head":"<!-- This site is optimized with the Yoast SEO plugin v27.5 - https:\/\/yoast.com\/product\/yoast-seo-wordpress\/ -->\n<title>Restaurierung | Karl Nelson Orgelbyggeri AB<\/title>\n<meta name=\"description\" content=\"Unsere Restaurierungsarbeiten vereinen Tradition und Musikalit\u00e4t, um den Klang von Orgeln zu restaurieren und zu verbessern.\" \/>\n<meta name=\"robots\" content=\"index, follow, max-snippet:-1, max-image-preview:large, max-video-preview:-1\" \/>\n<link rel=\"canonical\" href=\"https:\/\/www.nelsonorgel.se\/de\/unsere-leistungen\/restaurierung\/\" \/>\n<meta property=\"og:locale\" content=\"de_DE\" \/>\n<meta property=\"og:type\" content=\"article\" \/>\n<meta property=\"og:title\" content=\"Restaurierung | Karl Nelson Orgelbyggeri AB\" \/>\n<meta property=\"og:description\" content=\"Unsere Restaurierungsarbeiten vereinen Tradition und Musikalit\u00e4t, um den Klang von Orgeln zu restaurieren und zu verbessern.\" \/>\n<meta property=\"og:url\" content=\"https:\/\/www.nelsonorgel.se\/de\/unsere-leistungen\/restaurierung\/\" \/>\n<meta property=\"og:site_name\" content=\"Karl Nelson Orgelbyggeri AB\" \/>\n<meta property=\"article:modified_time\" content=\"2025-06-16T14:24:10+00:00\" \/>\n<meta name=\"twitter:card\" content=\"summary_large_image\" \/>\n<script type=\"application\/ld+json\" class=\"yoast-schema-graph\">{\"@context\":\"https:\\\/\\\/schema.org\",\"@graph\":[{\"@type\":\"WebPage\",\"@id\":\"https:\\\/\\\/www.nelsonorgel.se\\\/de\\\/unsere-leistungen\\\/restaurierung\\\/\",\"url\":\"https:\\\/\\\/www.nelsonorgel.se\\\/de\\\/unsere-leistungen\\\/restaurierung\\\/\",\"name\":\"Restaurierung | Karl Nelson Orgelbyggeri AB\",\"isPartOf\":{\"@id\":\"https:\\\/\\\/www.nelsonorgel.se\\\/de\\\/#website\"},\"datePublished\":\"2025-04-13T17:57:04+00:00\",\"dateModified\":\"2025-06-16T14:24:10+00:00\",\"description\":\"Unsere Restaurierungsarbeiten vereinen Tradition und Musikalit\u00e4t, um den Klang von Orgeln zu restaurieren und zu verbessern.\",\"breadcrumb\":{\"@id\":\"https:\\\/\\\/www.nelsonorgel.se\\\/de\\\/unsere-leistungen\\\/restaurierung\\\/#breadcrumb\"},\"inLanguage\":\"de\",\"potentialAction\":[{\"@type\":\"ReadAction\",\"target\":[\"https:\\\/\\\/www.nelsonorgel.se\\\/de\\\/unsere-leistungen\\\/restaurierung\\\/\"]}]},{\"@type\":\"BreadcrumbList\",\"@id\":\"https:\\\/\\\/www.nelsonorgel.se\\\/de\\\/unsere-leistungen\\\/restaurierung\\\/#breadcrumb\",\"itemListElement\":[{\"@type\":\"ListItem\",\"position\":1,\"name\":\"Home\",\"item\":\"https:\\\/\\\/www.nelsonorgel.se\\\/de\\\/\"},{\"@type\":\"ListItem\",\"position\":2,\"name\":\"Unsere Leistungen\",\"item\":\"https:\\\/\\\/www.nelsonorgel.se\\\/de\\\/unsere-leistungen\\\/\"},{\"@type\":\"ListItem\",\"position\":3,\"name\":\"Restaurierung\"}]},{\"@type\":\"WebSite\",\"@id\":\"https:\\\/\\\/www.nelsonorgel.se\\\/de\\\/#website\",\"url\":\"https:\\\/\\\/www.nelsonorgel.se\\\/de\\\/\",\"name\":\"Karl Nelson Orgelbyggeri AB\",\"description\":\"\",\"potentialAction\":[{\"@type\":\"SearchAction\",\"target\":{\"@type\":\"EntryPoint\",\"urlTemplate\":\"https:\\\/\\\/www.nelsonorgel.se\\\/de\\\/?s={search_term_string}\"},\"query-input\":{\"@type\":\"PropertyValueSpecification\",\"valueRequired\":true,\"valueName\":\"search_term_string\"}}],\"inLanguage\":\"de\"}]}<\/script>\n<!-- \/ Yoast SEO plugin. -->","yoast_head_json":{"title":"Restaurierung | Karl Nelson Orgelbyggeri AB","description":"Unsere Restaurierungsarbeiten vereinen Tradition und Musikalit\u00e4t, um den Klang von Orgeln zu restaurieren und zu verbessern.","robots":{"index":"index","follow":"follow","max-snippet":"max-snippet:-1","max-image-preview":"max-image-preview:large","max-video-preview":"max-video-preview:-1"},"canonical":"https:\/\/www.nelsonorgel.se\/de\/unsere-leistungen\/restaurierung\/","og_locale":"de_DE","og_type":"article","og_title":"Restaurierung | Karl Nelson Orgelbyggeri AB","og_description":"Unsere Restaurierungsarbeiten vereinen Tradition und Musikalit\u00e4t, um den Klang von Orgeln zu restaurieren und zu verbessern.","og_url":"https:\/\/www.nelsonorgel.se\/de\/unsere-leistungen\/restaurierung\/","og_site_name":"Karl Nelson Orgelbyggeri AB","article_modified_time":"2025-06-16T14:24:10+00:00","twitter_card":"summary_large_image","schema":{"@context":"https:\/\/schema.org","@graph":[{"@type":"WebPage","@id":"https:\/\/www.nelsonorgel.se\/de\/unsere-leistungen\/restaurierung\/","url":"https:\/\/www.nelsonorgel.se\/de\/unsere-leistungen\/restaurierung\/","name":"Restaurierung | Karl Nelson Orgelbyggeri AB","isPartOf":{"@id":"https:\/\/www.nelsonorgel.se\/de\/#website"},"datePublished":"2025-04-13T17:57:04+00:00","dateModified":"2025-06-16T14:24:10+00:00","description":"Unsere Restaurierungsarbeiten vereinen Tradition und Musikalit\u00e4t, um den Klang von Orgeln zu restaurieren und zu verbessern.","breadcrumb":{"@id":"https:\/\/www.nelsonorgel.se\/de\/unsere-leistungen\/restaurierung\/#breadcrumb"},"inLanguage":"de","potentialAction":[{"@type":"ReadAction","target":["https:\/\/www.nelsonorgel.se\/de\/unsere-leistungen\/restaurierung\/"]}]},{"@type":"BreadcrumbList","@id":"https:\/\/www.nelsonorgel.se\/de\/unsere-leistungen\/restaurierung\/#breadcrumb","itemListElement":[{"@type":"ListItem","position":1,"name":"Home","item":"https:\/\/www.nelsonorgel.se\/de\/"},{"@type":"ListItem","position":2,"name":"Unsere Leistungen","item":"https:\/\/www.nelsonorgel.se\/de\/unsere-leistungen\/"},{"@type":"ListItem","position":3,"name":"Restaurierung"}]},{"@type":"WebSite","@id":"https:\/\/www.nelsonorgel.se\/de\/#website","url":"https:\/\/www.nelsonorgel.se\/de\/","name":"Karl Nelson Orgelbyggeri AB","description":"","potentialAction":[{"@type":"SearchAction","target":{"@type":"EntryPoint","urlTemplate":"https:\/\/www.nelsonorgel.se\/de\/?s={search_term_string}"},"query-input":{"@type":"PropertyValueSpecification","valueRequired":true,"valueName":"search_term_string"}}],"inLanguage":"de"}]}},"_links":{"self":[{"href":"https:\/\/www.nelsonorgel.se\/de\/wp-json\/wp\/v2\/pages\/982","targetHints":{"allow":["GET"]}}],"collection":[{"href":"https:\/\/www.nelsonorgel.se\/de\/wp-json\/wp\/v2\/pages"}],"about":[{"href":"https:\/\/www.nelsonorgel.se\/de\/wp-json\/wp\/v2\/types\/page"}],"author":[{"embeddable":true,"href":"https:\/\/www.nelsonorgel.se\/de\/wp-json\/wp\/v2\/users\/1"}],"replies":[{"embeddable":true,"href":"https:\/\/www.nelsonorgel.se\/de\/wp-json\/wp\/v2\/comments?post=982"}],"version-history":[{"count":1,"href":"https:\/\/www.nelsonorgel.se\/de\/wp-json\/wp\/v2\/pages\/982\/revisions"}],"predecessor-version":[{"id":1168,"href":"https:\/\/www.nelsonorgel.se\/de\/wp-json\/wp\/v2\/pages\/982\/revisions\/1168"}],"up":[{"embeddable":true,"href":"https:\/\/www.nelsonorgel.se\/de\/wp-json\/wp\/v2\/pages\/979"}],"wp:attachment":[{"href":"https:\/\/www.nelsonorgel.se\/de\/wp-json\/wp\/v2\/media?parent=982"}],"curies":[{"name":"wp","href":"https:\/\/api.w.org\/{rel}","templated":true}]}}