{"id":974,"date":"2025-04-13T19:56:11","date_gmt":"2025-04-13T17:56:11","guid":{"rendered":"https:\/\/www.nelsonorgel.se\/renovierungen\/"},"modified":"2025-06-16T16:27:50","modified_gmt":"2025-06-16T14:27:50","slug":"renovierungen","status":"publish","type":"page","link":"https:\/\/www.nelsonorgel.se\/de\/renovierungen\/","title":{"rendered":"Renovierungen"},"content":{"rendered":"","protected":false},"excerpt":{"rendered":"","protected":false},"author":1,"featured_media":0,"parent":0,"menu_order":3,"comment_status":"closed","ping_status":"closed","template":"","meta":{"_acf_changed":false},"class_list":["post-974","page","type-page","status-publish","hentry"],"acf":{"sections":[{"acf_fc_layout":"banner_8","title":"Renovierungen","text":"Wir renovieren Pfeifenorgeln mit Respekt vor der Einzigartigkeit jedes Instruments, egal ob es sich um historische Meisterwerke oder neuere Konstruktionen handelt. Durch sorgf\u00e4ltige Handwerkskunst stellen wir sowohl die Funktion als auch den Klang und den Charakter wieder her. Nachfolgend finden Sie einige Beispiele unserer Arbeit.  ","clear_top_padding":"yes","clear_bottom_padding":"no","enable_background_color":"no"},{"acf_fc_layout":"section_2","big_image":"no","image":975,"image_align":"left","title":"Die Chororgel in der Johanneberger Kirche","text":"Die Chororgel in der Johanneberger Kirche wurde von Lindegrens Orgelbyggeri gebaut. Sie stand urspr\u00fcnglich in der Pater Nosterkyrkan, wurde aber nach Johanneberg verlegt, als die Kapelle in Masthugget verkauft wurde. Die neue Kirche hat eine wesentlich gr\u00f6\u00dfere Akustik, was Anpassungen an der Orgel erforderlich machte. Um besser in die ger\u00e4umige Kirche zu passen, wurde das urspr\u00fcngliche Prinzipal 4' in ein Prinzipal 8' umgewandelt, indem neue Pfeifen in der gro\u00dfen Oktave, die der Gemeinde am n\u00e4chsten liegt, eingebaut wurden. Eine neue Oktave 4' wurde angefertigt und im Orgelgeh\u00e4use untergebracht. Das zweite Manual wurde mit einem neuen Bogen ausgestattet und das alte Krumhorn-Register wurde durch ein neues Dulcian-Register ersetzt. Alle Pfeifen wurden neu gestimmt, um den Klang zu verbessern und die Orgel an die einzigartige Akustik der Kirche anzupassen.      ","buttons_on":"no","button_style":"","url_text":"","url":null,"clear_top_padding":"yes","clear_bottom_padding":"yes","enable_background_color":"no"},{"acf_fc_layout":"section_2","big_image":"no","image":976,"image_align":"right","title":"Kirche von Filipstad","text":"Die medizinische Orgel in der Kirche von Filipstad besitzt ein Orgelgeh\u00e4use und Teile des Pfeifenwerks aus dem Jahr 1796, das von dem Orgelbauer Mattias Swahlberg dem J\u00fcngeren geschaffen wurde. Die heutige Orgel wurde 1981 von Gr\u00f6nlunds Orgelbyggeri gebaut. Unsere Arbeit umfasste die Reinigung und Stimmung der gesamten Orgel, die Neuintonation eines gro\u00dfen Teils der Hauptraktur und den Einbau eines neuen Kombinationssystems.  ","buttons_on":"no","button_style":"","url_text":"","url":null,"clear_top_padding":"yes","clear_bottom_padding":"yes","enable_background_color":"no"},{"acf_fc_layout":"section_2","big_image":"no","image":977,"image_align":"left","title":"Restaurierung der Anton-Hanel-Orgel in Rottenbach","text":"Die Orgel in Rottenbach, \u00d6sterreich, wurde 1875 von Anton Hanel aus Linz-Urfahr in einem konservativen Stil gebaut. Sie hat ein Manual und ein Pedal mit kurzer Oktave. Unsere Arbeit umfasste die Reinigung und Restaurierung des Pfeifenwerks, die Restaurierung des Luftsystems und den Ersatz der Zinkpfeifen im Prospekt durch neue Zinnpfeifen. Die Windladen, der Spieltisch und die Mechanik wurden renoviert, um die urspr\u00fcngliche Funktion der Orgel wiederherzustellen.   ","buttons_on":"no","button_style":"","url_text":"","url":null,"clear_top_padding":"yes","clear_bottom_padding":"yes","enable_background_color":"no"},{"acf_fc_layout":"section_2","big_image":"no","image":978,"image_align":"right","title":"Die Erhaltung der Orgeltradition in Valdshult","text":"Die Orgel in Valdshult, 1907 von C. A. H\u00e4rngren aus Lidk\u00f6ping gebaut, ist ein kleines Instrument mit einem Manual und einem h\u00e4ngenden Pedal. Sie ist gut erhalten mit unver\u00e4nderter Intonation und einem funktionierenden originalen Luftsystem mit zwei W\u00fcrfelb\u00e4lgen. H\u00e4rngrens einzigartiger pneumatischer Schleifer mit einer speziellen Ventilkonstruktion ist ein bemerkenswerter Beitrag zur Orgelwelt. Diese Renovierung war f\u00fcr uns von besonderem Interesse, da unser Unternehmen Teil der H\u00e4rngren-Orgelbautradition ist.   ","buttons_on":"no","button_style":"","url_text":"","url":null,"clear_top_padding":"yes","clear_bottom_padding":"yes","enable_background_color":"no"}]},"yoast_head":"<!-- This site is optimized with the Yoast SEO plugin v27.5 - https:\/\/yoast.com\/product\/yoast-seo-wordpress\/ -->\n<title>Renovierungen | Karl Nelson Orgelbyggeri AB<\/title>\n<meta name=\"description\" content=\"Professionelle Renovierung von mechanischen Orgeln mit Sorgfalt und historischem Flair. Wir stellen den Klang und die Funktion Ihres Instruments wieder her.\" \/>\n<meta name=\"robots\" content=\"index, follow, max-snippet:-1, max-image-preview:large, max-video-preview:-1\" \/>\n<link rel=\"canonical\" href=\"https:\/\/www.nelsonorgel.se\/de\/renovierungen\/\" \/>\n<meta property=\"og:locale\" content=\"de_DE\" \/>\n<meta property=\"og:type\" content=\"article\" \/>\n<meta property=\"og:title\" content=\"Renovierungen | Karl Nelson Orgelbyggeri AB\" \/>\n<meta property=\"og:description\" content=\"Professionelle Renovierung von mechanischen Orgeln mit Sorgfalt und historischem Flair. Wir stellen den Klang und die Funktion Ihres Instruments wieder her.\" \/>\n<meta property=\"og:url\" content=\"https:\/\/www.nelsonorgel.se\/de\/renovierungen\/\" \/>\n<meta property=\"og:site_name\" content=\"Karl Nelson Orgelbyggeri AB\" \/>\n<meta property=\"article:modified_time\" content=\"2025-06-16T14:27:50+00:00\" \/>\n<meta name=\"twitter:card\" content=\"summary_large_image\" \/>\n<script type=\"application\/ld+json\" class=\"yoast-schema-graph\">{\"@context\":\"https:\\\/\\\/schema.org\",\"@graph\":[{\"@type\":\"WebPage\",\"@id\":\"https:\\\/\\\/www.nelsonorgel.se\\\/de\\\/renovierungen\\\/\",\"url\":\"https:\\\/\\\/www.nelsonorgel.se\\\/de\\\/renovierungen\\\/\",\"name\":\"Renovierungen | Karl Nelson Orgelbyggeri AB\",\"isPartOf\":{\"@id\":\"https:\\\/\\\/www.nelsonorgel.se\\\/de\\\/#website\"},\"datePublished\":\"2025-04-13T17:56:11+00:00\",\"dateModified\":\"2025-06-16T14:27:50+00:00\",\"description\":\"Professionelle Renovierung von mechanischen Orgeln mit Sorgfalt und historischem Flair. Wir stellen den Klang und die Funktion Ihres Instruments wieder her.\",\"breadcrumb\":{\"@id\":\"https:\\\/\\\/www.nelsonorgel.se\\\/de\\\/renovierungen\\\/#breadcrumb\"},\"inLanguage\":\"de\",\"potentialAction\":[{\"@type\":\"ReadAction\",\"target\":[\"https:\\\/\\\/www.nelsonorgel.se\\\/de\\\/renovierungen\\\/\"]}]},{\"@type\":\"BreadcrumbList\",\"@id\":\"https:\\\/\\\/www.nelsonorgel.se\\\/de\\\/renovierungen\\\/#breadcrumb\",\"itemListElement\":[{\"@type\":\"ListItem\",\"position\":1,\"name\":\"Home\",\"item\":\"https:\\\/\\\/www.nelsonorgel.se\\\/de\\\/\"},{\"@type\":\"ListItem\",\"position\":2,\"name\":\"Renovierungen\"}]},{\"@type\":\"WebSite\",\"@id\":\"https:\\\/\\\/www.nelsonorgel.se\\\/de\\\/#website\",\"url\":\"https:\\\/\\\/www.nelsonorgel.se\\\/de\\\/\",\"name\":\"Karl Nelson Orgelbyggeri AB\",\"description\":\"\",\"potentialAction\":[{\"@type\":\"SearchAction\",\"target\":{\"@type\":\"EntryPoint\",\"urlTemplate\":\"https:\\\/\\\/www.nelsonorgel.se\\\/de\\\/?s={search_term_string}\"},\"query-input\":{\"@type\":\"PropertyValueSpecification\",\"valueRequired\":true,\"valueName\":\"search_term_string\"}}],\"inLanguage\":\"de\"}]}<\/script>\n<!-- \/ Yoast SEO plugin. -->","yoast_head_json":{"title":"Renovierungen | Karl Nelson Orgelbyggeri AB","description":"Professionelle Renovierung von mechanischen Orgeln mit Sorgfalt und historischem Flair. Wir stellen den Klang und die Funktion Ihres Instruments wieder her.","robots":{"index":"index","follow":"follow","max-snippet":"max-snippet:-1","max-image-preview":"max-image-preview:large","max-video-preview":"max-video-preview:-1"},"canonical":"https:\/\/www.nelsonorgel.se\/de\/renovierungen\/","og_locale":"de_DE","og_type":"article","og_title":"Renovierungen | Karl Nelson Orgelbyggeri AB","og_description":"Professionelle Renovierung von mechanischen Orgeln mit Sorgfalt und historischem Flair. Wir stellen den Klang und die Funktion Ihres Instruments wieder her.","og_url":"https:\/\/www.nelsonorgel.se\/de\/renovierungen\/","og_site_name":"Karl Nelson Orgelbyggeri AB","article_modified_time":"2025-06-16T14:27:50+00:00","twitter_card":"summary_large_image","schema":{"@context":"https:\/\/schema.org","@graph":[{"@type":"WebPage","@id":"https:\/\/www.nelsonorgel.se\/de\/renovierungen\/","url":"https:\/\/www.nelsonorgel.se\/de\/renovierungen\/","name":"Renovierungen | Karl Nelson Orgelbyggeri AB","isPartOf":{"@id":"https:\/\/www.nelsonorgel.se\/de\/#website"},"datePublished":"2025-04-13T17:56:11+00:00","dateModified":"2025-06-16T14:27:50+00:00","description":"Professionelle Renovierung von mechanischen Orgeln mit Sorgfalt und historischem Flair. Wir stellen den Klang und die Funktion Ihres Instruments wieder her.","breadcrumb":{"@id":"https:\/\/www.nelsonorgel.se\/de\/renovierungen\/#breadcrumb"},"inLanguage":"de","potentialAction":[{"@type":"ReadAction","target":["https:\/\/www.nelsonorgel.se\/de\/renovierungen\/"]}]},{"@type":"BreadcrumbList","@id":"https:\/\/www.nelsonorgel.se\/de\/renovierungen\/#breadcrumb","itemListElement":[{"@type":"ListItem","position":1,"name":"Home","item":"https:\/\/www.nelsonorgel.se\/de\/"},{"@type":"ListItem","position":2,"name":"Renovierungen"}]},{"@type":"WebSite","@id":"https:\/\/www.nelsonorgel.se\/de\/#website","url":"https:\/\/www.nelsonorgel.se\/de\/","name":"Karl Nelson Orgelbyggeri AB","description":"","potentialAction":[{"@type":"SearchAction","target":{"@type":"EntryPoint","urlTemplate":"https:\/\/www.nelsonorgel.se\/de\/?s={search_term_string}"},"query-input":{"@type":"PropertyValueSpecification","valueRequired":true,"valueName":"search_term_string"}}],"inLanguage":"de"}]}},"_links":{"self":[{"href":"https:\/\/www.nelsonorgel.se\/de\/wp-json\/wp\/v2\/pages\/974","targetHints":{"allow":["GET"]}}],"collection":[{"href":"https:\/\/www.nelsonorgel.se\/de\/wp-json\/wp\/v2\/pages"}],"about":[{"href":"https:\/\/www.nelsonorgel.se\/de\/wp-json\/wp\/v2\/types\/page"}],"author":[{"embeddable":true,"href":"https:\/\/www.nelsonorgel.se\/de\/wp-json\/wp\/v2\/users\/1"}],"replies":[{"embeddable":true,"href":"https:\/\/www.nelsonorgel.se\/de\/wp-json\/wp\/v2\/comments?post=974"}],"version-history":[{"count":1,"href":"https:\/\/www.nelsonorgel.se\/de\/wp-json\/wp\/v2\/pages\/974\/revisions"}],"predecessor-version":[{"id":1172,"href":"https:\/\/www.nelsonorgel.se\/de\/wp-json\/wp\/v2\/pages\/974\/revisions\/1172"}],"wp:attachment":[{"href":"https:\/\/www.nelsonorgel.se\/de\/wp-json\/wp\/v2\/media?parent=974"}],"curies":[{"name":"wp","href":"https:\/\/api.w.org\/{rel}","templated":true}]}}