{"id":963,"date":"2025-04-10T20:56:00","date_gmt":"2025-04-10T18:56:00","guid":{"rendered":"https:\/\/www.nelsonorgel.se\/unsere-instrumente\/"},"modified":"2025-06-16T16:27:42","modified_gmt":"2025-06-16T14:27:42","slug":"unsere-instrumente","status":"publish","type":"page","link":"https:\/\/www.nelsonorgel.se\/de\/unsere-instrumente\/","title":{"rendered":"Unsere Instrumente"},"content":{"rendered":"","protected":false},"excerpt":{"rendered":"","protected":false},"author":1,"featured_media":0,"parent":0,"menu_order":2,"comment_status":"closed","ping_status":"closed","template":"","meta":{"_acf_changed":false},"class_list":["post-963","page","type-page","status-publish","hentry"],"acf":{"sections":[{"acf_fc_layout":"banner_8","title":"Unsere Instrumente","text":"Wir schaffen einzigartige Orgeln, die traditionelles Handwerk mit moderner Technik vereinen. Unsere Instrumente sind ma\u00dfgeschneidert f\u00fcr verschiedene musikalische Bed\u00fcrfnisse, von Barock bis Romantik, und bieten sowohl historische Authentizit\u00e4t als auch zeitgen\u00f6ssische Flexibilit\u00e4t. ","clear_top_padding":"yes","clear_bottom_padding":"no","enable_background_color":"no"},{"acf_fc_layout":"section_30","repeater_field":[{"big_image":"no","image":964,"image_align":"left","toc_title":"Varnhem","title":"Varnhem","text":"Die neue Emporenorgel in der Klosterkirche wird 2025 installiert und 2026 eingeweiht. Mit h\u00e4ngender Mechanik, vier Keilb\u00e4lgen und einem erweiterten Tonumfang wird die Orgel f\u00fcr lebendiges Spiel und historische Pr\u00e4senz gebaut. ","buttons_on":"yes","url_text":"Gehe zu Instrumenten","url":1000},{"big_image":"no","image":968,"image_align":"left","toc_title":"T\u00f6reboda","title":"T\u00f6reboda","text":"Ein erweiterter Neubau, inspiriert von Salomon Molanders Orgel aus dem Jahr 1895. Mit 28 Registern und klassischer Mechanik in der Tradition von H\u00e4rngren vereint die Orgel historische Pfeifen mit neuer Technik und einem breiten Klangspektrum f\u00fcr romantische und moderne Musik. ","buttons_on":"yes","url_text":"Gehe zu Instrumenten","url":1004},{"big_image":"no","image":967,"image_align":"left","toc_title":"Salzburg","title":"Salzburg","text":"Ein elegantes und vielseitiges Instrument mit 25 Stimmen, zeitgen\u00f6ssischem Design und einem warmen, nuancierten Klang. Streicher in beiden Manualen, inspiriert von der Hook-Oboe des 19. Jahrhunderts, sowie eine Stimmung in Kellners Temperatur bieten eine breite musikalische Flexibilit\u00e4t. ","buttons_on":"yes","url_text":"Gehe zu Instrumenten","url":1011},{"big_image":"no","image":966,"image_align":"left","toc_title":"Neukirchen","title":"Neukirchen","text":"Eine barockinspirierte Orgel mit 1 128 geh\u00e4mmerten Bleirohren und klassischem Handwerk in jedem Detail. H\u00e4ngende Mechanik, geschnitzte Ornamente und eine Stimmung in modifizierter mittelt\u00f6niger Temperierung verleihen der Orgel sowohl visuelle als auch musikalische Authentizit\u00e4t. ","buttons_on":"yes","url_text":"Gehe zu Instrumenten","url":1032},{"big_image":"no","image":965,"image_align":"left","toc_title":"Kirchdorf","title":"Kirchdorf","text":"Inspiriert von der s\u00fcddeutschen Orgeltradition des 17. Jahrhunderts und gebaut f\u00fcr kraftvollen Gemeindegesang. Mit 563 Pfeifen, barocken Mensuren und Kellners Temperatur ist dies ein Instrument mit starker Charakteristik und historischer Verankerung. ","buttons_on":"yes","url_text":"Gehe zu Instrumenten","url":1047},{"big_image":"no","image":973,"image_align":"left","toc_title":"Sch\u00e4rding","title":"Sch\u00e4rding","text":"Gebaut f\u00fcr den Gottesdienst und Barockmusik in einem Klosterumfeld, gewidmet dem Sohn der Stadt, Rupert Ignaz Mayr. Mit 23 Stimmen, einem reich verzierten Orgelgeh\u00e4use und einer Stimmung in 415 Hz mittelt\u00f6niger Temperatur vereint das Instrument Pracht und historischen Klang. ","buttons_on":"yes","url_text":"Gehe zu Instrumenten","url":1066},{"big_image":"no","image":972,"image_align":"left","toc_title":"Glumsl\u00f6v","title":"Glumsl\u00f6v","text":"Eine elegante Orgel im kleineren Ma\u00dfstab mit lokaler Verankerung und handgefertigten Details. Mit 20 Stimmen, individuell gestalteten Holzfl\u00f6ten und einem Luftsystem mit Seilzug ist die Orgel sowohl praktisch als auch poetisch in ihrem Ausdruck. ","buttons_on":"yes","url_text":"Gehe zu Instrumenten","url":1085},{"big_image":"no","image":971,"image_align":"left","toc_title":"\u00d6sthammar","title":"\u00d6sthammar","text":"Die Chorgorgel der Gemeinde kombiniert schlanke Form mit kraftvoller Funktion. Mit 18 Stimmen, inspiriert von Orgeln des 18. Jahrhunderts und einer flexiblen Klangpalette, eignet sie sich sowohl f\u00fcr Chorbegleitung als auch f\u00fcr Solospiel. ","buttons_on":"yes","url_text":"Gehe zu Instrumenten","url":1103},{"big_image":"no","image":970,"image_align":"left","toc_title":"\u00dcbungsorgeln","title":"\u00dcbungsorgeln","text":"Wir bauen \u00dcbungsorgeln sowohl f\u00fcr den p\u00e4dagogischen Gebrauch als auch f\u00fcr individuelles \u00dcben. Diese Instrumente k\u00f6nnen je nach Bedarf angepasst werden, von einfachen Manualorgeln bis hin zu fortschrittlicheren L\u00f6sungen mit Pedal und mehreren Stimmen. ","buttons_on":"yes","url_text":"Gehe zu Instrumenten","url":1116},{"big_image":"no","image":969,"image_align":"left","toc_title":"Do-orglar","title":"Do-orglar","text":"Die Orgelkids-Orgel, oder \"Do-Orgel\", ist eine baubare Pfeifenorgel im Miniaturformat, die Kinder mit Hilfe eines Instruktors selbst zusammenbauen. Nachdem sie fertiggestellt ist, kann man genauso wie bei einer echten Orgel auf ihr spielen. Nelsons Orgelbau war der erste in Schweden, der diese p\u00e4dagogischen Orgeln herstellte, die den Kindern einen praktischen Einblick in die Funktionsweise eines Pfeifenorgelwerks bieten.  ","buttons_on":"yes","url_text":"Gehe zu Instrumenten","url":1119}],"clear_top_padding":"yes","clear_bottom_padding":"yes","enable_background_color":"no"}]},"yoast_head":"<!-- This site is optimized with the Yoast SEO plugin v27.5 - https:\/\/yoast.com\/product\/yoast-seo-wordpress\/ -->\n<title>Unsere Instrumente | Karl Nelson Orgelbyggeri AB<\/title>\n<meta name=\"description\" content=\"Entdecken Sie unsere einzigartigen Orgeln - von Barock bis Romantik. Handwerkskunst, moderne Technologie und lokale Wurzeln in jedem Instrument.\" \/>\n<meta name=\"robots\" content=\"index, follow, max-snippet:-1, max-image-preview:large, max-video-preview:-1\" \/>\n<link rel=\"canonical\" href=\"https:\/\/www.nelsonorgel.se\/de\/unsere-instrumente\/\" \/>\n<meta property=\"og:locale\" content=\"de_DE\" \/>\n<meta property=\"og:type\" content=\"article\" \/>\n<meta property=\"og:title\" content=\"Unsere Instrumente | Karl Nelson Orgelbyggeri AB\" \/>\n<meta property=\"og:description\" content=\"Entdecken Sie unsere einzigartigen Orgeln - von Barock bis Romantik. Handwerkskunst, moderne Technologie und lokale Wurzeln in jedem Instrument.\" \/>\n<meta property=\"og:url\" content=\"https:\/\/www.nelsonorgel.se\/de\/unsere-instrumente\/\" \/>\n<meta property=\"og:site_name\" content=\"Karl Nelson Orgelbyggeri AB\" \/>\n<meta property=\"article:modified_time\" content=\"2025-06-16T14:27:42+00:00\" \/>\n<meta name=\"twitter:card\" content=\"summary_large_image\" \/>\n<script type=\"application\/ld+json\" class=\"yoast-schema-graph\">{\"@context\":\"https:\\\/\\\/schema.org\",\"@graph\":[{\"@type\":\"WebPage\",\"@id\":\"https:\\\/\\\/www.nelsonorgel.se\\\/de\\\/unsere-instrumente\\\/\",\"url\":\"https:\\\/\\\/www.nelsonorgel.se\\\/de\\\/unsere-instrumente\\\/\",\"name\":\"Unsere Instrumente | Karl Nelson Orgelbyggeri AB\",\"isPartOf\":{\"@id\":\"https:\\\/\\\/www.nelsonorgel.se\\\/de\\\/#website\"},\"datePublished\":\"2025-04-10T18:56:00+00:00\",\"dateModified\":\"2025-06-16T14:27:42+00:00\",\"description\":\"Entdecken Sie unsere einzigartigen Orgeln - von Barock bis Romantik. Handwerkskunst, moderne Technologie und lokale Wurzeln in jedem Instrument.\",\"breadcrumb\":{\"@id\":\"https:\\\/\\\/www.nelsonorgel.se\\\/de\\\/unsere-instrumente\\\/#breadcrumb\"},\"inLanguage\":\"de\",\"potentialAction\":[{\"@type\":\"ReadAction\",\"target\":[\"https:\\\/\\\/www.nelsonorgel.se\\\/de\\\/unsere-instrumente\\\/\"]}]},{\"@type\":\"BreadcrumbList\",\"@id\":\"https:\\\/\\\/www.nelsonorgel.se\\\/de\\\/unsere-instrumente\\\/#breadcrumb\",\"itemListElement\":[{\"@type\":\"ListItem\",\"position\":1,\"name\":\"Home\",\"item\":\"https:\\\/\\\/www.nelsonorgel.se\\\/de\\\/\"},{\"@type\":\"ListItem\",\"position\":2,\"name\":\"Unsere Instrumente\"}]},{\"@type\":\"WebSite\",\"@id\":\"https:\\\/\\\/www.nelsonorgel.se\\\/de\\\/#website\",\"url\":\"https:\\\/\\\/www.nelsonorgel.se\\\/de\\\/\",\"name\":\"Karl Nelson Orgelbyggeri AB\",\"description\":\"\",\"potentialAction\":[{\"@type\":\"SearchAction\",\"target\":{\"@type\":\"EntryPoint\",\"urlTemplate\":\"https:\\\/\\\/www.nelsonorgel.se\\\/de\\\/?s={search_term_string}\"},\"query-input\":{\"@type\":\"PropertyValueSpecification\",\"valueRequired\":true,\"valueName\":\"search_term_string\"}}],\"inLanguage\":\"de\"}]}<\/script>\n<!-- \/ Yoast SEO plugin. -->","yoast_head_json":{"title":"Unsere Instrumente | Karl Nelson Orgelbyggeri AB","description":"Entdecken Sie unsere einzigartigen Orgeln - von Barock bis Romantik. Handwerkskunst, moderne Technologie und lokale Wurzeln in jedem Instrument.","robots":{"index":"index","follow":"follow","max-snippet":"max-snippet:-1","max-image-preview":"max-image-preview:large","max-video-preview":"max-video-preview:-1"},"canonical":"https:\/\/www.nelsonorgel.se\/de\/unsere-instrumente\/","og_locale":"de_DE","og_type":"article","og_title":"Unsere Instrumente | Karl Nelson Orgelbyggeri AB","og_description":"Entdecken Sie unsere einzigartigen Orgeln - von Barock bis Romantik. Handwerkskunst, moderne Technologie und lokale Wurzeln in jedem Instrument.","og_url":"https:\/\/www.nelsonorgel.se\/de\/unsere-instrumente\/","og_site_name":"Karl Nelson Orgelbyggeri AB","article_modified_time":"2025-06-16T14:27:42+00:00","twitter_card":"summary_large_image","schema":{"@context":"https:\/\/schema.org","@graph":[{"@type":"WebPage","@id":"https:\/\/www.nelsonorgel.se\/de\/unsere-instrumente\/","url":"https:\/\/www.nelsonorgel.se\/de\/unsere-instrumente\/","name":"Unsere Instrumente | Karl Nelson Orgelbyggeri AB","isPartOf":{"@id":"https:\/\/www.nelsonorgel.se\/de\/#website"},"datePublished":"2025-04-10T18:56:00+00:00","dateModified":"2025-06-16T14:27:42+00:00","description":"Entdecken Sie unsere einzigartigen Orgeln - von Barock bis Romantik. Handwerkskunst, moderne Technologie und lokale Wurzeln in jedem Instrument.","breadcrumb":{"@id":"https:\/\/www.nelsonorgel.se\/de\/unsere-instrumente\/#breadcrumb"},"inLanguage":"de","potentialAction":[{"@type":"ReadAction","target":["https:\/\/www.nelsonorgel.se\/de\/unsere-instrumente\/"]}]},{"@type":"BreadcrumbList","@id":"https:\/\/www.nelsonorgel.se\/de\/unsere-instrumente\/#breadcrumb","itemListElement":[{"@type":"ListItem","position":1,"name":"Home","item":"https:\/\/www.nelsonorgel.se\/de\/"},{"@type":"ListItem","position":2,"name":"Unsere Instrumente"}]},{"@type":"WebSite","@id":"https:\/\/www.nelsonorgel.se\/de\/#website","url":"https:\/\/www.nelsonorgel.se\/de\/","name":"Karl Nelson Orgelbyggeri AB","description":"","potentialAction":[{"@type":"SearchAction","target":{"@type":"EntryPoint","urlTemplate":"https:\/\/www.nelsonorgel.se\/de\/?s={search_term_string}"},"query-input":{"@type":"PropertyValueSpecification","valueRequired":true,"valueName":"search_term_string"}}],"inLanguage":"de"}]}},"_links":{"self":[{"href":"https:\/\/www.nelsonorgel.se\/de\/wp-json\/wp\/v2\/pages\/963","targetHints":{"allow":["GET"]}}],"collection":[{"href":"https:\/\/www.nelsonorgel.se\/de\/wp-json\/wp\/v2\/pages"}],"about":[{"href":"https:\/\/www.nelsonorgel.se\/de\/wp-json\/wp\/v2\/types\/page"}],"author":[{"embeddable":true,"href":"https:\/\/www.nelsonorgel.se\/de\/wp-json\/wp\/v2\/users\/1"}],"replies":[{"embeddable":true,"href":"https:\/\/www.nelsonorgel.se\/de\/wp-json\/wp\/v2\/comments?post=963"}],"version-history":[{"count":1,"href":"https:\/\/www.nelsonorgel.se\/de\/wp-json\/wp\/v2\/pages\/963\/revisions"}],"predecessor-version":[{"id":1171,"href":"https:\/\/www.nelsonorgel.se\/de\/wp-json\/wp\/v2\/pages\/963\/revisions\/1171"}],"wp:attachment":[{"href":"https:\/\/www.nelsonorgel.se\/de\/wp-json\/wp\/v2\/media?parent=963"}],"curies":[{"name":"wp","href":"https:\/\/api.w.org\/{rel}","templated":true}]}}